{"id":1005,"date":"2021-04-04T08:55:35","date_gmt":"2021-04-04T08:55:35","guid":{"rendered":"http:\/\/poliklinikacz.cz\/?page_id=1005"},"modified":"2026-01-21T11:34:00","modified_gmt":"2026-01-21T10:34:00","slug":"ambulantni-zarizeni-seifertova","status":"publish","type":"page","link":"https:\/\/poliklinikacz.cz\/zdravotnicka-zarizeni\/ambulantni-zarizeni-seifertova\/","title":{"rendered":"Ambulantn\u00ed za\u0159\u00edzen\u00ed Seifertova"},"content":{"rendered":"\t\t<div data-elementor-type=\"wp-page\" data-elementor-id=\"1005\" class=\"elementor elementor-1005\" data-elementor-post-type=\"page\">\n\t\t\t\t\t\t<section class=\"elementor-section elementor-top-section elementor-element elementor-element-4b70b9ad elementor-section-boxed elementor-section-height-default elementor-section-height-default\" data-id=\"4b70b9ad\" data-element_type=\"section\">\n\t\t\t\t\t\t<div class=\"elementor-container elementor-column-gap-default\">\n\t\t\t\t\t<div class=\"elementor-column elementor-col-66 elementor-top-column elementor-element elementor-element-44adc1b9\" data-id=\"44adc1b9\" data-element_type=\"column\">\n\t\t\t<div class=\"elementor-widget-wrap elementor-element-populated\">\n\t\t\t\t\t\t<div class=\"elementor-element elementor-element-4e489c8c elementor-widget elementor-widget-heading\" data-id=\"4e489c8c\" data-element_type=\"widget\" data-widget_type=\"heading.default\">\n\t\t\t\t<div class=\"elementor-widget-container\">\n\t\t\t\t\t<h3 class=\"elementor-heading-title elementor-size-default\">Ambulantn\u00ed za\u0159\u00edzen\u00ed Seifertova<\/h3>\t\t\t\t<\/div>\n\t\t\t\t<\/div>\n\t\t\t\t<div class=\"elementor-element elementor-element-417eb08d elementor-widget elementor-widget-text-editor\" data-id=\"417eb08d\" data-element_type=\"widget\" data-widget_type=\"text-editor.default\">\n\t\t\t\t<div class=\"elementor-widget-container\">\n\t\t\t\t\t\t\t\t\t<p style=\"text-align: center;\">V nov\u011b zrekonstruovan\u00fdch prostor\u00e1ch poskytujeme p\u00e9\u010di v oboru diabetologie, kardiologie a vnit\u0159n\u00edho l\u00e9ka\u0159stv\u00ed.<\/p>\t\t\t\t\t\t\t\t<\/div>\n\t\t\t\t<\/div>\n\t\t\t\t<div class=\"elementor-element elementor-element-a6036d8 elementor-widget-divider--view-line elementor-widget elementor-widget-divider\" data-id=\"a6036d8\" data-element_type=\"widget\" data-widget_type=\"divider.default\">\n\t\t\t\t<div class=\"elementor-widget-container\">\n\t\t\t\t\t\t\t<div class=\"elementor-divider\">\n\t\t\t<span class=\"elementor-divider-separator\">\n\t\t\t\t\t\t<\/span>\n\t\t<\/div>\n\t\t\t\t\t\t<\/div>\n\t\t\t\t<\/div>\n\t\t\t\t<div class=\"elementor-element elementor-element-16e00cf7 elementor-widget elementor-widget-heading\" data-id=\"16e00cf7\" data-element_type=\"widget\" data-widget_type=\"heading.default\">\n\t\t\t\t<div class=\"elementor-widget-container\">\n\t\t\t\t\t<h3 class=\"elementor-heading-title elementor-size-default\">Kde n\u00e1s najdete<\/h3>\t\t\t\t<\/div>\n\t\t\t\t<\/div>\n\t\t\t\t<section class=\"elementor-section elementor-inner-section elementor-element elementor-element-189d578f elementor-section-boxed elementor-section-height-default elementor-section-height-default\" data-id=\"189d578f\" data-element_type=\"section\">\n\t\t\t\t\t\t<div class=\"elementor-container elementor-column-gap-default\">\n\t\t\t\t\t<div class=\"elementor-column elementor-col-50 elementor-inner-column elementor-element elementor-element-1096e943\" data-id=\"1096e943\" data-element_type=\"column\">\n\t\t\t<div class=\"elementor-widget-wrap elementor-element-populated\">\n\t\t\t\t\t\t<div class=\"elementor-element elementor-element-4ccd4993 elementor-view-default elementor-widget elementor-widget-icon\" data-id=\"4ccd4993\" data-element_type=\"widget\" data-widget_type=\"icon.default\">\n\t\t\t\t<div class=\"elementor-widget-container\">\n\t\t\t\t\t\t\t<div class=\"elementor-icon-wrapper\">\n\t\t\t<div class=\"elementor-icon\">\n\t\t\t<i aria-hidden=\"true\" class=\"fas fa-home\"><\/i>\t\t\t<\/div>\n\t\t<\/div>\n\t\t\t\t\t\t<\/div>\n\t\t\t\t<\/div>\n\t\t\t\t<div class=\"elementor-element elementor-element-6b6dc8af elementor-widget elementor-widget-text-editor\" data-id=\"6b6dc8af\" data-element_type=\"widget\" data-widget_type=\"text-editor.default\">\n\t\t\t\t<div class=\"elementor-widget-container\">\n\t\t\t\t\t\t\t\t\t<p><strong>Ambulantn\u00ed za\u0159\u00edzen\u00ed Seifertova<\/strong><br \/>Seifertova 612\/89<br \/>130 00 Praha 3<\/p><p>Spojen\u00ed MHD:<br \/>Tramvaj &#8211; stanice Lipansk\u00e1 \u2013 linky 5, 9, 15, 26<\/p>\t\t\t\t\t\t\t\t<\/div>\n\t\t\t\t<\/div>\n\t\t\t\t\t<\/div>\n\t\t<\/div>\n\t\t\t\t<div class=\"elementor-column elementor-col-50 elementor-inner-column elementor-element elementor-element-c72374d\" data-id=\"c72374d\" data-element_type=\"column\">\n\t\t\t<div class=\"elementor-widget-wrap elementor-element-populated\">\n\t\t\t\t\t\t<div class=\"elementor-element elementor-element-a84605c elementor-view-default elementor-widget elementor-widget-icon\" data-id=\"a84605c\" data-element_type=\"widget\" data-widget_type=\"icon.default\">\n\t\t\t\t<div class=\"elementor-widget-container\">\n\t\t\t\t\t\t\t<div class=\"elementor-icon-wrapper\">\n\t\t\t<div class=\"elementor-icon\">\n\t\t\t<i aria-hidden=\"true\" class=\"fas fa-phone-alt\"><\/i>\t\t\t<\/div>\n\t\t<\/div>\n\t\t\t\t\t\t<\/div>\n\t\t\t\t<\/div>\n\t\t\t\t<div class=\"elementor-element elementor-element-a909478 elementor-widget elementor-widget-text-editor\" data-id=\"a909478\" data-element_type=\"widget\" data-widget_type=\"text-editor.default\">\n\t\t\t\t<div class=\"elementor-widget-container\">\n\t\t\t\t\t\t\t\t\t<p>Tel.: 284 861 828<br \/>Mobil: 778 484 849<\/p><p>Email:<a href=\"mailto:zizkov@poliklinikapraha.cz\"> zizkov@poliklinikapraha.cz<\/a><\/p>\t\t\t\t\t\t\t\t<\/div>\n\t\t\t\t<\/div>\n\t\t\t\t\t<\/div>\n\t\t<\/div>\n\t\t\t\t\t<\/div>\n\t\t<\/section>\n\t\t\t\t<div class=\"elementor-element elementor-element-39874382 elementor-widget elementor-widget-google_maps\" data-id=\"39874382\" data-element_type=\"widget\" data-widget_type=\"google_maps.default\">\n\t\t\t\t<div class=\"elementor-widget-container\">\n\t\t\t\t\t\t\t<div class=\"elementor-custom-embed\">\n\t\t\t<iframe loading=\"lazy\"\n\t\t\t\t\tsrc=\"https:\/\/maps.google.com\/maps?q=Seifertova%20612%2F89%20130%2000%20Praha%203&#038;t=m&#038;z=15&#038;output=embed&#038;iwloc=near\"\n\t\t\t\t\ttitle=\"Seifertova 612\/89 130 00 Praha 3\"\n\t\t\t\t\taria-label=\"Seifertova 612\/89 130 00 Praha 3\"\n\t\t\t><\/iframe>\n\t\t<\/div>\n\t\t\t\t\t\t<\/div>\n\t\t\t\t<\/div>\n\t\t\t\t<div class=\"elementor-element elementor-element-74d5066a elementor-arrows-position-inside elementor-widget elementor-widget-image-carousel\" data-id=\"74d5066a\" data-element_type=\"widget\" data-settings=\"{&quot;navigation&quot;:&quot;arrows&quot;,&quot;autoplay_speed&quot;:4000,&quot;autoplay&quot;:&quot;yes&quot;,&quot;pause_on_hover&quot;:&quot;yes&quot;,&quot;pause_on_interaction&quot;:&quot;yes&quot;,&quot;infinite&quot;:&quot;yes&quot;,&quot;speed&quot;:500}\" data-widget_type=\"image-carousel.default\">\n\t\t\t\t<div class=\"elementor-widget-container\">\n\t\t\t\t\t\t\t<div class=\"elementor-image-carousel-wrapper swiper\" role=\"region\" aria-roledescription=\"carousel\" aria-label=\"Obr\u00e1zkov\u00fd koloto\u010d\" dir=\"ltr\">\n\t\t\t<div class=\"elementor-image-carousel swiper-wrapper\" aria-live=\"off\">\n\t\t\t\t\t\t\t\t<div class=\"swiper-slide\" role=\"group\" aria-roledescription=\"slide\" aria-label=\"1 z 4\"><a data-elementor-open-lightbox=\"yes\" data-elementor-lightbox-slideshow=\"74d5066a\" data-elementor-lightbox-title=\"625c949f-f074-4d63-8f4c-cb4fe8975461\" data-e-action-hash=\"#elementor-action%3Aaction%3Dlightbox%26settings%3DeyJpZCI6MTMxNTgsInVybCI6Imh0dHBzOlwvXC9wb2xpa2xpbmlrYWN6LmN6XC93cC1jb250ZW50XC91cGxvYWRzXC8yMDI1XC8wOVwvNjI1Yzk0OWYtZjA3NC00ZDYzLThmNGMtY2I0ZmU4OTc1NDYxLmpwZyIsInNsaWRlc2hvdyI6Ijc0ZDUwNjZhIn0%3D\" href=\"https:\/\/poliklinikacz.cz\/wp-content\/uploads\/2025\/09\/625c949f-f074-4d63-8f4c-cb4fe8975461.jpg\"><figure class=\"swiper-slide-inner\"><img decoding=\"async\" class=\"swiper-slide-image\" src=\"https:\/\/poliklinikacz.cz\/wp-content\/uploads\/2025\/09\/625c949f-f074-4d63-8f4c-cb4fe8975461-225x300.jpg\" alt=\"625c949f-f074-4d63-8f4c-cb4fe8975461\" \/><\/figure><\/a><\/div><div class=\"swiper-slide\" role=\"group\" aria-roledescription=\"slide\" aria-label=\"2 z 4\"><a data-elementor-open-lightbox=\"yes\" data-elementor-lightbox-slideshow=\"74d5066a\" data-elementor-lightbox-title=\"3d023665-c1d7-4e78-a807-0d1fc58b777d\" data-e-action-hash=\"#elementor-action%3Aaction%3Dlightbox%26settings%3DeyJpZCI6MTMxNjIsInVybCI6Imh0dHBzOlwvXC9wb2xpa2xpbmlrYWN6LmN6XC93cC1jb250ZW50XC91cGxvYWRzXC8yMDI1XC8wOVwvM2QwMjM2NjUtYzFkNy00ZTc4LWE4MDctMGQxZmM1OGI3NzdkLTEuanBnIiwic2xpZGVzaG93IjoiNzRkNTA2NmEifQ%3D%3D\" href=\"https:\/\/poliklinikacz.cz\/wp-content\/uploads\/2025\/09\/3d023665-c1d7-4e78-a807-0d1fc58b777d-1.jpg\"><figure class=\"swiper-slide-inner\"><img decoding=\"async\" class=\"swiper-slide-image\" src=\"https:\/\/poliklinikacz.cz\/wp-content\/uploads\/2025\/09\/3d023665-c1d7-4e78-a807-0d1fc58b777d-1-225x300.jpg\" alt=\"3d023665-c1d7-4e78-a807-0d1fc58b777d\" \/><\/figure><\/a><\/div><div class=\"swiper-slide\" role=\"group\" aria-roledescription=\"slide\" aria-label=\"3 z 4\"><a data-elementor-open-lightbox=\"yes\" data-elementor-lightbox-slideshow=\"74d5066a\" data-elementor-lightbox-title=\"2215dc94-66f1-4d36-8405-ac70314d38aa\" data-e-action-hash=\"#elementor-action%3Aaction%3Dlightbox%26settings%3DeyJpZCI6MTMxNjMsInVybCI6Imh0dHBzOlwvXC9wb2xpa2xpbmlrYWN6LmN6XC93cC1jb250ZW50XC91cGxvYWRzXC8yMDI1XC8wOVwvMjIxNWRjOTQtNjZmMS00ZDM2LTg0MDUtYWM3MDMxNGQzOGFhLmpwZyIsInNsaWRlc2hvdyI6Ijc0ZDUwNjZhIn0%3D\" href=\"https:\/\/poliklinikacz.cz\/wp-content\/uploads\/2025\/09\/2215dc94-66f1-4d36-8405-ac70314d38aa.jpg\"><figure class=\"swiper-slide-inner\"><img decoding=\"async\" class=\"swiper-slide-image\" src=\"https:\/\/poliklinikacz.cz\/wp-content\/uploads\/2025\/09\/2215dc94-66f1-4d36-8405-ac70314d38aa-225x300.jpg\" alt=\"2215dc94-66f1-4d36-8405-ac70314d38aa\" \/><\/figure><\/a><\/div><div class=\"swiper-slide\" role=\"group\" aria-roledescription=\"slide\" aria-label=\"4 z 4\"><a data-elementor-open-lightbox=\"yes\" data-elementor-lightbox-slideshow=\"74d5066a\" data-elementor-lightbox-title=\"f388ff78-6742-4ef0-ba34-2ec78653c21d\" data-e-action-hash=\"#elementor-action%3Aaction%3Dlightbox%26settings%3DeyJpZCI6MTMxNjQsInVybCI6Imh0dHBzOlwvXC9wb2xpa2xpbmlrYWN6LmN6XC93cC1jb250ZW50XC91cGxvYWRzXC8yMDI1XC8wOVwvZjM4OGZmNzgtNjc0Mi00ZWYwLWJhMzQtMmVjNzg2NTNjMjFkLmpwZyIsInNsaWRlc2hvdyI6Ijc0ZDUwNjZhIn0%3D\" href=\"https:\/\/poliklinikacz.cz\/wp-content\/uploads\/2025\/09\/f388ff78-6742-4ef0-ba34-2ec78653c21d.jpg\"><figure class=\"swiper-slide-inner\"><img decoding=\"async\" class=\"swiper-slide-image\" src=\"https:\/\/poliklinikacz.cz\/wp-content\/uploads\/2025\/09\/f388ff78-6742-4ef0-ba34-2ec78653c21d-225x300.jpg\" alt=\"f388ff78-6742-4ef0-ba34-2ec78653c21d\" \/><\/figure><\/a><\/div>\t\t\t<\/div>\n\t\t\t\t\t\t\t\t\t\t\t\t<div class=\"elementor-swiper-button elementor-swiper-button-prev\" role=\"button\" tabindex=\"0\">\n\t\t\t\t\t\t<i aria-hidden=\"true\" class=\"eicon-chevron-left\"><\/i>\t\t\t\t\t<\/div>\n\t\t\t\t\t<div class=\"elementor-swiper-button elementor-swiper-button-next\" role=\"button\" tabindex=\"0\">\n\t\t\t\t\t\t<i aria-hidden=\"true\" class=\"eicon-chevron-right\"><\/i>\t\t\t\t\t<\/div>\n\t\t\t\t\n\t\t\t\t\t\t\t\t\t<\/div>\n\t\t\t\t\t\t<\/div>\n\t\t\t\t<\/div>\n\t\t\t\t\t<\/div>\n\t\t<\/div>\n\t\t\t\t<div class=\"elementor-column elementor-col-33 elementor-top-column elementor-element elementor-element-6baf6760 top_list\" data-id=\"6baf6760\" data-element_type=\"column\">\n\t\t\t<div class=\"elementor-widget-wrap elementor-element-populated\">\n\t\t\t\t\t\t<div class=\"elementor-element elementor-element-76fe075f elementor-widget elementor-widget-html\" data-id=\"76fe075f\" data-element_type=\"widget\" data-widget_type=\"html.default\">\n\t\t\t\t<div class=\"elementor-widget-container\">\n\t\t\t\t\t<ul>\r\n \t<a href=\"\/diabetologicka-interni-ambulance-seifertova\">\r\n \t    <li>Diabetologick\u00e1 a intern\u00ed ambulance\r\n \t    <\/li>\r\n \t<\/a>\r\n \t<a href=\"\/kardiologicka-a-interni-ambulance-seifertova\/\">\r\n \t    <li>Kardiologick\u00e1 a intern\u00ed ambulabnce\r\n \t    <\/li>\r\n \t<\/a>\r\n \t \t<a href=\"lekarna-dr-max-praha-3\">\r\n \t    <li>L\u00e9k\u00e1rna Dr.Max\r\n \t    <\/li>\r\n \t<\/a>\r\n \t<a href=\"\/odberova-mistnost-citylab-seifertova\">\r\n \t    <li>Odb\u011brov\u00e1 m\u00edstnost CityLab\r\n \t    <\/li>\r\n \t<\/a>\r\n<\/ul>\r\n\t\t\t\t<\/div>\n\t\t\t\t<\/div>\n\t\t\t\t\t<\/div>\n\t\t<\/div>\n\t\t\t\t\t<\/div>\n\t\t<\/section>\n\t\t\t\t<\/div>\n\t\t","protected":false},"excerpt":{"rendered":"<p>Ambulantn\u00ed za\u0159\u00edzen\u00ed Seifertova V nov\u011b zrekonstruovan\u00fdch prostor\u00e1ch poskytujeme p\u00e9\u010di v oboru diabetologie, kardiologie a vnit\u0159n\u00edho l\u00e9ka\u0159stv\u00ed. Kde n\u00e1s najdete Ambulantn\u00ed za\u0159\u00edzen\u00ed SeifertovaSeifertova [&hellip;]<\/p>\n","protected":false},"author":1,"featured_media":0,"parent":0,"menu_order":0,"comment_status":"closed","ping_status":"closed","template":"elementor_header_footer","meta":{"footnotes":""},"class_list":["post-1005","page","type-page","status-publish","hentry"],"_links":{"self":[{"href":"https:\/\/poliklinikacz.cz\/zdravotnicka-zarizeni\/wp-json\/wp\/v2\/pages\/1005","targetHints":{"allow":["GET"]}}],"collection":[{"href":"https:\/\/poliklinikacz.cz\/zdravotnicka-zarizeni\/wp-json\/wp\/v2\/pages"}],"about":[{"href":"https:\/\/poliklinikacz.cz\/zdravotnicka-zarizeni\/wp-json\/wp\/v2\/types\/page"}],"author":[{"embeddable":true,"href":"https:\/\/poliklinikacz.cz\/zdravotnicka-zarizeni\/wp-json\/wp\/v2\/users\/1"}],"replies":[{"embeddable":true,"href":"https:\/\/poliklinikacz.cz\/zdravotnicka-zarizeni\/wp-json\/wp\/v2\/comments?post=1005"}],"version-history":[{"count":64,"href":"https:\/\/poliklinikacz.cz\/zdravotnicka-zarizeni\/wp-json\/wp\/v2\/pages\/1005\/revisions"}],"predecessor-version":[{"id":14004,"href":"https:\/\/poliklinikacz.cz\/zdravotnicka-zarizeni\/wp-json\/wp\/v2\/pages\/1005\/revisions\/14004"}],"wp:attachment":[{"href":"https:\/\/poliklinikacz.cz\/zdravotnicka-zarizeni\/wp-json\/wp\/v2\/media?parent=1005"}],"curies":[{"name":"wp","href":"https:\/\/api.w.org\/{rel}","templated":true}]}}