{"id":10572,"date":"2025-03-10T13:23:13","date_gmt":"2025-03-10T12:23:13","guid":{"rendered":"https:\/\/poliklinikacz.cz\/zdravotnicka-zarizeni\/?page_id=10572"},"modified":"2025-11-27T10:49:45","modified_gmt":"2025-11-27T09:49:45","slug":"kardiologie-kraluv-dvur","status":"publish","type":"page","link":"https:\/\/poliklinikacz.cz\/zdravotnicka-zarizeni\/kardiologie-kraluv-dvur\/","title":{"rendered":"Kardiologie Kr\u00e1l\u016fv Dv\u016fr"},"content":{"rendered":"\t\t<div data-elementor-type=\"wp-page\" data-elementor-id=\"10572\" class=\"elementor elementor-10572\" data-elementor-post-type=\"page\">\n\t\t\t\t\t\t<section class=\"elementor-section elementor-top-section elementor-element elementor-element-7a4bec3f elementor-section-stretched elementor-section-boxed elementor-section-height-default elementor-section-height-default\" data-id=\"7a4bec3f\" data-element_type=\"section\" data-settings=\"{&quot;stretch_section&quot;:&quot;section-stretched&quot;}\">\n\t\t\t\t\t\t<div class=\"elementor-container elementor-column-gap-default\">\n\t\t\t\t\t<div class=\"elementor-column elementor-col-100 elementor-top-column elementor-element elementor-element-4fd5e31b\" data-id=\"4fd5e31b\" data-element_type=\"column\">\n\t\t\t<div class=\"elementor-widget-wrap elementor-element-populated\">\n\t\t\t\t\t\t<div class=\"elementor-element elementor-element-440781e0 elementor-widget elementor-widget-heading\" data-id=\"440781e0\" data-element_type=\"widget\" data-widget_type=\"heading.default\">\n\t\t\t\t<div class=\"elementor-widget-container\">\n\t\t\t\t\t<h2 class=\"elementor-heading-title elementor-size-default\">Kardiologick\u00e1 a intern\u00ed ambulance<br> Kr\u00e1l\u016fv Dv\u016fr<\/h2>\t\t\t\t<\/div>\n\t\t\t\t<\/div>\n\t\t\t\t<div class=\"elementor-element elementor-element-d853f00 elementor-widget elementor-widget-text-editor\" data-id=\"d853f00\" data-element_type=\"widget\" data-widget_type=\"text-editor.default\">\n\t\t\t\t<div class=\"elementor-widget-container\">\n\t\t\t\t\t\t\t\t\t<h4 style=\"text-align: center;\"><span style=\"color: #000080;\">Ke dni 20.11.2025 byla kardiologick\u00e1 ambulance uzav\u0159ena<\/span><\/h4><h4 class=\"MsoNormal\" style=\"text-align: center;\"><span style=\"color: #000080;\">Pro v\u00fdpis z\u00a0dokumentace n\u00e1s m\u016f\u017eete kontaktovat na mail: kardiologie.KD@poliklinikapraha.cz<\/span><\/h4>\t\t\t\t\t\t\t\t<\/div>\n\t\t\t\t<\/div>\n\t\t\t\t\t<\/div>\n\t\t<\/div>\n\t\t\t\t\t<\/div>\n\t\t<\/section>\n\t\t\t\t<section class=\"elementor-section elementor-top-section elementor-element elementor-element-28135a34 elementor-section-boxed elementor-section-height-default elementor-section-height-default\" data-id=\"28135a34\" data-element_type=\"section\">\n\t\t\t\t\t\t<div class=\"elementor-container elementor-column-gap-default\">\n\t\t\t\t\t<div class=\"elementor-column elementor-col-100 elementor-top-column elementor-element elementor-element-6f943aea\" data-id=\"6f943aea\" data-element_type=\"column\">\n\t\t\t<div class=\"elementor-widget-wrap elementor-element-populated\">\n\t\t\t\t\t\t<section class=\"elementor-section elementor-inner-section elementor-element elementor-element-3499ece2 elementor-section-boxed elementor-section-height-default elementor-section-height-default\" data-id=\"3499ece2\" data-element_type=\"section\">\n\t\t\t\t\t\t<div class=\"elementor-container elementor-column-gap-default\">\n\t\t\t\t\t<div class=\"elementor-column elementor-col-50 elementor-inner-column elementor-element elementor-element-2e28ad34\" data-id=\"2e28ad34\" data-element_type=\"column\">\n\t\t\t<div class=\"elementor-widget-wrap elementor-element-populated\">\n\t\t\t\t\t\t<div class=\"elementor-element elementor-element-23894bb4 elementor-widget elementor-widget-heading\" data-id=\"23894bb4\" data-element_type=\"widget\" data-widget_type=\"heading.default\">\n\t\t\t\t<div class=\"elementor-widget-container\">\n\t\t\t\t\t<h3 class=\"elementor-heading-title elementor-size-default\">Kde n\u00e1s najdete<\/h3>\t\t\t\t<\/div>\n\t\t\t\t<\/div>\n\t\t\t\t<div class=\"elementor-element elementor-element-590492ca elementor-view-default elementor-widget elementor-widget-icon\" data-id=\"590492ca\" data-element_type=\"widget\" data-widget_type=\"icon.default\">\n\t\t\t\t<div class=\"elementor-widget-container\">\n\t\t\t\t\t\t\t<div class=\"elementor-icon-wrapper\">\n\t\t\t<div class=\"elementor-icon\">\n\t\t\t<i aria-hidden=\"true\" class=\"fas fa-home\"><\/i>\t\t\t<\/div>\n\t\t<\/div>\n\t\t\t\t\t\t<\/div>\n\t\t\t\t<\/div>\n\t\t\t\t<div class=\"elementor-element elementor-element-29246cd elementor-widget elementor-widget-text-editor\" data-id=\"29246cd\" data-element_type=\"widget\" data-widget_type=\"text-editor.default\">\n\t\t\t\t<div class=\"elementor-widget-container\">\n\t\t\t\t\t\t\t\t\t<p><span style=\"font-weight: 600;\">Poliklinika Kr\u00e1l\u016fv Dv\u016fr<\/span><br \/>Pr\u016fmyslov\u00e1 614<br \/>267 01 Kr\u00e1l\u016fv Dv\u016fr<\/p><p>Kardiologie je um\u00edst\u011bna <strong>v 2. pat\u0159e<\/strong><\/p>\t\t\t\t\t\t\t\t<\/div>\n\t\t\t\t<\/div>\n\t\t\t\t<div class=\"elementor-element elementor-element-c5e4c55 elementor-widget elementor-widget-heading\" data-id=\"c5e4c55\" data-element_type=\"widget\" data-widget_type=\"heading.default\">\n\t\t\t\t<div class=\"elementor-widget-container\">\n\t\t\t\t\t<h3 class=\"elementor-heading-title elementor-size-default\">Kontakt<\/h3>\t\t\t\t<\/div>\n\t\t\t\t<\/div>\n\t\t\t\t<div class=\"elementor-element elementor-element-b5bebd3 elementor-align-center elementor-icon-list--layout-traditional elementor-list-item-link-full_width elementor-widget elementor-widget-icon-list\" data-id=\"b5bebd3\" data-element_type=\"widget\" data-widget_type=\"icon-list.default\">\n\t\t\t\t<div class=\"elementor-widget-container\">\n\t\t\t\t\t\t\t<ul class=\"elementor-icon-list-items\">\n\t\t\t\t\t\t\t<li class=\"elementor-icon-list-item\">\n\t\t\t\t\t\t\t\t\t\t\t<span class=\"elementor-icon-list-icon\">\n\t\t\t\t\t\t\t<i aria-hidden=\"true\" class=\"fas fa-phone-alt\"><\/i>\t\t\t\t\t\t<\/span>\n\t\t\t\t\t\t\t\t\t\t<span class=\"elementor-icon-list-text\">602 125 976<\/span>\n\t\t\t\t\t\t\t\t\t<\/li>\n\t\t\t\t\t\t\t\t<li class=\"elementor-icon-list-item\">\n\t\t\t\t\t\t\t\t\t\t\t<a href=\"http:\/\/kardiologie.KD@poliklinikapraha.cz\">\n\n\t\t\t\t\t\t\t\t\t\t\t\t<span class=\"elementor-icon-list-icon\">\n\t\t\t\t\t\t\t<i aria-hidden=\"true\" class=\"fas fa-envelope\"><\/i>\t\t\t\t\t\t<\/span>\n\t\t\t\t\t\t\t\t\t\t<span class=\"elementor-icon-list-text\">kardiologie.KD@poliklinikapraha.cz<\/span>\n\t\t\t\t\t\t\t\t\t\t\t<\/a>\n\t\t\t\t\t\t\t\t\t<\/li>\n\t\t\t\t\t\t<\/ul>\n\t\t\t\t\t\t<\/div>\n\t\t\t\t<\/div>\n\t\t\t\t\t<\/div>\n\t\t<\/div>\n\t\t\t\t<div class=\"elementor-column elementor-col-50 elementor-inner-column elementor-element elementor-element-52ba083d\" data-id=\"52ba083d\" data-element_type=\"column\">\n\t\t\t<div class=\"elementor-widget-wrap elementor-element-populated\">\n\t\t\t\t\t\t<div class=\"elementor-element elementor-element-a8e5232 elementor-widget elementor-widget-text-editor\" data-id=\"a8e5232\" data-element_type=\"widget\" data-widget_type=\"text-editor.default\">\n\t\t\t\t<div class=\"elementor-widget-container\">\n\t\t\t\t\t\t\t\t\t<h4 style=\"text-align: center;\"><span style=\"color: #00ccff;\">SESTRA BUDE V ORDINACI P\u0158\u00cdTOMNA N\u00c1SLEDUJ\u00cdC\u00cd DNY:<\/span><\/h4>\t\t\t\t\t\t\t\t<\/div>\n\t\t\t\t<\/div>\n\t\t\t\t<div class=\"elementor-element elementor-element-dacd31f elementor-widget__width-initial elementor-widget elementor-widget-text-editor\" data-id=\"dacd31f\" data-element_type=\"widget\" data-widget_type=\"text-editor.default\">\n\t\t\t\t<div class=\"elementor-widget-container\">\n\t\t\t\t\t\t\t\t\t<h5 style=\"text-align: center;\">2.12.2025\u00a0 \u00a0 \u00a0 11:00-14:00<\/h5><h5 style=\"text-align: center;\">4.12.2025\u00a0 \u00a0 \u00a0 10:00-14:00<\/h5><h5 style=\"text-align: center;\">10.12.2025\u00a0 \u00a0 \u00a08:00-11:00<\/h5><h5 style=\"text-align: center;\">11.12.2025\u00a0 \u00a0 10:00-14:00<\/h5><h5 style=\"text-align: center;\">15.12.2025\u00a0 \u00a0 \u00a08:00-11:00<\/h5>\t\t\t\t\t\t\t\t<\/div>\n\t\t\t\t<\/div>\n\t\t\t\t\t<\/div>\n\t\t<\/div>\n\t\t\t\t\t<\/div>\n\t\t<\/section>\n\t\t\t\t<section class=\"elementor-section elementor-inner-section elementor-element elementor-element-b542e1d elementor-section-boxed elementor-section-height-default elementor-section-height-default\" data-id=\"b542e1d\" data-element_type=\"section\">\n\t\t\t\t\t\t<div class=\"elementor-container elementor-column-gap-default\">\n\t\t\t\t\t<div class=\"elementor-column elementor-col-100 elementor-inner-column elementor-element elementor-element-8a418fe\" data-id=\"8a418fe\" data-element_type=\"column\">\n\t\t\t<div class=\"elementor-widget-wrap elementor-element-populated\">\n\t\t\t\t\t\t<div class=\"elementor-element elementor-element-9d41c3b elementor-widget elementor-widget-text-editor\" data-id=\"9d41c3b\" data-element_type=\"widget\" data-widget_type=\"text-editor.default\">\n\t\t\t\t<div class=\"elementor-widget-container\">\n\t\t\t\t\t\t\t\t\t<h5 style=\"text-align: center;\" data-start=\"93\" data-end=\"107\">Komunikujeme prim\u00e1rn\u011b p\u0159es Medevio<\/h5><p style=\"text-align: center;\" data-start=\"93\" data-end=\"107\">Preferujeme komunikaci a objedn\u00e1v\u00e1n\u00ed p\u0159es zabezpe\u010denou platformu <a href=\"https:\/\/my.medevio.cz\/psychiatrie-poliklinika-michnova\">Medevio<\/a>\u00a0a mobiln\u00ed aplikaci Medevio. Volejte pros\u00edm jen v nal\u00e9hav\u00fdch p\u0159\u00edpadech. Po\u017eadavky p\u0159es Medevio zpracov\u00e1v\u00e1me pr\u016fb\u011b\u017en\u011b b\u011bhem ordina\u010dn\u00ed doby.<\/p><p style=\"text-align: center;\"><a href=\"https:\/\/my.medevio.cz\/kardiologie-kraluv-dvur?ref=imgbanner\" target=\"_blank\" rel=\"noopener\"><img fetchpriority=\"high\" decoding=\"async\" style=\"max-width: 100%; height: auto;\" src=\"https:\/\/static.medevio.cz\/clinic-banners\/banner@2x.png\" alt=\"Pokra\u010dovat na Medevio\" width=\"421\" height=\"203\" \/><\/a><\/p><p style=\"text-align: center;\"><strong>Pomozte n\u00e1m pe\u010dovat o va\u0161e zdrav\u00ed a\u00a0nainstalujte si aplikaci Medevio do telefonu:<\/strong><\/p><p style=\"text-align: center;\"><a href=\"https:\/\/play.google.com\/store\/apps\/details?id=com.medevio.gateway\">Android na Google Play<\/a><br \/><a href=\"https:\/\/apps.apple.com\/cz\/app\/medevio\/id1514781228\">iOS na App Store<\/a><\/p><p style=\"text-align: center;\">D\u011bkujeme za pochopen\u00ed.<\/p><p class=\"\" style=\"text-align: center;\" data-start=\"318\" data-end=\"381\">S pozdravem,<br data-start=\"330\" data-end=\"333\" \/><strong data-start=\"333\" data-end=\"381\">Kardiologie \u2013 Poliklinika Zdrav\u00ed Kr\u00e1l\u016fv Dv\u016fr<\/strong><\/p>\t\t\t\t\t\t\t\t<\/div>\n\t\t\t\t<\/div>\n\t\t\t\t\t<\/div>\n\t\t<\/div>\n\t\t\t\t\t<\/div>\n\t\t<\/section>\n\t\t\t\t<div class=\"elementor-element elementor-element-4ad12828 elementor-widget elementor-widget-google_maps\" data-id=\"4ad12828\" data-element_type=\"widget\" data-widget_type=\"google_maps.default\">\n\t\t\t\t<div class=\"elementor-widget-container\">\n\t\t\t\t\t\t\t<div class=\"elementor-custom-embed\">\n\t\t\t<iframe loading=\"lazy\"\n\t\t\t\t\tsrc=\"https:\/\/maps.google.com\/maps?q=Pr%C5%AFmyslov%C3%A1%20614%20Kr%C3%A1l%C5%AFv%20Dv%C5%AFr&#038;t=m&#038;z=15&#038;output=embed&#038;iwloc=near\"\n\t\t\t\t\ttitle=\"Pr\u016fmyslov\u00e1 614 Kr\u00e1l\u016fv Dv\u016fr\"\n\t\t\t\t\taria-label=\"Pr\u016fmyslov\u00e1 614 Kr\u00e1l\u016fv Dv\u016fr\"\n\t\t\t><\/iframe>\n\t\t<\/div>\n\t\t\t\t\t\t<\/div>\n\t\t\t\t<\/div>\n\t\t\t\t\t<\/div>\n\t\t<\/div>\n\t\t\t\t\t<\/div>\n\t\t<\/section>\n\t\t\t\t<\/div>\n\t\t","protected":false},"excerpt":{"rendered":"<p>Kardiologick\u00e1 a intern\u00ed ambulance Kr\u00e1l\u016fv Dv\u016fr Ke dni 20.11.2025 byla kardiologick\u00e1 ambulance uzav\u0159ena Pro v\u00fdpis z\u00a0dokumentace n\u00e1s m\u016f\u017eete kontaktovat na mail: kardiologie.KD@poliklinikapraha.cz [&hellip;]<\/p>\n","protected":false},"author":3,"featured_media":0,"parent":0,"menu_order":0,"comment_status":"closed","ping_status":"closed","template":"elementor_header_footer","meta":{"footnotes":""},"class_list":["post-10572","page","type-page","status-publish","hentry"],"_links":{"self":[{"href":"https:\/\/poliklinikacz.cz\/zdravotnicka-zarizeni\/wp-json\/wp\/v2\/pages\/10572","targetHints":{"allow":["GET"]}}],"collection":[{"href":"https:\/\/poliklinikacz.cz\/zdravotnicka-zarizeni\/wp-json\/wp\/v2\/pages"}],"about":[{"href":"https:\/\/poliklinikacz.cz\/zdravotnicka-zarizeni\/wp-json\/wp\/v2\/types\/page"}],"author":[{"embeddable":true,"href":"https:\/\/poliklinikacz.cz\/zdravotnicka-zarizeni\/wp-json\/wp\/v2\/users\/3"}],"replies":[{"embeddable":true,"href":"https:\/\/poliklinikacz.cz\/zdravotnicka-zarizeni\/wp-json\/wp\/v2\/comments?post=10572"}],"version-history":[{"count":70,"href":"https:\/\/poliklinikacz.cz\/zdravotnicka-zarizeni\/wp-json\/wp\/v2\/pages\/10572\/revisions"}],"predecessor-version":[{"id":13606,"href":"https:\/\/poliklinikacz.cz\/zdravotnicka-zarizeni\/wp-json\/wp\/v2\/pages\/10572\/revisions\/13606"}],"wp:attachment":[{"href":"https:\/\/poliklinikacz.cz\/zdravotnicka-zarizeni\/wp-json\/wp\/v2\/media?parent=10572"}],"curies":[{"name":"wp","href":"https:\/\/api.w.org\/{rel}","templated":true}]}}