{"id":1167,"date":"2021-04-04T12:43:33","date_gmt":"2021-04-04T12:43:33","guid":{"rendered":"http:\/\/poliklinikacz.cz\/?page_id=1167"},"modified":"2025-06-13T12:45:19","modified_gmt":"2025-06-13T10:45:19","slug":"lekarna-unhostska","status":"publish","type":"page","link":"https:\/\/poliklinikacz.cz\/zdravotnicka-zarizeni\/lekarna-unhostska\/","title":{"rendered":"L\u00e9k\u00e1rna-Unho\u0161\u0165sk\u00e1"},"content":{"rendered":"\t\t<div data-elementor-type=\"wp-page\" data-elementor-id=\"1167\" class=\"elementor elementor-1167\" data-elementor-post-type=\"page\">\n\t\t\t\t\t\t<section class=\"elementor-section elementor-top-section elementor-element elementor-element-4e0dfe49 elementor-section-stretched elementor-section-boxed elementor-section-height-default elementor-section-height-default\" data-id=\"4e0dfe49\" data-element_type=\"section\" data-settings=\"{&quot;stretch_section&quot;:&quot;section-stretched&quot;}\">\n\t\t\t\t\t\t<div class=\"elementor-container elementor-column-gap-default\">\n\t\t\t\t\t<div class=\"elementor-column elementor-col-100 elementor-top-column elementor-element elementor-element-1ef2b047\" data-id=\"1ef2b047\" data-element_type=\"column\">\n\t\t\t<div class=\"elementor-widget-wrap elementor-element-populated\">\n\t\t\t\t\t\t<div class=\"elementor-element elementor-element-7e51e0e elementor-widget elementor-widget-heading\" data-id=\"7e51e0e\" data-element_type=\"widget\" data-widget_type=\"heading.default\">\n\t\t\t\t<div class=\"elementor-widget-container\">\n\t\t\t\t\t<h2 class=\"elementor-heading-title elementor-size-default\">L\u00e9k\u00e1rna - VK Pharma Kladno s.r.o.<\/h2>\t\t\t\t<\/div>\n\t\t\t\t<\/div>\n\t\t\t\t<section class=\"elementor-section elementor-inner-section elementor-element elementor-element-396e966 elementor-section-boxed elementor-section-height-default elementor-section-height-default\" data-id=\"396e966\" data-element_type=\"section\">\n\t\t\t\t\t\t<div class=\"elementor-container elementor-column-gap-default\">\n\t\t\t\t\t<div class=\"elementor-column elementor-col-33 elementor-inner-column elementor-element elementor-element-13a91c0e\" data-id=\"13a91c0e\" data-element_type=\"column\">\n\t\t\t<div class=\"elementor-widget-wrap elementor-element-populated\">\n\t\t\t\t\t\t<div class=\"elementor-element elementor-element-3368a3ef elementor-widget elementor-widget-heading\" data-id=\"3368a3ef\" data-element_type=\"widget\" data-widget_type=\"heading.default\">\n\t\t\t\t<div class=\"elementor-widget-container\">\n\t\t\t\t\t<h3 class=\"elementor-heading-title elementor-size-default\">Kde n\u00e1s najdete<\/h3>\t\t\t\t<\/div>\n\t\t\t\t<\/div>\n\t\t\t\t<div class=\"elementor-element elementor-element-7cc81794 elementor-view-default elementor-widget elementor-widget-icon\" data-id=\"7cc81794\" data-element_type=\"widget\" data-widget_type=\"icon.default\">\n\t\t\t\t<div class=\"elementor-widget-container\">\n\t\t\t\t\t\t\t<div class=\"elementor-icon-wrapper\">\n\t\t\t<div class=\"elementor-icon\">\n\t\t\t<i aria-hidden=\"true\" class=\"fas fa-home\"><\/i>\t\t\t<\/div>\n\t\t<\/div>\n\t\t\t\t\t\t<\/div>\n\t\t\t\t<\/div>\n\t\t\t\t<div class=\"elementor-element elementor-element-5b096557 elementor-widget elementor-widget-text-editor\" data-id=\"5b096557\" data-element_type=\"widget\" data-widget_type=\"text-editor.default\">\n\t\t\t\t<div class=\"elementor-widget-container\">\n\t\t\t\t\t\t\t\t\t<p>Unho\u0161\u0165sk\u00e1 2533,<br \/>Kladno 272 01<\/p>\t\t\t\t\t\t\t\t<\/div>\n\t\t\t\t<\/div>\n\t\t\t\t<div class=\"elementor-element elementor-element-3d923788 elementor-widget elementor-widget-heading\" data-id=\"3d923788\" data-element_type=\"widget\" data-widget_type=\"heading.default\">\n\t\t\t\t<div class=\"elementor-widget-container\">\n\t\t\t\t\t<h3 class=\"elementor-heading-title elementor-size-default\">Kontakt<\/h3>\t\t\t\t<\/div>\n\t\t\t\t<\/div>\n\t\t\t\t<div class=\"elementor-element elementor-element-73c36a5d elementor-align-center elementor-icon-list--layout-traditional elementor-list-item-link-full_width elementor-widget elementor-widget-icon-list\" data-id=\"73c36a5d\" data-element_type=\"widget\" data-widget_type=\"icon-list.default\">\n\t\t\t\t<div class=\"elementor-widget-container\">\n\t\t\t\t\t\t\t<ul class=\"elementor-icon-list-items\">\n\t\t\t\t\t\t\t<li class=\"elementor-icon-list-item\">\n\t\t\t\t\t\t\t\t\t\t\t<span class=\"elementor-icon-list-icon\">\n\t\t\t\t\t\t\t<i aria-hidden=\"true\" class=\"fas fa-phone-alt\"><\/i>\t\t\t\t\t\t<\/span>\n\t\t\t\t\t\t\t\t\t\t<span class=\"elementor-icon-list-text\">777 363 688<\/span>\n\t\t\t\t\t\t\t\t\t<\/li>\n\t\t\t\t\t\t\t\t<li class=\"elementor-icon-list-item\">\n\t\t\t\t\t\t\t\t\t\t\t<span class=\"elementor-icon-list-icon\">\n\t\t\t\t\t\t\t<i aria-hidden=\"true\" class=\"far fa-envelope\"><\/i>\t\t\t\t\t\t<\/span>\n\t\t\t\t\t\t\t\t\t\t<span class=\"elementor-icon-list-text\">lekarna@poliklinikakladno.cz<\/span>\n\t\t\t\t\t\t\t\t\t<\/li>\n\t\t\t\t\t\t<\/ul>\n\t\t\t\t\t\t<\/div>\n\t\t\t\t<\/div>\n\t\t\t\t\t<\/div>\n\t\t<\/div>\n\t\t\t\t<div class=\"elementor-column elementor-col-66 elementor-inner-column elementor-element elementor-element-4651c88\" data-id=\"4651c88\" data-element_type=\"column\">\n\t\t\t<div class=\"elementor-widget-wrap elementor-element-populated\">\n\t\t\t\t\t\t<div class=\"elementor-element elementor-element-9e73b79 elementor-widget elementor-widget-heading\" data-id=\"9e73b79\" data-element_type=\"widget\" data-widget_type=\"heading.default\">\n\t\t\t\t<div class=\"elementor-widget-container\">\n\t\t\t\t\t<h3 class=\"elementor-heading-title elementor-size-default\">Vedouc\u00ed l\u00e9k\u00e1rn\u00edk<\/h3>\t\t\t\t<\/div>\n\t\t\t\t<\/div>\n\t\t\t\t<div class=\"elementor-element elementor-element-e937f58 elementor-align-center elementor-list-item-link-full_width elementor-widget elementor-widget-icon-list\" data-id=\"e937f58\" data-element_type=\"widget\" data-widget_type=\"icon-list.default\">\n\t\t\t\t<div class=\"elementor-widget-container\">\n\t\t\t\t\t\t\t<ul class=\"elementor-icon-list-items\">\n\t\t\t\t\t\t\t<li class=\"elementor-icon-list-item\">\n\t\t\t\t\t\t\t\t\t\t\t<span class=\"elementor-icon-list-icon\">\n\t\t\t\t\t\t\t<i aria-hidden=\"true\" class=\"far fa-id-card\"><\/i>\t\t\t\t\t\t<\/span>\n\t\t\t\t\t\t\t\t\t\t<span class=\"elementor-icon-list-text\">RNDr. Jan Svoboda<\/span>\n\t\t\t\t\t\t\t\t\t<\/li>\n\t\t\t\t\t\t<\/ul>\n\t\t\t\t\t\t<\/div>\n\t\t\t\t<\/div>\n\t\t\t\t<div class=\"elementor-element elementor-element-6a7c9f1e elementor-widget elementor-widget-heading\" data-id=\"6a7c9f1e\" data-element_type=\"widget\" data-widget_type=\"heading.default\">\n\t\t\t\t<div class=\"elementor-widget-container\">\n\t\t\t\t\t<h3 class=\"elementor-heading-title elementor-size-default\">Ordina\u010dn\u00ed hodiny<\/h3>\t\t\t\t<\/div>\n\t\t\t\t<\/div>\n\t\t\t\t<div class=\"elementor-element elementor-element-32ac5087 elementor-widget elementor-widget-ucaddon_opening_hours_list\" data-id=\"32ac5087\" data-element_type=\"widget\" data-widget_type=\"ucaddon_opening_hours_list.default\">\n\t\t\t\t<div class=\"elementor-widget-container\">\n\t\t\t\t\t\n<!-- start Opening Hours List -->\n\t\t<link id='font-awesome-css' href='https:\/\/poliklinikacz.cz\/wp-content\/plugins\/unlimited-elements-for-elementor\/assets_libraries\/font-awesome6\/fontawesome-all.min.css' type='text\/css' rel='stylesheet' >\n\t\t<link id='font-awesome-4-shim-css' href='https:\/\/poliklinikacz.cz\/wp-content\/plugins\/unlimited-elements-for-elementor\/assets_libraries\/font-awesome6\/fontawesome-v4-shims.min.css' type='text\/css' rel='stylesheet' >\n\t\t<link id='uc_ac_assets_file_simple_opening_hours_css_826-css' href='https:\/\/poliklinikacz.cz\/wp-content\/uploads\/ac_assets\/simple_opening_hours\/simple_opening_hours.css' type='text\/css' rel='stylesheet' >\n\n<style>\/* widget: Opening Hours List *\/\n\n#uc_opening_hours_list_elementor_32ac5087{\n\tbackground:#FFF;\n\tpadding:16px 30px;\n\t}\n\n<\/style>\n\n<div class=\"uc_simple_opening_hours\" id=\"uc_opening_hours_list_elementor_32ac5087\">\n       <ul class=\"uc_opening-hours\">\n            <li><i class=\"far fa-clock\" style=\"color:#00C3FF;\"><\/i>Pond\u011bl\u00ed<span class=\"bbb\">7:30 - 15:30<\/span><\/li>\n<li><i class=\"far fa-clock\" style=\"color:#00C3FF;\"><\/i>\u00dater\u00fd<span class=\"bbb\">7:30 - 17:30<\/span><\/li>\n<li><i class=\"far fa-clock\" style=\"color:#00C3FF;\"><\/i>St\u0159eda<span class=\"bbb\">7:30 - 15:30<\/span><\/li>\n<li><i class=\"far fa-clock\" style=\"color:#00C3FF;\"><\/i>\u010ctvrtek<span class=\"bbb\">7:30 - 15:30<\/span><\/li>\n<li><i class=\"far fa-clock\" style=\"color:#00C3FF;\"><\/i>P\u00e1tek<span class=\"bbb\">7:30 - 13:30<\/span><\/li>\n\n        <\/ul>\n    <\/div>\n<!-- end Opening Hours List -->\t\t\t\t<\/div>\n\t\t\t\t<\/div>\n\t\t\t\t\t<\/div>\n\t\t<\/div>\n\t\t\t\t\t<\/div>\n\t\t<\/section>\n\t\t\t\t\t<\/div>\n\t\t<\/div>\n\t\t\t\t\t<\/div>\n\t\t<\/section>\n\t\t\t\t<section class=\"elementor-section elementor-top-section elementor-element elementor-element-2504aa0c elementor-section-boxed elementor-section-height-default elementor-section-height-default\" data-id=\"2504aa0c\" data-element_type=\"section\">\n\t\t\t\t\t\t<div class=\"elementor-container elementor-column-gap-default\">\n\t\t\t\t\t<div class=\"elementor-column elementor-col-100 elementor-top-column elementor-element elementor-element-1967d90e\" data-id=\"1967d90e\" data-element_type=\"column\">\n\t\t\t<div class=\"elementor-widget-wrap elementor-element-populated\">\n\t\t\t\t\t\t<div class=\"elementor-element elementor-element-1ed70c1c elementor-widget elementor-widget-google_maps\" data-id=\"1ed70c1c\" data-element_type=\"widget\" data-widget_type=\"google_maps.default\">\n\t\t\t\t<div class=\"elementor-widget-container\">\n\t\t\t\t\t\t\t<div class=\"elementor-custom-embed\">\n\t\t\t<iframe loading=\"lazy\"\n\t\t\t\t\tsrc=\"https:\/\/maps.google.com\/maps?q=Unho%C5%A1%C5%A5sk%C3%A1%202533%2C%20Kladno%20272%2001&#038;t=m&#038;z=15&#038;output=embed&#038;iwloc=near\"\n\t\t\t\t\ttitle=\"Unho\u0161\u0165sk\u00e1 2533, Kladno 272 01\"\n\t\t\t\t\taria-label=\"Unho\u0161\u0165sk\u00e1 2533, Kladno 272 01\"\n\t\t\t><\/iframe>\n\t\t<\/div>\n\t\t\t\t\t\t<\/div>\n\t\t\t\t<\/div>\n\t\t\t\t\t<\/div>\n\t\t<\/div>\n\t\t\t\t\t<\/div>\n\t\t<\/section>\n\t\t\t\t<section class=\"elementor-section elementor-top-section elementor-element elementor-element-15e94a8 elementor-section-boxed elementor-section-height-default elementor-section-height-default\" data-id=\"15e94a8\" data-element_type=\"section\">\n\t\t\t\t\t\t<div class=\"elementor-container elementor-column-gap-default\">\n\t\t\t\t\t<div class=\"elementor-column elementor-col-33 elementor-top-column elementor-element elementor-element-9117402\" data-id=\"9117402\" data-element_type=\"column\">\n\t\t\t<div class=\"elementor-widget-wrap elementor-element-populated\">\n\t\t\t\t\t\t<div class=\"elementor-element elementor-element-504a2e1 elementor-widget elementor-widget-image\" data-id=\"504a2e1\" data-element_type=\"widget\" data-widget_type=\"image.default\">\n\t\t\t\t<div class=\"elementor-widget-container\">\n\t\t\t\t\t\t\t\t\t\t\t\t\t\t\t<img fetchpriority=\"high\" decoding=\"async\" width=\"1024\" height=\"768\" src=\"https:\/\/poliklinikacz.cz\/wp-content\/uploads\/2025\/03\/IMG_8118-2-1024x768.jpeg\" class=\"attachment-large size-large wp-image-10669\" alt=\"\" srcset=\"https:\/\/poliklinikacz.cz\/wp-content\/uploads\/2025\/03\/IMG_8118-2-1024x768.jpeg 1024w, https:\/\/poliklinikacz.cz\/wp-content\/uploads\/2025\/03\/IMG_8118-2-300x225.jpeg 300w, https:\/\/poliklinikacz.cz\/wp-content\/uploads\/2025\/03\/IMG_8118-2-768x576.jpeg 768w, https:\/\/poliklinikacz.cz\/wp-content\/uploads\/2025\/03\/IMG_8118-2-1536x1152.jpeg 1536w, https:\/\/poliklinikacz.cz\/wp-content\/uploads\/2025\/03\/IMG_8118-2-920x690.jpeg 920w, https:\/\/poliklinikacz.cz\/wp-content\/uploads\/2025\/03\/IMG_8118-2-230x173.jpeg 230w, https:\/\/poliklinikacz.cz\/wp-content\/uploads\/2025\/03\/IMG_8118-2-350x263.jpeg 350w, https:\/\/poliklinikacz.cz\/wp-content\/uploads\/2025\/03\/IMG_8118-2-480x360.jpeg 480w, https:\/\/poliklinikacz.cz\/wp-content\/uploads\/2025\/03\/IMG_8118-2.jpeg 2048w\" sizes=\"(max-width: 1024px) 100vw, 1024px\" \/>\t\t\t\t\t\t\t\t\t\t\t\t\t\t\t<\/div>\n\t\t\t\t<\/div>\n\t\t\t\t\t<\/div>\n\t\t<\/div>\n\t\t\t\t<div class=\"elementor-column elementor-col-33 elementor-top-column elementor-element elementor-element-86803a0\" data-id=\"86803a0\" data-element_type=\"column\">\n\t\t\t<div class=\"elementor-widget-wrap elementor-element-populated\">\n\t\t\t\t\t\t<div class=\"elementor-element elementor-element-f8e0ccf elementor-widget elementor-widget-image\" data-id=\"f8e0ccf\" data-element_type=\"widget\" data-widget_type=\"image.default\">\n\t\t\t\t<div class=\"elementor-widget-container\">\n\t\t\t\t\t\t\t\t\t\t\t\t\t\t\t<img decoding=\"async\" width=\"1024\" height=\"768\" src=\"https:\/\/poliklinikacz.cz\/wp-content\/uploads\/2025\/03\/IMG_8125-1-1024x768.jpeg\" class=\"attachment-large size-large wp-image-10667\" alt=\"\" srcset=\"https:\/\/poliklinikacz.cz\/wp-content\/uploads\/2025\/03\/IMG_8125-1-1024x768.jpeg 1024w, https:\/\/poliklinikacz.cz\/wp-content\/uploads\/2025\/03\/IMG_8125-1-300x225.jpeg 300w, https:\/\/poliklinikacz.cz\/wp-content\/uploads\/2025\/03\/IMG_8125-1-768x576.jpeg 768w, https:\/\/poliklinikacz.cz\/wp-content\/uploads\/2025\/03\/IMG_8125-1-1536x1152.jpeg 1536w, https:\/\/poliklinikacz.cz\/wp-content\/uploads\/2025\/03\/IMG_8125-1-920x690.jpeg 920w, https:\/\/poliklinikacz.cz\/wp-content\/uploads\/2025\/03\/IMG_8125-1-230x173.jpeg 230w, https:\/\/poliklinikacz.cz\/wp-content\/uploads\/2025\/03\/IMG_8125-1-350x263.jpeg 350w, https:\/\/poliklinikacz.cz\/wp-content\/uploads\/2025\/03\/IMG_8125-1-480x360.jpeg 480w, https:\/\/poliklinikacz.cz\/wp-content\/uploads\/2025\/03\/IMG_8125-1.jpeg 2048w\" sizes=\"(max-width: 1024px) 100vw, 1024px\" \/>\t\t\t\t\t\t\t\t\t\t\t\t\t\t\t<\/div>\n\t\t\t\t<\/div>\n\t\t\t\t\t<\/div>\n\t\t<\/div>\n\t\t\t\t<div class=\"elementor-column elementor-col-33 elementor-top-column elementor-element elementor-element-0357ce2\" data-id=\"0357ce2\" data-element_type=\"column\">\n\t\t\t<div class=\"elementor-widget-wrap elementor-element-populated\">\n\t\t\t\t\t\t<div class=\"elementor-element elementor-element-529320e elementor-widget elementor-widget-image\" data-id=\"529320e\" data-element_type=\"widget\" data-widget_type=\"image.default\">\n\t\t\t\t<div class=\"elementor-widget-container\">\n\t\t\t\t\t\t\t\t\t\t\t\t\t\t\t<img decoding=\"async\" width=\"1024\" height=\"768\" src=\"https:\/\/poliklinikacz.cz\/wp-content\/uploads\/2025\/03\/IMG_8121-1-1024x768.jpeg\" class=\"attachment-large size-large wp-image-10664\" alt=\"\" srcset=\"https:\/\/poliklinikacz.cz\/wp-content\/uploads\/2025\/03\/IMG_8121-1-1024x768.jpeg 1024w, https:\/\/poliklinikacz.cz\/wp-content\/uploads\/2025\/03\/IMG_8121-1-300x225.jpeg 300w, https:\/\/poliklinikacz.cz\/wp-content\/uploads\/2025\/03\/IMG_8121-1-768x576.jpeg 768w, https:\/\/poliklinikacz.cz\/wp-content\/uploads\/2025\/03\/IMG_8121-1-1536x1152.jpeg 1536w, https:\/\/poliklinikacz.cz\/wp-content\/uploads\/2025\/03\/IMG_8121-1-920x690.jpeg 920w, https:\/\/poliklinikacz.cz\/wp-content\/uploads\/2025\/03\/IMG_8121-1-230x173.jpeg 230w, https:\/\/poliklinikacz.cz\/wp-content\/uploads\/2025\/03\/IMG_8121-1-350x263.jpeg 350w, https:\/\/poliklinikacz.cz\/wp-content\/uploads\/2025\/03\/IMG_8121-1-480x360.jpeg 480w, https:\/\/poliklinikacz.cz\/wp-content\/uploads\/2025\/03\/IMG_8121-1.jpeg 2048w\" sizes=\"(max-width: 1024px) 100vw, 1024px\" \/>\t\t\t\t\t\t\t\t\t\t\t\t\t\t\t<\/div>\n\t\t\t\t<\/div>\n\t\t\t\t\t<\/div>\n\t\t<\/div>\n\t\t\t\t\t<\/div>\n\t\t<\/section>\n\t\t\t\t<\/div>\n\t\t","protected":false},"excerpt":{"rendered":"<p>L\u00e9k\u00e1rna &#8211; VK Pharma Kladno s.r.o. Kde n\u00e1s najdete Unho\u0161\u0165sk\u00e1 2533,Kladno 272 01 Kontakt 777 363 688 lekarna@poliklinikakladno.cz Vedouc\u00ed l\u00e9k\u00e1rn\u00edk RNDr. Jan [&hellip;]<\/p>\n","protected":false},"author":1,"featured_media":0,"parent":0,"menu_order":0,"comment_status":"closed","ping_status":"closed","template":"elementor_header_footer","meta":{"footnotes":""},"class_list":["post-1167","page","type-page","status-publish","hentry"],"_links":{"self":[{"href":"https:\/\/poliklinikacz.cz\/zdravotnicka-zarizeni\/wp-json\/wp\/v2\/pages\/1167","targetHints":{"allow":["GET"]}}],"collection":[{"href":"https:\/\/poliklinikacz.cz\/zdravotnicka-zarizeni\/wp-json\/wp\/v2\/pages"}],"about":[{"href":"https:\/\/poliklinikacz.cz\/zdravotnicka-zarizeni\/wp-json\/wp\/v2\/types\/page"}],"author":[{"embeddable":true,"href":"https:\/\/poliklinikacz.cz\/zdravotnicka-zarizeni\/wp-json\/wp\/v2\/users\/1"}],"replies":[{"embeddable":true,"href":"https:\/\/poliklinikacz.cz\/zdravotnicka-zarizeni\/wp-json\/wp\/v2\/comments?post=1167"}],"version-history":[{"count":23,"href":"https:\/\/poliklinikacz.cz\/zdravotnicka-zarizeni\/wp-json\/wp\/v2\/pages\/1167\/revisions"}],"predecessor-version":[{"id":12284,"href":"https:\/\/poliklinikacz.cz\/zdravotnicka-zarizeni\/wp-json\/wp\/v2\/pages\/1167\/revisions\/12284"}],"wp:attachment":[{"href":"https:\/\/poliklinikacz.cz\/zdravotnicka-zarizeni\/wp-json\/wp\/v2\/media?parent=1167"}],"curies":[{"name":"wp","href":"https:\/\/api.w.org\/{rel}","templated":true}]}}