{"id":1287,"date":"2021-04-06T13:46:08","date_gmt":"2021-04-06T13:46:08","guid":{"rendered":"http:\/\/poliklinikacz.cz\/?page_id=1287"},"modified":"2021-04-06T13:49:06","modified_gmt":"2021-04-06T13:49:06","slug":"psychologie-kladno","status":"publish","type":"page","link":"https:\/\/poliklinikacz.cz\/zdravotnicka-zarizeni\/psychologie-kladno\/","title":{"rendered":"Psychologie-kladno"},"content":{"rendered":"\t\t<div data-elementor-type=\"wp-page\" data-elementor-id=\"1287\" class=\"elementor elementor-1287\" data-elementor-post-type=\"page\">\n\t\t\t\t\t\t<section class=\"elementor-section elementor-top-section elementor-element elementor-element-193a7bd3 elementor-section-stretched elementor-section-boxed elementor-section-height-default elementor-section-height-default\" data-id=\"193a7bd3\" data-element_type=\"section\" data-settings=\"{&quot;stretch_section&quot;:&quot;section-stretched&quot;}\">\n\t\t\t\t\t\t<div class=\"elementor-container elementor-column-gap-default\">\n\t\t\t\t\t<div class=\"elementor-column elementor-col-100 elementor-top-column elementor-element elementor-element-13c86699\" data-id=\"13c86699\" data-element_type=\"column\">\n\t\t\t<div class=\"elementor-widget-wrap elementor-element-populated\">\n\t\t\t\t\t\t<div class=\"elementor-element elementor-element-36f279f1 elementor-widget elementor-widget-heading\" data-id=\"36f279f1\" data-element_type=\"widget\" data-widget_type=\"heading.default\">\n\t\t\t\t<div class=\"elementor-widget-container\">\n\t\t\t\t\t<h3 class=\"elementor-heading-title elementor-size-default\">Psychologie<\/h3>\t\t\t\t<\/div>\n\t\t\t\t<\/div>\n\t\t\t\t<section class=\"elementor-section elementor-inner-section elementor-element elementor-element-1bd1be38 elementor-section-boxed elementor-section-height-default elementor-section-height-default\" data-id=\"1bd1be38\" data-element_type=\"section\">\n\t\t\t\t\t\t<div class=\"elementor-container elementor-column-gap-default\">\n\t\t\t\t\t<div class=\"elementor-column elementor-col-33 elementor-inner-column elementor-element elementor-element-1525a3d5\" data-id=\"1525a3d5\" data-element_type=\"column\">\n\t\t\t<div class=\"elementor-widget-wrap elementor-element-populated\">\n\t\t\t\t\t\t<div class=\"elementor-element elementor-element-769758ea elementor-widget elementor-widget-heading\" data-id=\"769758ea\" data-element_type=\"widget\" data-widget_type=\"heading.default\">\n\t\t\t\t<div class=\"elementor-widget-container\">\n\t\t\t\t\t<h3 class=\"elementor-heading-title elementor-size-default\">Kde n\u00e1s najdete<\/h3>\t\t\t\t<\/div>\n\t\t\t\t<\/div>\n\t\t\t\t<div class=\"elementor-element elementor-element-1e3ee410 elementor-view-default elementor-widget elementor-widget-icon\" data-id=\"1e3ee410\" data-element_type=\"widget\" data-widget_type=\"icon.default\">\n\t\t\t\t<div class=\"elementor-widget-container\">\n\t\t\t\t\t\t\t<div class=\"elementor-icon-wrapper\">\n\t\t\t<div class=\"elementor-icon\">\n\t\t\t<i aria-hidden=\"true\" class=\"fas fa-home\"><\/i>\t\t\t<\/div>\n\t\t<\/div>\n\t\t\t\t\t\t<\/div>\n\t\t\t\t<\/div>\n\t\t\t\t<div class=\"elementor-element elementor-element-1bc271c2 elementor-widget elementor-widget-text-editor\" data-id=\"1bc271c2\" data-element_type=\"widget\" data-widget_type=\"text-editor.default\">\n\t\t\t\t<div class=\"elementor-widget-container\">\n\t\t\t\t\t\t\t\t\t<p>Unho\u0161\u0165sk\u00e1 2533,<br \/>Kladno 272 01<\/p>\t\t\t\t\t\t\t\t<\/div>\n\t\t\t\t<\/div>\n\t\t\t\t<div class=\"elementor-element elementor-element-4bb14a5 elementor-widget elementor-widget-heading\" data-id=\"4bb14a5\" data-element_type=\"widget\" data-widget_type=\"heading.default\">\n\t\t\t\t<div class=\"elementor-widget-container\">\n\t\t\t\t\t<h3 class=\"elementor-heading-title elementor-size-default\">Kontakt<\/h3>\t\t\t\t<\/div>\n\t\t\t\t<\/div>\n\t\t\t\t<div class=\"elementor-element elementor-element-38c94acc elementor-align-center elementor-icon-list--layout-traditional elementor-list-item-link-full_width elementor-widget elementor-widget-icon-list\" data-id=\"38c94acc\" data-element_type=\"widget\" data-widget_type=\"icon-list.default\">\n\t\t\t\t<div class=\"elementor-widget-container\">\n\t\t\t\t\t\t\t<ul class=\"elementor-icon-list-items\">\n\t\t\t\t\t\t\t<li class=\"elementor-icon-list-item\">\n\t\t\t\t\t\t\t\t\t\t\t<span class=\"elementor-icon-list-icon\">\n\t\t\t\t\t\t\t<i aria-hidden=\"true\" class=\"fas fa-phone-alt\"><\/i>\t\t\t\t\t\t<\/span>\n\t\t\t\t\t\t\t\t\t\t<span class=\"elementor-icon-list-text\">\t602 643 114<\/span>\n\t\t\t\t\t\t\t\t\t<\/li>\n\t\t\t\t\t\t<\/ul>\n\t\t\t\t\t\t<\/div>\n\t\t\t\t<\/div>\n\t\t\t\t\t<\/div>\n\t\t<\/div>\n\t\t\t\t<div class=\"elementor-column elementor-col-66 elementor-inner-column elementor-element elementor-element-1dd884c7\" data-id=\"1dd884c7\" data-element_type=\"column\">\n\t\t\t<div class=\"elementor-widget-wrap elementor-element-populated\">\n\t\t\t\t\t\t<div class=\"elementor-element elementor-element-70d10297 elementor-widget elementor-widget-heading\" data-id=\"70d10297\" data-element_type=\"widget\" data-widget_type=\"heading.default\">\n\t\t\t\t<div class=\"elementor-widget-container\">\n\t\t\t\t\t<h3 class=\"elementor-heading-title elementor-size-default\">L\u00e9ka\u0159i<\/h3>\t\t\t\t<\/div>\n\t\t\t\t<\/div>\n\t\t\t\t<div class=\"elementor-element elementor-element-7424a433 elementor-align-center elementor-icon-list--layout-traditional elementor-list-item-link-full_width elementor-widget elementor-widget-icon-list\" data-id=\"7424a433\" data-element_type=\"widget\" data-widget_type=\"icon-list.default\">\n\t\t\t\t<div class=\"elementor-widget-container\">\n\t\t\t\t\t\t\t<ul class=\"elementor-icon-list-items\">\n\t\t\t\t\t\t\t<li class=\"elementor-icon-list-item\">\n\t\t\t\t\t\t\t\t\t\t\t<span class=\"elementor-icon-list-icon\">\n\t\t\t\t\t\t\t<i aria-hidden=\"true\" class=\"far fa-id-card\"><\/i>\t\t\t\t\t\t<\/span>\n\t\t\t\t\t\t\t\t\t\t<span class=\"elementor-icon-list-text\">\tMgr. Lada Kohoutov\u00e1 <\/span>\n\t\t\t\t\t\t\t\t\t<\/li>\n\t\t\t\t\t\t<\/ul>\n\t\t\t\t\t\t<\/div>\n\t\t\t\t<\/div>\n\t\t\t\t<div class=\"elementor-element elementor-element-6921ebb6 elementor-widget elementor-widget-heading\" data-id=\"6921ebb6\" data-element_type=\"widget\" data-widget_type=\"heading.default\">\n\t\t\t\t<div class=\"elementor-widget-container\">\n\t\t\t\t\t<h3 class=\"elementor-heading-title elementor-size-default\">Ordina\u010dn\u00ed hodiny<\/h3>\t\t\t\t<\/div>\n\t\t\t\t<\/div>\n\t\t\t\t<div class=\"elementor-element elementor-element-409f914b elementor-widget elementor-widget-ucaddon_opening_hours_list\" data-id=\"409f914b\" data-element_type=\"widget\" data-widget_type=\"ucaddon_opening_hours_list.default\">\n\t\t\t\t<div class=\"elementor-widget-container\">\n\t\t\t\t\t\n<!-- start Opening Hours List -->\n\t\t<link id='font-awesome-css' href='https:\/\/poliklinikacz.cz\/wp-content\/plugins\/unlimited-elements-for-elementor\/assets_libraries\/font-awesome6\/fontawesome-all.min.css' type='text\/css' rel='stylesheet' >\n\t\t<link id='font-awesome-4-shim-css' href='https:\/\/poliklinikacz.cz\/wp-content\/plugins\/unlimited-elements-for-elementor\/assets_libraries\/font-awesome6\/fontawesome-v4-shims.min.css' type='text\/css' rel='stylesheet' >\n\t\t<link id='uc_ac_assets_file_simple_opening_hours_css_826-css' href='https:\/\/poliklinikacz.cz\/wp-content\/uploads\/ac_assets\/simple_opening_hours\/simple_opening_hours.css' type='text\/css' rel='stylesheet' >\n\n<style>\/* widget: Opening Hours List *\/\n\n#uc_opening_hours_list_elementor_409f914b{\n\tbackground:#FFF;\n\tpadding:16px 30px;\n\t}\n\n<\/style>\n\n<div class=\"uc_simple_opening_hours\" id=\"uc_opening_hours_list_elementor_409f914b\">\n       <ul class=\"uc_opening-hours\">\n            <li><i class=\"far fa-clock\" style=\"color:#00C3FF;\"><\/i>Pond\u011bl\u00ed<span class=\"bbb\">8:30 - 18:00<\/span><\/li>\n<li><i class=\"far fa-clock\" style=\"color:#00C3FF;\"><\/i>\u00dater\u00fd<span class=\"bbb\">Z\u0160 Unho\u0161\u0165<\/span><\/li>\n<li><i class=\"far fa-clock\" style=\"color:#00C3FF;\"><\/i>St\u0159eda<span class=\"bbb\">8:30 - 18:00<\/span><\/li>\n<li><i class=\"far fa-clock\" style=\"color:#00C3FF;\"><\/i>\u010ctvrtek<span class=\"bbb\">8:30 - 18:00<\/span><\/li>\n<li><i class=\"far fa-clock\" style=\"color:#00C3FF;\"><\/i>P\u00e1tek<span class=\"bbb\">Neordinujeme<\/span><\/li>\n\n        <\/ul>\n    <\/div>\n<!-- end Opening Hours List -->\t\t\t\t<\/div>\n\t\t\t\t<\/div>\n\t\t\t\t\t<\/div>\n\t\t<\/div>\n\t\t\t\t\t<\/div>\n\t\t<\/section>\n\t\t\t\t\t<\/div>\n\t\t<\/div>\n\t\t\t\t\t<\/div>\n\t\t<\/section>\n\t\t\t\t<section class=\"elementor-section elementor-top-section elementor-element elementor-element-6deb8fc0 elementor-section-boxed elementor-section-height-default elementor-section-height-default\" data-id=\"6deb8fc0\" data-element_type=\"section\">\n\t\t\t\t\t\t<div class=\"elementor-container elementor-column-gap-default\">\n\t\t\t\t\t<div class=\"elementor-column elementor-col-100 elementor-top-column elementor-element elementor-element-7d0b521a\" data-id=\"7d0b521a\" data-element_type=\"column\">\n\t\t\t<div class=\"elementor-widget-wrap elementor-element-populated\">\n\t\t\t\t\t\t<div class=\"elementor-element elementor-element-6b6deca3 elementor-widget elementor-widget-google_maps\" data-id=\"6b6deca3\" data-element_type=\"widget\" data-widget_type=\"google_maps.default\">\n\t\t\t\t<div class=\"elementor-widget-container\">\n\t\t\t\t\t\t\t<div class=\"elementor-custom-embed\">\n\t\t\t<iframe loading=\"lazy\"\n\t\t\t\t\tsrc=\"https:\/\/maps.google.com\/maps?q=Unho%C5%A1%C5%A5sk%C3%A1%202533%2C%20Kladno%20272%2001&#038;t=m&#038;z=15&#038;output=embed&#038;iwloc=near\"\n\t\t\t\t\ttitle=\"Unho\u0161\u0165sk\u00e1 2533, Kladno 272 01\"\n\t\t\t\t\taria-label=\"Unho\u0161\u0165sk\u00e1 2533, Kladno 272 01\"\n\t\t\t><\/iframe>\n\t\t<\/div>\n\t\t\t\t\t\t<\/div>\n\t\t\t\t<\/div>\n\t\t\t\t\t<\/div>\n\t\t<\/div>\n\t\t\t\t\t<\/div>\n\t\t<\/section>\n\t\t\t\t<\/div>\n\t\t","protected":false},"excerpt":{"rendered":"<p>Psychologie Kde n\u00e1s najdete Unho\u0161\u0165sk\u00e1 2533,Kladno 272 01 Kontakt 602 643 114 L\u00e9ka\u0159i Mgr. Lada Kohoutov\u00e1 Ordina\u010dn\u00ed hodiny Pond\u011bl\u00ed8:30 &#8211; 18:00 \u00dater\u00fdZ\u0160 [&hellip;]<\/p>\n","protected":false},"author":1,"featured_media":0,"parent":0,"menu_order":0,"comment_status":"closed","ping_status":"closed","template":"elementor_header_footer","meta":{"footnotes":""},"class_list":["post-1287","page","type-page","status-publish","hentry"],"_links":{"self":[{"href":"https:\/\/poliklinikacz.cz\/zdravotnicka-zarizeni\/wp-json\/wp\/v2\/pages\/1287","targetHints":{"allow":["GET"]}}],"collection":[{"href":"https:\/\/poliklinikacz.cz\/zdravotnicka-zarizeni\/wp-json\/wp\/v2\/pages"}],"about":[{"href":"https:\/\/poliklinikacz.cz\/zdravotnicka-zarizeni\/wp-json\/wp\/v2\/types\/page"}],"author":[{"embeddable":true,"href":"https:\/\/poliklinikacz.cz\/zdravotnicka-zarizeni\/wp-json\/wp\/v2\/users\/1"}],"replies":[{"embeddable":true,"href":"https:\/\/poliklinikacz.cz\/zdravotnicka-zarizeni\/wp-json\/wp\/v2\/comments?post=1287"}],"version-history":[{"count":5,"href":"https:\/\/poliklinikacz.cz\/zdravotnicka-zarizeni\/wp-json\/wp\/v2\/pages\/1287\/revisions"}],"predecessor-version":[{"id":1297,"href":"https:\/\/poliklinikacz.cz\/zdravotnicka-zarizeni\/wp-json\/wp\/v2\/pages\/1287\/revisions\/1297"}],"wp:attachment":[{"href":"https:\/\/poliklinikacz.cz\/zdravotnicka-zarizeni\/wp-json\/wp\/v2\/media?parent=1287"}],"curies":[{"name":"wp","href":"https:\/\/api.w.org\/{rel}","templated":true}]}}