{"id":130,"date":"2020-08-25T18:24:13","date_gmt":"2020-08-25T18:24:13","guid":{"rendered":"http:\/\/poliklinikacz.cz\/?page_id=130"},"modified":"2025-06-12T17:55:07","modified_gmt":"2025-06-12T15:55:07","slug":"ambulance-kraluv-dvur","status":"publish","type":"page","link":"https:\/\/poliklinikacz.cz\/zdravotnicka-zarizeni\/ambulance-kraluv-dvur\/","title":{"rendered":"Ambulance Kr\u00e1l\u016fv Dv\u016fr"},"content":{"rendered":"\t\t<div data-elementor-type=\"wp-page\" data-elementor-id=\"130\" class=\"elementor elementor-130\" data-elementor-post-type=\"page\">\n\t\t\t\t\t\t<section class=\"elementor-section elementor-top-section elementor-element elementor-element-7d201ce4 elementor-section-boxed elementor-section-height-default elementor-section-height-default\" data-id=\"7d201ce4\" data-element_type=\"section\">\n\t\t\t\t\t\t<div class=\"elementor-container elementor-column-gap-default\">\n\t\t\t\t\t<div class=\"elementor-column elementor-col-66 elementor-top-column elementor-element elementor-element-51a9e8db\" data-id=\"51a9e8db\" data-element_type=\"column\">\n\t\t\t<div class=\"elementor-widget-wrap elementor-element-populated\">\n\t\t\t\t\t\t<div class=\"elementor-element elementor-element-373a078a elementor-widget elementor-widget-heading\" data-id=\"373a078a\" data-element_type=\"widget\" data-widget_type=\"heading.default\">\n\t\t\t\t<div class=\"elementor-widget-container\">\n\t\t\t\t\t<h3 class=\"elementor-heading-title elementor-size-default\">Ambulance Kr\u00e1l\u016fv Dv\u016fr<\/h3>\t\t\t\t<\/div>\n\t\t\t\t<\/div>\n\t\t\t\t<div class=\"elementor-element elementor-element-6b56917c elementor-widget-divider--view-line elementor-widget elementor-widget-divider\" data-id=\"6b56917c\" data-element_type=\"widget\" data-widget_type=\"divider.default\">\n\t\t\t\t<div class=\"elementor-widget-container\">\n\t\t\t\t\t\t\t<div class=\"elementor-divider\">\n\t\t\t<span class=\"elementor-divider-separator\">\n\t\t\t\t\t\t<\/span>\n\t\t<\/div>\n\t\t\t\t\t\t<\/div>\n\t\t\t\t<\/div>\n\t\t\t\t<div class=\"elementor-element elementor-element-77b7f08a elementor-widget elementor-widget-heading\" data-id=\"77b7f08a\" data-element_type=\"widget\" data-widget_type=\"heading.default\">\n\t\t\t\t<div class=\"elementor-widget-container\">\n\t\t\t\t\t<h3 class=\"elementor-heading-title elementor-size-default\">Kde n\u00e1s najdete<\/h3>\t\t\t\t<\/div>\n\t\t\t\t<\/div>\n\t\t\t\t<section class=\"elementor-section elementor-inner-section elementor-element elementor-element-208bbe53 elementor-section-boxed elementor-section-height-default elementor-section-height-default\" data-id=\"208bbe53\" data-element_type=\"section\">\n\t\t\t\t\t\t<div class=\"elementor-container elementor-column-gap-default\">\n\t\t\t\t\t<div class=\"elementor-column elementor-col-50 elementor-inner-column elementor-element elementor-element-a7a42b6\" data-id=\"a7a42b6\" data-element_type=\"column\">\n\t\t\t<div class=\"elementor-widget-wrap elementor-element-populated\">\n\t\t\t\t\t\t<div class=\"elementor-element elementor-element-7fa3b449 elementor-view-default elementor-widget elementor-widget-icon\" data-id=\"7fa3b449\" data-element_type=\"widget\" data-widget_type=\"icon.default\">\n\t\t\t\t<div class=\"elementor-widget-container\">\n\t\t\t\t\t\t\t<div class=\"elementor-icon-wrapper\">\n\t\t\t<div class=\"elementor-icon\">\n\t\t\t<i aria-hidden=\"true\" class=\"fas fa-home\"><\/i>\t\t\t<\/div>\n\t\t<\/div>\n\t\t\t\t\t\t<\/div>\n\t\t\t\t<\/div>\n\t\t\t\t<div class=\"elementor-element elementor-element-5ea31f1d elementor-widget elementor-widget-text-editor\" data-id=\"5ea31f1d\" data-element_type=\"widget\" data-widget_type=\"text-editor.default\">\n\t\t\t\t<div class=\"elementor-widget-container\">\n\t\t\t\t\t\t\t\t\t<p style=\"text-align: center;\">Poliklinika Kr\u00e1l\u016fv Dv\u016fr<br \/>Pr\u016fmyslov\u00e1 614<br \/>267 01 Kr\u00e1l\u016fv Dv\u016fr<\/p>\t\t\t\t\t\t\t\t<\/div>\n\t\t\t\t<\/div>\n\t\t\t\t\t<\/div>\n\t\t<\/div>\n\t\t\t\t<div class=\"elementor-column elementor-col-50 elementor-inner-column elementor-element elementor-element-2fb2c73c\" data-id=\"2fb2c73c\" data-element_type=\"column\">\n\t\t\t<div class=\"elementor-widget-wrap elementor-element-populated\">\n\t\t\t\t\t\t<div class=\"elementor-element elementor-element-a0f8cb1 elementor-widget elementor-widget-spacer\" data-id=\"a0f8cb1\" data-element_type=\"widget\" data-widget_type=\"spacer.default\">\n\t\t\t\t<div class=\"elementor-widget-container\">\n\t\t\t\t\t\t\t<div class=\"elementor-spacer\">\n\t\t\t<div class=\"elementor-spacer-inner\"><\/div>\n\t\t<\/div>\n\t\t\t\t\t\t<\/div>\n\t\t\t\t<\/div>\n\t\t\t\t<div class=\"elementor-element elementor-element-fabebd0 elementor-widget elementor-widget-heading\" data-id=\"fabebd0\" data-element_type=\"widget\" data-widget_type=\"heading.default\">\n\t\t\t\t<div class=\"elementor-widget-container\">\n\t\t\t\t\t<h6 class=\"elementor-heading-title elementor-size-default\">Kontaktn\u00ed osoba:<\/h6>\t\t\t\t<\/div>\n\t\t\t\t<\/div>\n\t\t\t\t<div class=\"elementor-element elementor-element-7d8e808 elementor-align-center elementor-icon-list--layout-traditional elementor-list-item-link-full_width elementor-widget elementor-widget-icon-list\" data-id=\"7d8e808\" data-element_type=\"widget\" data-widget_type=\"icon-list.default\">\n\t\t\t\t<div class=\"elementor-widget-container\">\n\t\t\t\t\t\t\t<ul class=\"elementor-icon-list-items\">\n\t\t\t\t\t\t\t<li class=\"elementor-icon-list-item\">\n\t\t\t\t\t\t\t\t\t\t\t<span class=\"elementor-icon-list-icon\">\n\t\t\t\t\t\t\t<i aria-hidden=\"true\" class=\"far fa-address-card\"><\/i>\t\t\t\t\t\t<\/span>\n\t\t\t\t\t\t\t\t\t\t<span class=\"elementor-icon-list-text\">Mona Zabarah<\/span>\n\t\t\t\t\t\t\t\t\t<\/li>\n\t\t\t\t\t\t\t\t<li class=\"elementor-icon-list-item\">\n\t\t\t\t\t\t\t\t\t\t\t<a href=\"http:\/\/zabarah@poliklinikapraha.cz%20\">\n\n\t\t\t\t\t\t\t\t\t\t\t\t<span class=\"elementor-icon-list-icon\">\n\t\t\t\t\t\t\t<i aria-hidden=\"true\" class=\"fas fa-envelope\"><\/i>\t\t\t\t\t\t<\/span>\n\t\t\t\t\t\t\t\t\t\t<span class=\"elementor-icon-list-text\">zabarah@poliklinikapraha.cz <\/span>\n\t\t\t\t\t\t\t\t\t\t\t<\/a>\n\t\t\t\t\t\t\t\t\t<\/li>\n\t\t\t\t\t\t<\/ul>\n\t\t\t\t\t\t<\/div>\n\t\t\t\t<\/div>\n\t\t\t\t\t<\/div>\n\t\t<\/div>\n\t\t\t\t\t<\/div>\n\t\t<\/section>\n\t\t\t\t<div class=\"elementor-element elementor-element-7d7adade elementor-widget elementor-widget-google_maps\" data-id=\"7d7adade\" data-element_type=\"widget\" data-widget_type=\"google_maps.default\">\n\t\t\t\t<div class=\"elementor-widget-container\">\n\t\t\t\t\t\t\t<div class=\"elementor-custom-embed\">\n\t\t\t<iframe loading=\"lazy\"\n\t\t\t\t\tsrc=\"https:\/\/maps.google.com\/maps?q=Poliklinika%20Kr%C3%A1l%C5%AFv%20Dv%C5%AFr%2C%20Pr%C5%AFmyslov%C3%A1%20614%2C%20267%2001%20Kr%C3%A1l%C5%AFv%20Dv%C5%AFr&#038;t=m&#038;z=15&#038;output=embed&#038;iwloc=near\"\n\t\t\t\t\ttitle=\"Poliklinika Kr\u00e1l\u016fv Dv\u016fr, Pr\u016fmyslov\u00e1 614, 267 01 Kr\u00e1l\u016fv Dv\u016fr\"\n\t\t\t\t\taria-label=\"Poliklinika Kr\u00e1l\u016fv Dv\u016fr, Pr\u016fmyslov\u00e1 614, 267 01 Kr\u00e1l\u016fv Dv\u016fr\"\n\t\t\t><\/iframe>\n\t\t<\/div>\n\t\t\t\t\t\t<\/div>\n\t\t\t\t<\/div>\n\t\t\t\t\t<\/div>\n\t\t<\/div>\n\t\t\t\t<div class=\"elementor-column elementor-col-33 elementor-top-column elementor-element elementor-element-397d47c7 top_list\" data-id=\"397d47c7\" data-element_type=\"column\">\n\t\t\t<div class=\"elementor-widget-wrap elementor-element-populated\">\n\t\t\t\t\t\t<div class=\"elementor-element elementor-element-1d1926d0 elementor-widget elementor-widget-html\" data-id=\"1d1926d0\" data-element_type=\"widget\" data-widget_type=\"html.default\">\n\t\t\t\t<div class=\"elementor-widget-container\">\n\t\t\t\t\t<ul>\r\n \t<a href=\"\/gynekologie-kraluv-dvur\">\r\n \t    <li>Gynekologie\r\n \t    <\/li>\r\n \t<\/a>\r\n \t\t<a href=\"\/kardiologie-kraluv-dvur\">\r\n \t    <li>Kardiologie\r\n \t    <\/li>\r\n \t<\/a> \r\n \t<a href=\"\/ortopedie-kd\">\r\n \t    <li>Ortopedie\r\n \t    <\/li>\r\n \t<\/a>\r\n \t\t<a href=\"\/psychiatrie-kraluv-dvur\">\r\n \t    <li>Psychiatrie\r\n \t    <\/li>\r\n \t<\/a>\r\n \t<a href=\"\/rehabilitace-kraluv-dvur\">\r\n \t    <li>Rehabilitace\r\n \t    <\/li>\r\n \t<\/a>\r\n \t<a href=\"\/rtg-pracoviste-kraluv-dvur\">\r\n \t    <li>RTG pracovi\u0161t\u011b\r\n \t    <\/li>\r\n \t<\/a>\r\n \t<a href=\"\/ultrazvuk-kraluv-dvur\">\r\n \t    <li>Sono a ECHO\r\n \t    <\/li>\r\n \t<\/a>\r\n<\/ul>\t\t\t\t<\/div>\n\t\t\t\t<\/div>\n\t\t\t\t<div class=\"elementor-element elementor-element-31f0804 elementor-widget elementor-widget-image\" data-id=\"31f0804\" data-element_type=\"widget\" data-widget_type=\"image.default\">\n\t\t\t\t<div class=\"elementor-widget-container\">\n\t\t\t\t\t\t\t\t\t\t\t\t\t\t\t<img fetchpriority=\"high\" decoding=\"async\" width=\"768\" height=\"578\" src=\"https:\/\/poliklinikacz.cz\/wp-content\/uploads\/2025\/03\/kraluv-dvur-768x578.jpg\" class=\"attachment-medium_large size-medium_large wp-image-10770\" alt=\"\" srcset=\"https:\/\/poliklinikacz.cz\/wp-content\/uploads\/2025\/03\/kraluv-dvur-768x578.jpg 768w, https:\/\/poliklinikacz.cz\/wp-content\/uploads\/2025\/03\/kraluv-dvur-300x226.jpg 300w, https:\/\/poliklinikacz.cz\/wp-content\/uploads\/2025\/03\/kraluv-dvur-1024x771.jpg 1024w, https:\/\/poliklinikacz.cz\/wp-content\/uploads\/2025\/03\/kraluv-dvur-1536x1156.jpg 1536w, https:\/\/poliklinikacz.cz\/wp-content\/uploads\/2025\/03\/kraluv-dvur-920x692.jpg 920w, https:\/\/poliklinikacz.cz\/wp-content\/uploads\/2025\/03\/kraluv-dvur-230x173.jpg 230w, https:\/\/poliklinikacz.cz\/wp-content\/uploads\/2025\/03\/kraluv-dvur-350x263.jpg 350w, https:\/\/poliklinikacz.cz\/wp-content\/uploads\/2025\/03\/kraluv-dvur-480x361.jpg 480w, https:\/\/poliklinikacz.cz\/wp-content\/uploads\/2025\/03\/kraluv-dvur.jpg 1600w\" sizes=\"(max-width: 768px) 100vw, 768px\" \/>\t\t\t\t\t\t\t\t\t\t\t\t\t\t\t<\/div>\n\t\t\t\t<\/div>\n\t\t\t\t\t<\/div>\n\t\t<\/div>\n\t\t\t\t\t<\/div>\n\t\t<\/section>\n\t\t\t\t<\/div>\n\t\t","protected":false},"excerpt":{"rendered":"<p>Ambulance Kr\u00e1l\u016fv Dv\u016fr Kde n\u00e1s najdete Poliklinika Kr\u00e1l\u016fv Dv\u016frPr\u016fmyslov\u00e1 614267 01 Kr\u00e1l\u016fv Dv\u016fr Kontaktn\u00ed osoba: Mona Zabarah zabarah@poliklinikapraha.cz Gynekologie Kardiologie Ortopedie Psychiatrie [&hellip;]<\/p>\n","protected":false},"author":1,"featured_media":0,"parent":0,"menu_order":0,"comment_status":"closed","ping_status":"closed","template":"elementor_header_footer","meta":{"footnotes":""},"class_list":["post-130","page","type-page","status-publish","hentry"],"_links":{"self":[{"href":"https:\/\/poliklinikacz.cz\/zdravotnicka-zarizeni\/wp-json\/wp\/v2\/pages\/130","targetHints":{"allow":["GET"]}}],"collection":[{"href":"https:\/\/poliklinikacz.cz\/zdravotnicka-zarizeni\/wp-json\/wp\/v2\/pages"}],"about":[{"href":"https:\/\/poliklinikacz.cz\/zdravotnicka-zarizeni\/wp-json\/wp\/v2\/types\/page"}],"author":[{"embeddable":true,"href":"https:\/\/poliklinikacz.cz\/zdravotnicka-zarizeni\/wp-json\/wp\/v2\/users\/1"}],"replies":[{"embeddable":true,"href":"https:\/\/poliklinikacz.cz\/zdravotnicka-zarizeni\/wp-json\/wp\/v2\/comments?post=130"}],"version-history":[{"count":78,"href":"https:\/\/poliklinikacz.cz\/zdravotnicka-zarizeni\/wp-json\/wp\/v2\/pages\/130\/revisions"}],"predecessor-version":[{"id":12233,"href":"https:\/\/poliklinikacz.cz\/zdravotnicka-zarizeni\/wp-json\/wp\/v2\/pages\/130\/revisions\/12233"}],"wp:attachment":[{"href":"https:\/\/poliklinikacz.cz\/zdravotnicka-zarizeni\/wp-json\/wp\/v2\/media?parent=130"}],"curies":[{"name":"wp","href":"https:\/\/api.w.org\/{rel}","templated":true}]}}