{"id":133,"date":"2020-08-25T18:23:11","date_gmt":"2020-08-25T18:23:11","guid":{"rendered":"http:\/\/poliklinikacz.cz\/?page_id=133"},"modified":"2025-12-08T11:05:15","modified_gmt":"2025-12-08T10:05:15","slug":"poliklinika-chomutovicka","status":"publish","type":"page","link":"https:\/\/poliklinikacz.cz\/zdravotnicka-zarizeni\/poliklinika-chomutovicka\/","title":{"rendered":"Poliklinika Chomutovick\u00e1"},"content":{"rendered":"\t\t<div data-elementor-type=\"wp-page\" data-elementor-id=\"133\" class=\"elementor elementor-133\" data-elementor-post-type=\"page\">\n\t\t\t\t\t\t<section class=\"elementor-section elementor-top-section elementor-element elementor-element-35e1904 elementor-section-stretched elementor-section-boxed elementor-section-height-default elementor-section-height-default\" data-id=\"35e1904\" data-element_type=\"section\" data-settings=\"{&quot;stretch_section&quot;:&quot;section-stretched&quot;}\">\n\t\t\t\t\t\t<div class=\"elementor-container elementor-column-gap-default\">\n\t\t\t\t\t<div class=\"elementor-column elementor-col-66 elementor-top-column elementor-element elementor-element-d2c3792\" data-id=\"d2c3792\" data-element_type=\"column\">\n\t\t\t<div class=\"elementor-widget-wrap elementor-element-populated\">\n\t\t\t\t\t\t<div class=\"elementor-element elementor-element-761684f elementor-widget elementor-widget-heading\" data-id=\"761684f\" data-element_type=\"widget\" data-widget_type=\"heading.default\">\n\t\t\t\t<div class=\"elementor-widget-container\">\n\t\t\t\t\t<h3 class=\"elementor-heading-title elementor-size-default\">Poliklinika Chomutovick\u00e1<\/h3>\t\t\t\t<\/div>\n\t\t\t\t<\/div>\n\t\t\t\t<div class=\"elementor-element elementor-element-3835afe elementor-widget elementor-widget-text-editor\" data-id=\"3835afe\" data-element_type=\"widget\" data-widget_type=\"text-editor.default\">\n\t\t\t\t<div class=\"elementor-widget-container\">\n\t\t\t\t\t\t\t\t\t<p>Poliklinika Chomutovick\u00e1 nab\u00edz\u00ed \u0161irokou \u0161k\u00e1lu zdravotnick\u00fdch slu\u017eeb v p\u0159\u00edjemn\u00e9m a modern\u00edm prost\u0159ed\u00ed. V objektu se nach\u00e1z\u00ed ordinace stomatologie, dent\u00e1ln\u00ed hygieny, neurologie, fyzioterapie, rehabilita\u010dn\u00ed a fyzik\u00e1ln\u00ed medic\u00edny, psychiatrie a estetick\u00e9 studio.<\/p>\t\t\t\t\t\t\t\t<\/div>\n\t\t\t\t<\/div>\n\t\t\t\t<div class=\"elementor-element elementor-element-9ad9f3a elementor-widget-divider--view-line elementor-widget elementor-widget-divider\" data-id=\"9ad9f3a\" data-element_type=\"widget\" data-widget_type=\"divider.default\">\n\t\t\t\t<div class=\"elementor-widget-container\">\n\t\t\t\t\t\t\t<div class=\"elementor-divider\">\n\t\t\t<span class=\"elementor-divider-separator\">\n\t\t\t\t\t\t<\/span>\n\t\t<\/div>\n\t\t\t\t\t\t<\/div>\n\t\t\t\t<\/div>\n\t\t\t\t<div class=\"elementor-element elementor-element-a1c6e6e elementor-widget elementor-widget-heading\" data-id=\"a1c6e6e\" data-element_type=\"widget\" data-widget_type=\"heading.default\">\n\t\t\t\t<div class=\"elementor-widget-container\">\n\t\t\t\t\t<h3 class=\"elementor-heading-title elementor-size-default\">Kde n\u00e1s najdete<\/h3>\t\t\t\t<\/div>\n\t\t\t\t<\/div>\n\t\t\t\t<section class=\"elementor-section elementor-inner-section elementor-element elementor-element-bacab93 elementor-section-boxed elementor-section-height-default elementor-section-height-default\" data-id=\"bacab93\" data-element_type=\"section\">\n\t\t\t\t\t\t<div class=\"elementor-container elementor-column-gap-default\">\n\t\t\t\t\t<div class=\"elementor-column elementor-col-50 elementor-inner-column elementor-element elementor-element-94d9b7c\" data-id=\"94d9b7c\" data-element_type=\"column\">\n\t\t\t<div class=\"elementor-widget-wrap elementor-element-populated\">\n\t\t\t\t\t\t<div class=\"elementor-element elementor-element-639caa4 elementor-view-default elementor-widget elementor-widget-icon\" data-id=\"639caa4\" data-element_type=\"widget\" data-widget_type=\"icon.default\">\n\t\t\t\t<div class=\"elementor-widget-container\">\n\t\t\t\t\t\t\t<div class=\"elementor-icon-wrapper\">\n\t\t\t<div class=\"elementor-icon\">\n\t\t\t<i aria-hidden=\"true\" class=\"fas fa-home\"><\/i>\t\t\t<\/div>\n\t\t<\/div>\n\t\t\t\t\t\t<\/div>\n\t\t\t\t<\/div>\n\t\t\t\t<div class=\"elementor-element elementor-element-bf480f4 elementor-widget elementor-widget-text-editor\" data-id=\"bf480f4\" data-element_type=\"widget\" data-widget_type=\"text-editor.default\">\n\t\t\t\t<div class=\"elementor-widget-container\">\n\t\t\t\t\t\t\t\t\t<p>Poliklinika Chomutovick\u00e1<br \/>Chomutovick\u00e1 1444\/2<br \/>149 00 Praha 11<\/p>\t\t\t\t\t\t\t\t<\/div>\n\t\t\t\t<\/div>\n\t\t\t\t\t<\/div>\n\t\t<\/div>\n\t\t\t\t<div class=\"elementor-column elementor-col-50 elementor-inner-column elementor-element elementor-element-942d457\" data-id=\"942d457\" data-element_type=\"column\">\n\t\t\t<div class=\"elementor-widget-wrap elementor-element-populated\">\n\t\t\t\t\t\t<div class=\"elementor-element elementor-element-b7b0505 elementor-widget elementor-widget-text-editor\" data-id=\"b7b0505\" data-element_type=\"widget\" data-widget_type=\"text-editor.default\">\n\t\t\t\t<div class=\"elementor-widget-container\">\n\t\t\t\t\t\t\t\t\t<b>pro zdravotn\u00ed z\u00e1le\u017eitosti:<\/b>\nVyberte konkr\u00e9tn\u00ed pracovi\u0161t\u011b v prav\u00e9m sloupci, p\u0159\u00edpadn\u011b pi\u0161te na email: <a href=\"mailto:info@poliklinikapraha.cz\">info@poliklinikapraha.cz<\/a>\t\t\t\t\t\t\t\t<\/div>\n\t\t\t\t<\/div>\n\t\t\t\t<div class=\"elementor-element elementor-element-e615076 elementor-widget elementor-widget-heading\" data-id=\"e615076\" data-element_type=\"widget\" data-widget_type=\"heading.default\">\n\t\t\t\t<div class=\"elementor-widget-container\">\n\t\t\t\t\t<h6 class=\"elementor-heading-title elementor-size-default\">Provozn\u00ed \u0159editel:<\/h6>\t\t\t\t<\/div>\n\t\t\t\t<\/div>\n\t\t\t\t<div class=\"elementor-element elementor-element-de15e14 elementor-align-center elementor-icon-list--layout-traditional elementor-list-item-link-full_width elementor-widget elementor-widget-icon-list\" data-id=\"de15e14\" data-element_type=\"widget\" data-widget_type=\"icon-list.default\">\n\t\t\t\t<div class=\"elementor-widget-container\">\n\t\t\t\t\t\t\t<ul class=\"elementor-icon-list-items\">\n\t\t\t\t\t\t\t<li class=\"elementor-icon-list-item\">\n\t\t\t\t\t\t\t\t\t\t\t<span class=\"elementor-icon-list-icon\">\n\t\t\t\t\t\t\t<i aria-hidden=\"true\" class=\"far fa-address-card\"><\/i>\t\t\t\t\t\t<\/span>\n\t\t\t\t\t\t\t\t\t\t<span class=\"elementor-icon-list-text\">Ing. Daniel Gerle<\/span>\n\t\t\t\t\t\t\t\t\t<\/li>\n\t\t\t\t\t\t\t\t<li class=\"elementor-icon-list-item\">\n\t\t\t\t\t\t\t\t\t\t\t<a href=\"mailto:daniel.gerle@poliklinikapraha.cz%20\">\n\n\t\t\t\t\t\t\t\t\t\t\t\t<span class=\"elementor-icon-list-icon\">\n\t\t\t\t\t\t\t<i aria-hidden=\"true\" class=\"far fa-envelope\"><\/i>\t\t\t\t\t\t<\/span>\n\t\t\t\t\t\t\t\t\t\t<span class=\"elementor-icon-list-text\">daniel.gerle@poliklinikapraha.cz <\/span>\n\t\t\t\t\t\t\t\t\t\t\t<\/a>\n\t\t\t\t\t\t\t\t\t<\/li>\n\t\t\t\t\t\t<\/ul>\n\t\t\t\t\t\t<\/div>\n\t\t\t\t<\/div>\n\t\t\t\t\t<\/div>\n\t\t<\/div>\n\t\t\t\t\t<\/div>\n\t\t<\/section>\n\t\t\t\t<div class=\"elementor-element elementor-element-2873fd3 elementor-widget elementor-widget-google_maps\" data-id=\"2873fd3\" data-element_type=\"widget\" data-widget_type=\"google_maps.default\">\n\t\t\t\t<div class=\"elementor-widget-container\">\n\t\t\t\t\t\t\t<div class=\"elementor-custom-embed\">\n\t\t\t<iframe loading=\"lazy\"\n\t\t\t\t\tsrc=\"https:\/\/maps.google.com\/maps?q=polymedica%20cz&#038;t=m&#038;z=15&#038;output=embed&#038;iwloc=near\"\n\t\t\t\t\ttitle=\"polymedica cz\"\n\t\t\t\t\taria-label=\"polymedica cz\"\n\t\t\t><\/iframe>\n\t\t<\/div>\n\t\t\t\t\t\t<\/div>\n\t\t\t\t<\/div>\n\t\t\t\t<div class=\"elementor-element elementor-element-edfd3ee elementor-arrows-position-inside elementor-widget elementor-widget-image-carousel\" data-id=\"edfd3ee\" data-element_type=\"widget\" data-settings=\"{&quot;navigation&quot;:&quot;arrows&quot;,&quot;autoplay_speed&quot;:4000,&quot;autoplay&quot;:&quot;yes&quot;,&quot;pause_on_hover&quot;:&quot;yes&quot;,&quot;pause_on_interaction&quot;:&quot;yes&quot;,&quot;infinite&quot;:&quot;yes&quot;,&quot;speed&quot;:500}\" data-widget_type=\"image-carousel.default\">\n\t\t\t\t<div class=\"elementor-widget-container\">\n\t\t\t\t\t\t\t<div class=\"elementor-image-carousel-wrapper swiper\" role=\"region\" aria-roledescription=\"carousel\" aria-label=\"Obr\u00e1zkov\u00fd koloto\u010d\" dir=\"ltr\">\n\t\t\t<div class=\"elementor-image-carousel swiper-wrapper\" aria-live=\"off\">\n\t\t\t\t\t\t\t\t<div class=\"swiper-slide\" role=\"group\" aria-roledescription=\"slide\" aria-label=\"1 z 19\"><a data-elementor-open-lightbox=\"yes\" data-elementor-lightbox-slideshow=\"edfd3ee\" data-elementor-lightbox-title=\"IMG_3482-HDR\" data-e-action-hash=\"#elementor-action%3Aaction%3Dlightbox%26settings%3DeyJpZCI6NjczLCJ1cmwiOiJodHRwczpcL1wvcG9saWtsaW5pa2Fjei5jelwvd3AtY29udGVudFwvdXBsb2Fkc1wvMjAyMFwvMDlcL0lNR18zNDgyLUhEUi1zY2FsZWQuanBnIiwic2xpZGVzaG93IjoiZWRmZDNlZSJ9\" href=\"https:\/\/poliklinikacz.cz\/wp-content\/uploads\/2020\/09\/IMG_3482-HDR-scaled.jpg\"><figure class=\"swiper-slide-inner\"><img decoding=\"async\" class=\"swiper-slide-image\" src=\"https:\/\/poliklinikacz.cz\/wp-content\/uploads\/2020\/09\/IMG_3482-HDR-300x200.jpg\" alt=\"IMG_3482-HDR\" \/><\/figure><\/a><\/div><div class=\"swiper-slide\" role=\"group\" aria-roledescription=\"slide\" aria-label=\"2 z 19\"><a data-elementor-open-lightbox=\"yes\" data-elementor-lightbox-slideshow=\"edfd3ee\" data-elementor-lightbox-title=\"IMG_3486\" data-e-action-hash=\"#elementor-action%3Aaction%3Dlightbox%26settings%3DeyJpZCI6Njc1LCJ1cmwiOiJodHRwczpcL1wvcG9saWtsaW5pa2Fjei5jelwvd3AtY29udGVudFwvdXBsb2Fkc1wvMjAyMFwvMDlcL0lNR18zNDg2LXNjYWxlZC5qcGciLCJzbGlkZXNob3ciOiJlZGZkM2VlIn0%3D\" href=\"https:\/\/poliklinikacz.cz\/wp-content\/uploads\/2020\/09\/IMG_3486-scaled.jpg\"><figure class=\"swiper-slide-inner\"><img decoding=\"async\" class=\"swiper-slide-image\" src=\"https:\/\/poliklinikacz.cz\/wp-content\/uploads\/2020\/09\/IMG_3486-300x200.jpg\" alt=\"IMG_3486\" \/><\/figure><\/a><\/div><div class=\"swiper-slide\" role=\"group\" aria-roledescription=\"slide\" aria-label=\"3 z 19\"><a data-elementor-open-lightbox=\"yes\" data-elementor-lightbox-slideshow=\"edfd3ee\" data-elementor-lightbox-title=\"IMG_3489\" data-e-action-hash=\"#elementor-action%3Aaction%3Dlightbox%26settings%3DeyJpZCI6Njc2LCJ1cmwiOiJodHRwczpcL1wvcG9saWtsaW5pa2Fjei5jelwvd3AtY29udGVudFwvdXBsb2Fkc1wvMjAyMFwvMDlcL0lNR18zNDg5LXNjYWxlZC5qcGciLCJzbGlkZXNob3ciOiJlZGZkM2VlIn0%3D\" href=\"https:\/\/poliklinikacz.cz\/wp-content\/uploads\/2020\/09\/IMG_3489-scaled.jpg\"><figure class=\"swiper-slide-inner\"><img decoding=\"async\" class=\"swiper-slide-image\" src=\"https:\/\/poliklinikacz.cz\/wp-content\/uploads\/2020\/09\/IMG_3489-300x200.jpg\" alt=\"IMG_3489\" \/><\/figure><\/a><\/div><div class=\"swiper-slide\" role=\"group\" aria-roledescription=\"slide\" aria-label=\"4 z 19\"><a data-elementor-open-lightbox=\"yes\" data-elementor-lightbox-slideshow=\"edfd3ee\" data-elementor-lightbox-title=\"DJI_0263\" data-e-action-hash=\"#elementor-action%3Aaction%3Dlightbox%26settings%3DeyJpZCI6NjcwLCJ1cmwiOiJodHRwczpcL1wvcG9saWtsaW5pa2Fjei5jelwvd3AtY29udGVudFwvdXBsb2Fkc1wvMjAyMFwvMDlcL0RKSV8wMjYzLXNjYWxlZC5qcGciLCJzbGlkZXNob3ciOiJlZGZkM2VlIn0%3D\" href=\"https:\/\/poliklinikacz.cz\/wp-content\/uploads\/2020\/09\/DJI_0263-scaled.jpg\"><figure class=\"swiper-slide-inner\"><img decoding=\"async\" class=\"swiper-slide-image\" src=\"https:\/\/poliklinikacz.cz\/wp-content\/uploads\/2020\/09\/DJI_0263-300x200.jpg\" alt=\"DJI_0263\" \/><\/figure><\/a><\/div><div class=\"swiper-slide\" role=\"group\" aria-roledescription=\"slide\" aria-label=\"5 z 19\"><a data-elementor-open-lightbox=\"yes\" data-elementor-lightbox-slideshow=\"edfd3ee\" data-elementor-lightbox-title=\"IMG_3491-HDR\" data-e-action-hash=\"#elementor-action%3Aaction%3Dlightbox%26settings%3DeyJpZCI6Njc3LCJ1cmwiOiJodHRwczpcL1wvcG9saWtsaW5pa2Fjei5jelwvd3AtY29udGVudFwvdXBsb2Fkc1wvMjAyMFwvMDlcL0lNR18zNDkxLUhEUi1zY2FsZWQuanBnIiwic2xpZGVzaG93IjoiZWRmZDNlZSJ9\" href=\"https:\/\/poliklinikacz.cz\/wp-content\/uploads\/2020\/09\/IMG_3491-HDR-scaled.jpg\"><figure class=\"swiper-slide-inner\"><img decoding=\"async\" class=\"swiper-slide-image\" src=\"https:\/\/poliklinikacz.cz\/wp-content\/uploads\/2020\/09\/IMG_3491-HDR-300x200.jpg\" alt=\"IMG_3491-HDR\" \/><\/figure><\/a><\/div><div class=\"swiper-slide\" role=\"group\" aria-roledescription=\"slide\" aria-label=\"6 z 19\"><a data-elementor-open-lightbox=\"yes\" data-elementor-lightbox-slideshow=\"edfd3ee\" data-elementor-lightbox-title=\"IMG_3484-HDR\" data-e-action-hash=\"#elementor-action%3Aaction%3Dlightbox%26settings%3DeyJpZCI6Njc0LCJ1cmwiOiJodHRwczpcL1wvcG9saWtsaW5pa2Fjei5jelwvd3AtY29udGVudFwvdXBsb2Fkc1wvMjAyMFwvMDlcL0lNR18zNDg0LUhEUi1zY2FsZWQuanBnIiwic2xpZGVzaG93IjoiZWRmZDNlZSJ9\" href=\"https:\/\/poliklinikacz.cz\/wp-content\/uploads\/2020\/09\/IMG_3484-HDR-scaled.jpg\"><figure class=\"swiper-slide-inner\"><img decoding=\"async\" class=\"swiper-slide-image\" src=\"https:\/\/poliklinikacz.cz\/wp-content\/uploads\/2020\/09\/IMG_3484-HDR-300x200.jpg\" alt=\"IMG_3484-HDR\" \/><\/figure><\/a><\/div><div class=\"swiper-slide\" role=\"group\" aria-roledescription=\"slide\" aria-label=\"7 z 19\"><a data-elementor-open-lightbox=\"yes\" data-elementor-lightbox-slideshow=\"edfd3ee\" data-elementor-lightbox-title=\"IMG_3493-HDR\" data-e-action-hash=\"#elementor-action%3Aaction%3Dlightbox%26settings%3DeyJpZCI6Njc4LCJ1cmwiOiJodHRwczpcL1wvcG9saWtsaW5pa2Fjei5jelwvd3AtY29udGVudFwvdXBsb2Fkc1wvMjAyMFwvMDlcL0lNR18zNDkzLUhEUi1zY2FsZWQuanBnIiwic2xpZGVzaG93IjoiZWRmZDNlZSJ9\" href=\"https:\/\/poliklinikacz.cz\/wp-content\/uploads\/2020\/09\/IMG_3493-HDR-scaled.jpg\"><figure class=\"swiper-slide-inner\"><img decoding=\"async\" class=\"swiper-slide-image\" src=\"https:\/\/poliklinikacz.cz\/wp-content\/uploads\/2020\/09\/IMG_3493-HDR-300x200.jpg\" alt=\"IMG_3493-HDR\" \/><\/figure><\/a><\/div><div class=\"swiper-slide\" role=\"group\" aria-roledescription=\"slide\" aria-label=\"8 z 19\"><a data-elementor-open-lightbox=\"yes\" data-elementor-lightbox-slideshow=\"edfd3ee\" data-elementor-lightbox-title=\"IMG_3500-HDR\" data-e-action-hash=\"#elementor-action%3Aaction%3Dlightbox%26settings%3DeyJpZCI6NjgxLCJ1cmwiOiJodHRwczpcL1wvcG9saWtsaW5pa2Fjei5jelwvd3AtY29udGVudFwvdXBsb2Fkc1wvMjAyMFwvMDlcL0lNR18zNTAwLUhEUi1zY2FsZWQuanBnIiwic2xpZGVzaG93IjoiZWRmZDNlZSJ9\" href=\"https:\/\/poliklinikacz.cz\/wp-content\/uploads\/2020\/09\/IMG_3500-HDR-scaled.jpg\"><figure class=\"swiper-slide-inner\"><img decoding=\"async\" class=\"swiper-slide-image\" src=\"https:\/\/poliklinikacz.cz\/wp-content\/uploads\/2020\/09\/IMG_3500-HDR-300x200.jpg\" alt=\"IMG_3500-HDR\" \/><\/figure><\/a><\/div><div class=\"swiper-slide\" role=\"group\" aria-roledescription=\"slide\" aria-label=\"9 z 19\"><a data-elementor-open-lightbox=\"yes\" data-elementor-lightbox-slideshow=\"edfd3ee\" data-elementor-lightbox-title=\"IMG_3512-HDR\" data-e-action-hash=\"#elementor-action%3Aaction%3Dlightbox%26settings%3DeyJpZCI6Njg0LCJ1cmwiOiJodHRwczpcL1wvcG9saWtsaW5pa2Fjei5jelwvd3AtY29udGVudFwvdXBsb2Fkc1wvMjAyMFwvMDlcL0lNR18zNTEyLUhEUi1zY2FsZWQuanBnIiwic2xpZGVzaG93IjoiZWRmZDNlZSJ9\" href=\"https:\/\/poliklinikacz.cz\/wp-content\/uploads\/2020\/09\/IMG_3512-HDR-scaled.jpg\"><figure class=\"swiper-slide-inner\"><img decoding=\"async\" class=\"swiper-slide-image\" src=\"https:\/\/poliklinikacz.cz\/wp-content\/uploads\/2020\/09\/IMG_3512-HDR-300x200.jpg\" alt=\"IMG_3512-HDR\" \/><\/figure><\/a><\/div><div class=\"swiper-slide\" role=\"group\" aria-roledescription=\"slide\" aria-label=\"10 z 19\"><a data-elementor-open-lightbox=\"yes\" data-elementor-lightbox-slideshow=\"edfd3ee\" data-elementor-lightbox-title=\"IMG_3505-HDR\" data-e-action-hash=\"#elementor-action%3Aaction%3Dlightbox%26settings%3DeyJpZCI6NjgyLCJ1cmwiOiJodHRwczpcL1wvcG9saWtsaW5pa2Fjei5jelwvd3AtY29udGVudFwvdXBsb2Fkc1wvMjAyMFwvMDlcL0lNR18zNTA1LUhEUi1zY2FsZWQuanBnIiwic2xpZGVzaG93IjoiZWRmZDNlZSJ9\" href=\"https:\/\/poliklinikacz.cz\/wp-content\/uploads\/2020\/09\/IMG_3505-HDR-scaled.jpg\"><figure class=\"swiper-slide-inner\"><img decoding=\"async\" class=\"swiper-slide-image\" src=\"https:\/\/poliklinikacz.cz\/wp-content\/uploads\/2020\/09\/IMG_3505-HDR-300x200.jpg\" alt=\"IMG_3505-HDR\" \/><\/figure><\/a><\/div><div class=\"swiper-slide\" role=\"group\" aria-roledescription=\"slide\" aria-label=\"11 z 19\"><a data-elementor-open-lightbox=\"yes\" data-elementor-lightbox-slideshow=\"edfd3ee\" data-elementor-lightbox-title=\"IMG_3494\" data-e-action-hash=\"#elementor-action%3Aaction%3Dlightbox%26settings%3DeyJpZCI6Njc5LCJ1cmwiOiJodHRwczpcL1wvcG9saWtsaW5pa2Fjei5jelwvd3AtY29udGVudFwvdXBsb2Fkc1wvMjAyMFwvMDlcL0lNR18zNDk0LXNjYWxlZC5qcGciLCJzbGlkZXNob3ciOiJlZGZkM2VlIn0%3D\" href=\"https:\/\/poliklinikacz.cz\/wp-content\/uploads\/2020\/09\/IMG_3494-scaled.jpg\"><figure class=\"swiper-slide-inner\"><img decoding=\"async\" class=\"swiper-slide-image\" src=\"https:\/\/poliklinikacz.cz\/wp-content\/uploads\/2020\/09\/IMG_3494-300x200.jpg\" alt=\"IMG_3494\" \/><\/figure><\/a><\/div><div class=\"swiper-slide\" role=\"group\" aria-roledescription=\"slide\" aria-label=\"12 z 19\"><a data-elementor-open-lightbox=\"yes\" data-elementor-lightbox-slideshow=\"edfd3ee\" data-elementor-lightbox-title=\"IMG_3517-HDR\" data-e-action-hash=\"#elementor-action%3Aaction%3Dlightbox%26settings%3DeyJpZCI6Njg3LCJ1cmwiOiJodHRwczpcL1wvcG9saWtsaW5pa2Fjei5jelwvd3AtY29udGVudFwvdXBsb2Fkc1wvMjAyMFwvMDlcL0lNR18zNTE3LUhEUi1zY2FsZWQuanBnIiwic2xpZGVzaG93IjoiZWRmZDNlZSJ9\" href=\"https:\/\/poliklinikacz.cz\/wp-content\/uploads\/2020\/09\/IMG_3517-HDR-scaled.jpg\"><figure class=\"swiper-slide-inner\"><img decoding=\"async\" class=\"swiper-slide-image\" src=\"https:\/\/poliklinikacz.cz\/wp-content\/uploads\/2020\/09\/IMG_3517-HDR-300x200.jpg\" alt=\"IMG_3517-HDR\" \/><\/figure><\/a><\/div><div class=\"swiper-slide\" role=\"group\" aria-roledescription=\"slide\" aria-label=\"13 z 19\"><a data-elementor-open-lightbox=\"yes\" data-elementor-lightbox-slideshow=\"edfd3ee\" data-elementor-lightbox-title=\"IMG_3520\" data-e-action-hash=\"#elementor-action%3Aaction%3Dlightbox%26settings%3DeyJpZCI6Njg4LCJ1cmwiOiJodHRwczpcL1wvcG9saWtsaW5pa2Fjei5jelwvd3AtY29udGVudFwvdXBsb2Fkc1wvMjAyMFwvMDlcL0lNR18zNTIwLXNjYWxlZC5qcGciLCJzbGlkZXNob3ciOiJlZGZkM2VlIn0%3D\" href=\"https:\/\/poliklinikacz.cz\/wp-content\/uploads\/2020\/09\/IMG_3520-scaled.jpg\"><figure class=\"swiper-slide-inner\"><img decoding=\"async\" class=\"swiper-slide-image\" src=\"https:\/\/poliklinikacz.cz\/wp-content\/uploads\/2020\/09\/IMG_3520-300x200.jpg\" alt=\"IMG_3520\" \/><\/figure><\/a><\/div><div class=\"swiper-slide\" role=\"group\" aria-roledescription=\"slide\" aria-label=\"14 z 19\"><a data-elementor-open-lightbox=\"yes\" data-elementor-lightbox-slideshow=\"edfd3ee\" data-elementor-lightbox-title=\"IMG_3499\" data-e-action-hash=\"#elementor-action%3Aaction%3Dlightbox%26settings%3DeyJpZCI6NjgwLCJ1cmwiOiJodHRwczpcL1wvcG9saWtsaW5pa2Fjei5jelwvd3AtY29udGVudFwvdXBsb2Fkc1wvMjAyMFwvMDlcL0lNR18zNDk5LXNjYWxlZC5qcGciLCJzbGlkZXNob3ciOiJlZGZkM2VlIn0%3D\" href=\"https:\/\/poliklinikacz.cz\/wp-content\/uploads\/2020\/09\/IMG_3499-scaled.jpg\"><figure class=\"swiper-slide-inner\"><img decoding=\"async\" class=\"swiper-slide-image\" src=\"https:\/\/poliklinikacz.cz\/wp-content\/uploads\/2020\/09\/IMG_3499-300x200.jpg\" alt=\"IMG_3499\" \/><\/figure><\/a><\/div><div class=\"swiper-slide\" role=\"group\" aria-roledescription=\"slide\" aria-label=\"15 z 19\"><a data-elementor-open-lightbox=\"yes\" data-elementor-lightbox-slideshow=\"edfd3ee\" data-elementor-lightbox-title=\"IMG_3515\" data-e-action-hash=\"#elementor-action%3Aaction%3Dlightbox%26settings%3DeyJpZCI6Njg2LCJ1cmwiOiJodHRwczpcL1wvcG9saWtsaW5pa2Fjei5jelwvd3AtY29udGVudFwvdXBsb2Fkc1wvMjAyMFwvMDlcL0lNR18zNTE1LXNjYWxlZC5qcGciLCJzbGlkZXNob3ciOiJlZGZkM2VlIn0%3D\" href=\"https:\/\/poliklinikacz.cz\/wp-content\/uploads\/2020\/09\/IMG_3515-scaled.jpg\"><figure class=\"swiper-slide-inner\"><img decoding=\"async\" class=\"swiper-slide-image\" src=\"https:\/\/poliklinikacz.cz\/wp-content\/uploads\/2020\/09\/IMG_3515-300x200.jpg\" alt=\"IMG_3515\" \/><\/figure><\/a><\/div><div class=\"swiper-slide\" role=\"group\" aria-roledescription=\"slide\" aria-label=\"16 z 19\"><a data-elementor-open-lightbox=\"yes\" data-elementor-lightbox-slideshow=\"edfd3ee\" data-elementor-lightbox-title=\"IMG_3521\" data-e-action-hash=\"#elementor-action%3Aaction%3Dlightbox%26settings%3DeyJpZCI6Njg5LCJ1cmwiOiJodHRwczpcL1wvcG9saWtsaW5pa2Fjei5jelwvd3AtY29udGVudFwvdXBsb2Fkc1wvMjAyMFwvMDlcL0lNR18zNTIxLXNjYWxlZC5qcGciLCJzbGlkZXNob3ciOiJlZGZkM2VlIn0%3D\" href=\"https:\/\/poliklinikacz.cz\/wp-content\/uploads\/2020\/09\/IMG_3521-scaled.jpg\"><figure class=\"swiper-slide-inner\"><img decoding=\"async\" class=\"swiper-slide-image\" src=\"https:\/\/poliklinikacz.cz\/wp-content\/uploads\/2020\/09\/IMG_3521-300x200.jpg\" alt=\"IMG_3521\" \/><\/figure><\/a><\/div><div class=\"swiper-slide\" role=\"group\" aria-roledescription=\"slide\" aria-label=\"17 z 19\"><a data-elementor-open-lightbox=\"yes\" data-elementor-lightbox-slideshow=\"edfd3ee\" data-elementor-lightbox-title=\"IMG_3514\" data-e-action-hash=\"#elementor-action%3Aaction%3Dlightbox%26settings%3DeyJpZCI6Njg1LCJ1cmwiOiJodHRwczpcL1wvcG9saWtsaW5pa2Fjei5jelwvd3AtY29udGVudFwvdXBsb2Fkc1wvMjAyMFwvMDlcL0lNR18zNTE0LXNjYWxlZC5qcGciLCJzbGlkZXNob3ciOiJlZGZkM2VlIn0%3D\" href=\"https:\/\/poliklinikacz.cz\/wp-content\/uploads\/2020\/09\/IMG_3514-scaled.jpg\"><figure class=\"swiper-slide-inner\"><img decoding=\"async\" class=\"swiper-slide-image\" src=\"https:\/\/poliklinikacz.cz\/wp-content\/uploads\/2020\/09\/IMG_3514-300x200.jpg\" alt=\"IMG_3514\" \/><\/figure><\/a><\/div><div class=\"swiper-slide\" role=\"group\" aria-roledescription=\"slide\" aria-label=\"18 z 19\"><a data-elementor-open-lightbox=\"yes\" data-elementor-lightbox-slideshow=\"edfd3ee\" data-elementor-lightbox-title=\"DJI_0264\" data-e-action-hash=\"#elementor-action%3Aaction%3Dlightbox%26settings%3DeyJpZCI6NjcxLCJ1cmwiOiJodHRwczpcL1wvcG9saWtsaW5pa2Fjei5jelwvd3AtY29udGVudFwvdXBsb2Fkc1wvMjAyMFwvMDlcL0RKSV8wMjY0LXNjYWxlZC5qcGciLCJzbGlkZXNob3ciOiJlZGZkM2VlIn0%3D\" href=\"https:\/\/poliklinikacz.cz\/wp-content\/uploads\/2020\/09\/DJI_0264-scaled.jpg\"><figure class=\"swiper-slide-inner\"><img decoding=\"async\" class=\"swiper-slide-image\" src=\"https:\/\/poliklinikacz.cz\/wp-content\/uploads\/2020\/09\/DJI_0264-300x200.jpg\" alt=\"DJI_0264\" \/><\/figure><\/a><\/div><div class=\"swiper-slide\" role=\"group\" aria-roledescription=\"slide\" aria-label=\"19 z 19\"><a data-elementor-open-lightbox=\"yes\" data-elementor-lightbox-slideshow=\"edfd3ee\" data-elementor-lightbox-title=\"DJI_0268\" data-e-action-hash=\"#elementor-action%3Aaction%3Dlightbox%26settings%3DeyJpZCI6NjcyLCJ1cmwiOiJodHRwczpcL1wvcG9saWtsaW5pa2Fjei5jelwvd3AtY29udGVudFwvdXBsb2Fkc1wvMjAyMFwvMDlcL0RKSV8wMjY4LXNjYWxlZC5qcGciLCJzbGlkZXNob3ciOiJlZGZkM2VlIn0%3D\" href=\"https:\/\/poliklinikacz.cz\/wp-content\/uploads\/2020\/09\/DJI_0268-scaled.jpg\"><figure class=\"swiper-slide-inner\"><img decoding=\"async\" class=\"swiper-slide-image\" src=\"https:\/\/poliklinikacz.cz\/wp-content\/uploads\/2020\/09\/DJI_0268-300x200.jpg\" alt=\"DJI_0268\" \/><\/figure><\/a><\/div>\t\t\t<\/div>\n\t\t\t\t\t\t\t\t\t\t\t\t<div class=\"elementor-swiper-button elementor-swiper-button-prev\" role=\"button\" tabindex=\"0\">\n\t\t\t\t\t\t<i aria-hidden=\"true\" class=\"eicon-chevron-left\"><\/i>\t\t\t\t\t<\/div>\n\t\t\t\t\t<div class=\"elementor-swiper-button elementor-swiper-button-next\" role=\"button\" tabindex=\"0\">\n\t\t\t\t\t\t<i aria-hidden=\"true\" class=\"eicon-chevron-right\"><\/i>\t\t\t\t\t<\/div>\n\t\t\t\t\n\t\t\t\t\t\t\t\t\t<\/div>\n\t\t\t\t\t\t<\/div>\n\t\t\t\t<\/div>\n\t\t\t\t\t<\/div>\n\t\t<\/div>\n\t\t\t\t<div class=\"elementor-column elementor-col-33 elementor-top-column elementor-element elementor-element-eb53261\" data-id=\"eb53261\" data-element_type=\"column\">\n\t\t\t<div class=\"elementor-widget-wrap elementor-element-populated\">\n\t\t\t\t\t\t<div class=\"elementor-element elementor-element-24bbf0e top_list elementor-widget elementor-widget-html\" data-id=\"24bbf0e\" data-element_type=\"widget\" data-widget_type=\"html.default\">\n\t\t\t\t<div class=\"elementor-widget-container\">\n\t\t\t\t\t<ul>\r\n     \t\r\n \t    <\/a>\r\n \t<a href=\"dental-ka-dentalni-hygiena\">\r\n \t    <li>Dent\u00e1ln\u00ed hygiena Dental-ka\r\n \t    <\/li>\r\n \t    <a href=\"body-face-clinique\">\r\n \t    <li>Estetick\u00e9 studio Body & Face Clinique \r\n \t    <\/li>\r\n \t<\/a>\r\n  \t    <a href=\"psychiatricka-ambulance\">\r\n \t    <li>Psychiatrie MUDr. Kert\u00e9szov\u00e1\r\n \t    <\/li>\r\n \t    <a href=\"saint-medical\">\r\n \t    <li>Saint Medical - Neurologie, psychiatrie, fyzioterapie, rehab. a fyzik\u00e1ln\u00ed medic\u00edna\r\n \t    <\/li>\r\n \t<\/a>\r\n \t<a href=\"saint-medical-frckova\">\r\n \t    <li>Saint Medical - Praktick\u00fd l\u00e9ka\u0159 MUDr. Miroslava Fr\u010dkov\u00e1\r\n \t    <\/li>\r\n \t<\/a>\r\n \t<a href=\"denta-clinik\">\r\n \t    <li>Stomatologick\u00e9 centrum DENTA Clinik\r\n \t    <\/li><a href=\"zubni-ambulance-henychova\">\r\n \t    <li>Zubn\u00ed l\u00e9ka\u0159 MUDr. Henychov\u00e1\r\n \t    <\/li>\r\n \t<\/a>\r\n \t<\/a> \t<a href=\"zubni-ambulance-seberlova\">\r\n \t    <li>Zubn\u00ed l\u00e9ka\u0159  MUDr. \u0160eberlov\u00e1\r\n \t    <\/li>\r\n \t<\/a>\r\n \t    <a href=\"stomakom\"><li>Zubn\u00ed l\u00e9ka\u0159 Stomakom MUDr. Kom\u00e1rkov\u00e1\r\n \t    <\/li>\r\n \t<\/a>\r\n<\/ul>\r\n\r\n<ul>\r\n        <a href=\"kancelar\">\r\n \t    <li>Kancel\u00e1\u0159 Polymedica CZ s.r.o.\r\n \t    <\/li>\r\n \t<\/a>\r\n<\/ul>\r\n\t\t\t\t<\/div>\n\t\t\t\t<\/div>\n\t\t\t\t\t<\/div>\n\t\t<\/div>\n\t\t\t\t\t<\/div>\n\t\t<\/section>\n\t\t\t\t<\/div>\n\t\t","protected":false},"excerpt":{"rendered":"<p>Poliklinika Chomutovick\u00e1 Poliklinika Chomutovick\u00e1 nab\u00edz\u00ed \u0161irokou \u0161k\u00e1lu zdravotnick\u00fdch slu\u017eeb v p\u0159\u00edjemn\u00e9m a modern\u00edm prost\u0159ed\u00ed. V objektu se nach\u00e1z\u00ed ordinace stomatologie, dent\u00e1ln\u00ed hygieny, [&hellip;]<\/p>\n","protected":false},"author":1,"featured_media":0,"parent":0,"menu_order":0,"comment_status":"closed","ping_status":"closed","template":"elementor_header_footer","meta":{"footnotes":""},"class_list":["post-133","page","type-page","status-publish","hentry"],"_links":{"self":[{"href":"https:\/\/poliklinikacz.cz\/zdravotnicka-zarizeni\/wp-json\/wp\/v2\/pages\/133","targetHints":{"allow":["GET"]}}],"collection":[{"href":"https:\/\/poliklinikacz.cz\/zdravotnicka-zarizeni\/wp-json\/wp\/v2\/pages"}],"about":[{"href":"https:\/\/poliklinikacz.cz\/zdravotnicka-zarizeni\/wp-json\/wp\/v2\/types\/page"}],"author":[{"embeddable":true,"href":"https:\/\/poliklinikacz.cz\/zdravotnicka-zarizeni\/wp-json\/wp\/v2\/users\/1"}],"replies":[{"embeddable":true,"href":"https:\/\/poliklinikacz.cz\/zdravotnicka-zarizeni\/wp-json\/wp\/v2\/comments?post=133"}],"version-history":[{"count":131,"href":"https:\/\/poliklinikacz.cz\/zdravotnicka-zarizeni\/wp-json\/wp\/v2\/pages\/133\/revisions"}],"predecessor-version":[{"id":13712,"href":"https:\/\/poliklinikacz.cz\/zdravotnicka-zarizeni\/wp-json\/wp\/v2\/pages\/133\/revisions\/13712"}],"wp:attachment":[{"href":"https:\/\/poliklinikacz.cz\/zdravotnicka-zarizeni\/wp-json\/wp\/v2\/media?parent=133"}],"curies":[{"name":"wp","href":"https:\/\/api.w.org\/{rel}","templated":true}]}}