{"id":1340,"date":"2021-04-06T14:05:12","date_gmt":"2021-04-06T14:05:12","guid":{"rendered":"http:\/\/poliklinikacz.cz\/?page_id=1340"},"modified":"2023-04-19T12:26:27","modified_gmt":"2023-04-19T10:26:27","slug":"logopedie-kladno","status":"publish","type":"page","link":"https:\/\/poliklinikacz.cz\/zdravotnicka-zarizeni\/logopedie-kladno\/","title":{"rendered":"Logopedie-Kladno"},"content":{"rendered":"\t\t<div data-elementor-type=\"wp-page\" data-elementor-id=\"1340\" class=\"elementor elementor-1340\" data-elementor-post-type=\"page\">\n\t\t\t\t\t\t<section class=\"elementor-section elementor-top-section elementor-element elementor-element-651a5113 elementor-section-stretched elementor-section-boxed elementor-section-height-default elementor-section-height-default\" data-id=\"651a5113\" data-element_type=\"section\" data-settings=\"{&quot;stretch_section&quot;:&quot;section-stretched&quot;}\">\n\t\t\t\t\t\t<div class=\"elementor-container elementor-column-gap-default\">\n\t\t\t\t\t<div class=\"elementor-column elementor-col-100 elementor-top-column elementor-element elementor-element-16e745d2\" data-id=\"16e745d2\" data-element_type=\"column\">\n\t\t\t<div class=\"elementor-widget-wrap elementor-element-populated\">\n\t\t\t\t\t\t<div class=\"elementor-element elementor-element-5e2f70d2 elementor-widget elementor-widget-heading\" data-id=\"5e2f70d2\" data-element_type=\"widget\" data-widget_type=\"heading.default\">\n\t\t\t\t<div class=\"elementor-widget-container\">\n\t\t\t\t\t<h3 class=\"elementor-heading-title elementor-size-default\">Logopedie<\/h3>\t\t\t\t<\/div>\n\t\t\t\t<\/div>\n\t\t\t\t<section class=\"elementor-section elementor-inner-section elementor-element elementor-element-74038c89 elementor-section-boxed elementor-section-height-default elementor-section-height-default\" data-id=\"74038c89\" data-element_type=\"section\">\n\t\t\t\t\t\t<div class=\"elementor-container elementor-column-gap-default\">\n\t\t\t\t\t<div class=\"elementor-column elementor-col-33 elementor-inner-column elementor-element elementor-element-59b6f579\" data-id=\"59b6f579\" data-element_type=\"column\">\n\t\t\t<div class=\"elementor-widget-wrap elementor-element-populated\">\n\t\t\t\t\t\t<div class=\"elementor-element elementor-element-b9aa683 elementor-widget elementor-widget-heading\" data-id=\"b9aa683\" data-element_type=\"widget\" data-widget_type=\"heading.default\">\n\t\t\t\t<div class=\"elementor-widget-container\">\n\t\t\t\t\t<h3 class=\"elementor-heading-title elementor-size-default\">Kde n\u00e1s najdete<\/h3>\t\t\t\t<\/div>\n\t\t\t\t<\/div>\n\t\t\t\t<div class=\"elementor-element elementor-element-2d921530 elementor-view-default elementor-widget elementor-widget-icon\" data-id=\"2d921530\" data-element_type=\"widget\" data-widget_type=\"icon.default\">\n\t\t\t\t<div class=\"elementor-widget-container\">\n\t\t\t\t\t\t\t<div class=\"elementor-icon-wrapper\">\n\t\t\t<div class=\"elementor-icon\">\n\t\t\t<i aria-hidden=\"true\" class=\"fas fa-home\"><\/i>\t\t\t<\/div>\n\t\t<\/div>\n\t\t\t\t\t\t<\/div>\n\t\t\t\t<\/div>\n\t\t\t\t<div class=\"elementor-element elementor-element-b9b6a1b elementor-widget elementor-widget-text-editor\" data-id=\"b9b6a1b\" data-element_type=\"widget\" data-widget_type=\"text-editor.default\">\n\t\t\t\t<div class=\"elementor-widget-container\">\n\t\t\t\t\t\t\t\t\t<p>Unho\u0161\u0165sk\u00e1 2533,<br \/>Kladno 272 01<\/p>\t\t\t\t\t\t\t\t<\/div>\n\t\t\t\t<\/div>\n\t\t\t\t<div class=\"elementor-element elementor-element-1a48519f elementor-widget elementor-widget-heading\" data-id=\"1a48519f\" data-element_type=\"widget\" data-widget_type=\"heading.default\">\n\t\t\t\t<div class=\"elementor-widget-container\">\n\t\t\t\t\t<h3 class=\"elementor-heading-title elementor-size-default\">Kontakt<\/h3>\t\t\t\t<\/div>\n\t\t\t\t<\/div>\n\t\t\t\t<div class=\"elementor-element elementor-element-20386bc4 elementor-align-center elementor-icon-list--layout-traditional elementor-list-item-link-full_width elementor-widget elementor-widget-icon-list\" data-id=\"20386bc4\" data-element_type=\"widget\" data-widget_type=\"icon-list.default\">\n\t\t\t\t<div class=\"elementor-widget-container\">\n\t\t\t\t\t\t\t<ul class=\"elementor-icon-list-items\">\n\t\t\t\t\t\t\t<li class=\"elementor-icon-list-item\">\n\t\t\t\t\t\t\t\t\t\t\t<span class=\"elementor-icon-list-icon\">\n\t\t\t\t\t\t\t<i aria-hidden=\"true\" class=\"fas fa-phone-alt\"><\/i>\t\t\t\t\t\t<\/span>\n\t\t\t\t\t\t\t\t\t\t<span class=\"elementor-icon-list-text\">\t312 664 724<\/span>\n\t\t\t\t\t\t\t\t\t<\/li>\n\t\t\t\t\t\t\t\t<li class=\"elementor-icon-list-item\">\n\t\t\t\t\t\t\t\t\t\t\t<span class=\"elementor-icon-list-icon\">\n\t\t\t\t\t\t\t<i aria-hidden=\"true\" class=\"fas fa-phone-alt\"><\/i>\t\t\t\t\t\t<\/span>\n\t\t\t\t\t\t\t\t\t\t<span class=\"elementor-icon-list-text\">737 372 636 - PeadDr. Alena Merunkov\u00e1 \u200b<\/span>\n\t\t\t\t\t\t\t\t\t<\/li>\n\t\t\t\t\t\t\t\t<li class=\"elementor-icon-list-item\">\n\t\t\t\t\t\t\t\t\t\t\t<span class=\"elementor-icon-list-icon\">\n\t\t\t\t\t\t\t<i aria-hidden=\"true\" class=\"fas fa-phone-alt\"><\/i>\t\t\t\t\t\t<\/span>\n\t\t\t\t\t\t\t\t\t\t<span class=\"elementor-icon-list-text\">605 482 631 - Mgr. Jan Merunka<\/span>\n\t\t\t\t\t\t\t\t\t<\/li>\n\t\t\t\t\t\t<\/ul>\n\t\t\t\t\t\t<\/div>\n\t\t\t\t<\/div>\n\t\t\t\t\t<\/div>\n\t\t<\/div>\n\t\t\t\t<div class=\"elementor-column elementor-col-66 elementor-inner-column elementor-element elementor-element-6119bf20\" data-id=\"6119bf20\" data-element_type=\"column\">\n\t\t\t<div class=\"elementor-widget-wrap elementor-element-populated\">\n\t\t\t\t\t\t<div class=\"elementor-element elementor-element-54a7c93d elementor-widget elementor-widget-heading\" data-id=\"54a7c93d\" data-element_type=\"widget\" data-widget_type=\"heading.default\">\n\t\t\t\t<div class=\"elementor-widget-container\">\n\t\t\t\t\t<h3 class=\"elementor-heading-title elementor-size-default\">L\u00e9ka\u0159i<\/h3>\t\t\t\t<\/div>\n\t\t\t\t<\/div>\n\t\t\t\t<div class=\"elementor-element elementor-element-4a03b673 elementor-align-center elementor-icon-list--layout-traditional elementor-list-item-link-full_width elementor-widget elementor-widget-icon-list\" data-id=\"4a03b673\" data-element_type=\"widget\" data-widget_type=\"icon-list.default\">\n\t\t\t\t<div class=\"elementor-widget-container\">\n\t\t\t\t\t\t\t<ul class=\"elementor-icon-list-items\">\n\t\t\t\t\t\t\t<li class=\"elementor-icon-list-item\">\n\t\t\t\t\t\t\t\t\t\t\t<span class=\"elementor-icon-list-icon\">\n\t\t\t\t\t\t\t<i aria-hidden=\"true\" class=\"far fa-id-card\"><\/i>\t\t\t\t\t\t<\/span>\n\t\t\t\t\t\t\t\t\t\t<span class=\"elementor-icon-list-text\">\tPeadDr. Alena Merunkov\u00e1 <\/span>\n\t\t\t\t\t\t\t\t\t<\/li>\n\t\t\t\t\t\t\t\t<li class=\"elementor-icon-list-item\">\n\t\t\t\t\t\t\t\t\t\t\t<span class=\"elementor-icon-list-icon\">\n\t\t\t\t\t\t\t<i aria-hidden=\"true\" class=\"far fa-id-card\"><\/i>\t\t\t\t\t\t<\/span>\n\t\t\t\t\t\t\t\t\t\t<span class=\"elementor-icon-list-text\">Mgr. Jan Merunka<\/span>\n\t\t\t\t\t\t\t\t\t<\/li>\n\t\t\t\t\t\t<\/ul>\n\t\t\t\t\t\t<\/div>\n\t\t\t\t<\/div>\n\t\t\t\t<div class=\"elementor-element elementor-element-1e44a496 elementor-widget elementor-widget-heading\" data-id=\"1e44a496\" data-element_type=\"widget\" data-widget_type=\"heading.default\">\n\t\t\t\t<div class=\"elementor-widget-container\">\n\t\t\t\t\t<h3 class=\"elementor-heading-title elementor-size-default\">Ordina\u010dn\u00ed hodiny - PeadDr. Alena Merunkov\u00e1 <\/h3>\t\t\t\t<\/div>\n\t\t\t\t<\/div>\n\t\t\t\t<div class=\"elementor-element elementor-element-7766ed5d elementor-widget elementor-widget-ucaddon_opening_hours_list\" data-id=\"7766ed5d\" data-element_type=\"widget\" data-widget_type=\"ucaddon_opening_hours_list.default\">\n\t\t\t\t<div class=\"elementor-widget-container\">\n\t\t\t\t\t\n<!-- start Opening Hours List -->\n\t\t<link id='font-awesome-css' href='https:\/\/poliklinikacz.cz\/wp-content\/plugins\/unlimited-elements-for-elementor\/assets_libraries\/font-awesome6\/fontawesome-all.min.css' type='text\/css' rel='stylesheet' >\n\t\t<link id='font-awesome-4-shim-css' href='https:\/\/poliklinikacz.cz\/wp-content\/plugins\/unlimited-elements-for-elementor\/assets_libraries\/font-awesome6\/fontawesome-v4-shims.min.css' type='text\/css' rel='stylesheet' >\n\t\t<link id='uc_ac_assets_file_simple_opening_hours_css_826-css' href='https:\/\/poliklinikacz.cz\/wp-content\/uploads\/ac_assets\/simple_opening_hours\/simple_opening_hours.css' type='text\/css' rel='stylesheet' >\n\n<style>\/* widget: Opening Hours List *\/\n\n#uc_opening_hours_list_elementor_7766ed5d{\n\tbackground:#FFFFFF;\n\tpadding:16px 30px;\n\t}\n\n<\/style>\n\n<div class=\"uc_simple_opening_hours\" id=\"uc_opening_hours_list_elementor_7766ed5d\">\n       <ul class=\"uc_opening-hours\">\n            <li><i class=\"far fa-clock\" style=\"color:#00C3FF;\"><\/i>Pond\u011bl\u00ed<span class=\"bbb\">7:00 - 11:00 pro zvan\u00e9 a 12:30 - 17:00<\/span><\/li>\n<li><i class=\"far fa-clock\" style=\"color:#00C3FF;\"><\/i>\u00dater\u00fd<span class=\"bbb\">\t7:00 - 14:00<\/span><\/li>\n<li><i class=\"far fa-clock\" style=\"color:#00C3FF;\"><\/i>St\u0159eda<span class=\"bbb\">7:00 - 11:00 pro zvan\u00e9 a 12:30 - 15:00<\/span><\/li>\n<li><i class=\"far fa-clock\" style=\"color:#00C3FF;\"><\/i>\u010ctvrtek<span class=\"bbb\">8:00 - 15:30 det. pracovi\u0161t\u011b Unho\u0161\u0165<\/span><\/li>\n<li><i class=\"far fa-clock\" style=\"color:#00C3FF;\"><\/i>P\u00e1tek<span class=\"bbb\">7:15 - 14:00 jen v lich\u00e9 t\u00fddny<\/span><\/li>\n\n        <\/ul>\n    <\/div>\n<!-- end Opening Hours List -->\t\t\t\t<\/div>\n\t\t\t\t<\/div>\n\t\t\t\t\t<\/div>\n\t\t<\/div>\n\t\t\t\t\t<\/div>\n\t\t<\/section>\n\t\t\t\t\t<\/div>\n\t\t<\/div>\n\t\t\t\t\t<\/div>\n\t\t<\/section>\n\t\t\t\t<section class=\"elementor-section elementor-top-section elementor-element elementor-element-0bdfd27 elementor-section-boxed elementor-section-height-default elementor-section-height-default\" data-id=\"0bdfd27\" data-element_type=\"section\">\n\t\t\t\t\t\t<div class=\"elementor-container elementor-column-gap-default\">\n\t\t\t\t\t<div class=\"elementor-column elementor-col-100 elementor-top-column elementor-element elementor-element-6959486\" data-id=\"6959486\" data-element_type=\"column\">\n\t\t\t<div class=\"elementor-widget-wrap elementor-element-populated\">\n\t\t\t\t\t\t<div class=\"elementor-element elementor-element-b6267b9 elementor-widget elementor-widget-heading\" data-id=\"b6267b9\" data-element_type=\"widget\" data-widget_type=\"heading.default\">\n\t\t\t\t<div class=\"elementor-widget-container\">\n\t\t\t\t\t<h3 class=\"elementor-heading-title elementor-size-default\">Ordina\u010dn\u00ed hodiny - Mgr. Jan Merunka<\/h3>\t\t\t\t<\/div>\n\t\t\t\t<\/div>\n\t\t\t\t\t<\/div>\n\t\t<\/div>\n\t\t\t\t\t<\/div>\n\t\t<\/section>\n\t\t\t\t<section class=\"elementor-section elementor-top-section elementor-element elementor-element-d66137d elementor-section-boxed elementor-section-height-default elementor-section-height-default\" data-id=\"d66137d\" data-element_type=\"section\">\n\t\t\t\t\t\t<div class=\"elementor-container elementor-column-gap-default\">\n\t\t\t\t\t<div class=\"elementor-column elementor-col-100 elementor-top-column elementor-element elementor-element-8c6f96e\" data-id=\"8c6f96e\" data-element_type=\"column\">\n\t\t\t<div class=\"elementor-widget-wrap elementor-element-populated\">\n\t\t\t\t\t\t<div class=\"elementor-element elementor-element-68015b5 elementor-widget elementor-widget-ucaddon_opening_hours_list\" data-id=\"68015b5\" data-element_type=\"widget\" data-widget_type=\"ucaddon_opening_hours_list.default\">\n\t\t\t\t<div class=\"elementor-widget-container\">\n\t\t\t\t\t\n<!-- start Opening Hours List -->\n\n<style>\/* widget: Opening Hours List *\/\n\n#uc_opening_hours_list_elementor_68015b5{\n\tbackground:#FFFFFF;\n\tpadding:16px 30px;\n\t}\n\n<\/style>\n\n<div class=\"uc_simple_opening_hours\" id=\"uc_opening_hours_list_elementor_68015b5\">\n       <ul class=\"uc_opening-hours\">\n            <li><i class=\"far fa-clock\" style=\"color:#00C3FF;\"><\/i>Pond\u011bl\u00ed<span class=\"bbb\">7:00 - 14:00<\/span><\/li>\n<li><i class=\"far fa-clock\" style=\"color:#00C3FF;\"><\/i>\u00dater\u00fd<span class=\"bbb\">12:00 - 17:00<\/span><\/li>\n<li><i class=\"far fa-clock\" style=\"color:#00C3FF;\"><\/i>St\u0159eda<span class=\"bbb\">7:00 - 14:00<\/span><\/li>\n<li><i class=\"far fa-clock\" style=\"color:#00C3FF;\"><\/i>\u010ctvrtek<span class=\"bbb\">12:00 - 17:00<\/span><\/li>\n<li><i class=\"far fa-clock\" style=\"color:#00C3FF;\"><\/i>P\u00e1tek<span class=\"bbb\">7:00 - 13:00<\/span><\/li>\n\n        <\/ul>\n    <\/div>\n<!-- end Opening Hours List -->\t\t\t\t<\/div>\n\t\t\t\t<\/div>\n\t\t\t\t\t<\/div>\n\t\t<\/div>\n\t\t\t\t\t<\/div>\n\t\t<\/section>\n\t\t\t\t<section class=\"elementor-section elementor-top-section elementor-element elementor-element-364d36dc elementor-section-boxed elementor-section-height-default elementor-section-height-default\" data-id=\"364d36dc\" data-element_type=\"section\">\n\t\t\t\t\t\t<div class=\"elementor-container elementor-column-gap-default\">\n\t\t\t\t\t<div class=\"elementor-column elementor-col-100 elementor-top-column elementor-element elementor-element-7cf19528\" data-id=\"7cf19528\" data-element_type=\"column\">\n\t\t\t<div class=\"elementor-widget-wrap elementor-element-populated\">\n\t\t\t\t\t\t<div class=\"elementor-element elementor-element-6acbfcad elementor-widget elementor-widget-google_maps\" data-id=\"6acbfcad\" data-element_type=\"widget\" data-widget_type=\"google_maps.default\">\n\t\t\t\t<div class=\"elementor-widget-container\">\n\t\t\t\t\t\t\t<div class=\"elementor-custom-embed\">\n\t\t\t<iframe loading=\"lazy\"\n\t\t\t\t\tsrc=\"https:\/\/maps.google.com\/maps?q=Unho%C5%A1%C5%A5sk%C3%A1%202533%2C%20Kladno%20272%2001&#038;t=m&#038;z=15&#038;output=embed&#038;iwloc=near\"\n\t\t\t\t\ttitle=\"Unho\u0161\u0165sk\u00e1 2533, Kladno 272 01\"\n\t\t\t\t\taria-label=\"Unho\u0161\u0165sk\u00e1 2533, Kladno 272 01\"\n\t\t\t><\/iframe>\n\t\t<\/div>\n\t\t\t\t\t\t<\/div>\n\t\t\t\t<\/div>\n\t\t\t\t\t<\/div>\n\t\t<\/div>\n\t\t\t\t\t<\/div>\n\t\t<\/section>\n\t\t\t\t<\/div>\n\t\t","protected":false},"excerpt":{"rendered":"<p>Logopedie Kde n\u00e1s najdete Unho\u0161\u0165sk\u00e1 2533,Kladno 272 01 Kontakt 312 664 724 737 372 636 &#8211; PeadDr. Alena Merunkov\u00e1 \u200b 605 482 [&hellip;]<\/p>\n","protected":false},"author":1,"featured_media":0,"parent":0,"menu_order":0,"comment_status":"closed","ping_status":"closed","template":"elementor_header_footer","meta":{"footnotes":""},"class_list":["post-1340","page","type-page","status-publish","hentry"],"_links":{"self":[{"href":"https:\/\/poliklinikacz.cz\/zdravotnicka-zarizeni\/wp-json\/wp\/v2\/pages\/1340","targetHints":{"allow":["GET"]}}],"collection":[{"href":"https:\/\/poliklinikacz.cz\/zdravotnicka-zarizeni\/wp-json\/wp\/v2\/pages"}],"about":[{"href":"https:\/\/poliklinikacz.cz\/zdravotnicka-zarizeni\/wp-json\/wp\/v2\/types\/page"}],"author":[{"embeddable":true,"href":"https:\/\/poliklinikacz.cz\/zdravotnicka-zarizeni\/wp-json\/wp\/v2\/users\/1"}],"replies":[{"embeddable":true,"href":"https:\/\/poliklinikacz.cz\/zdravotnicka-zarizeni\/wp-json\/wp\/v2\/comments?post=1340"}],"version-history":[{"count":10,"href":"https:\/\/poliklinikacz.cz\/zdravotnicka-zarizeni\/wp-json\/wp\/v2\/pages\/1340\/revisions"}],"predecessor-version":[{"id":6038,"href":"https:\/\/poliklinikacz.cz\/zdravotnicka-zarizeni\/wp-json\/wp\/v2\/pages\/1340\/revisions\/6038"}],"wp:attachment":[{"href":"https:\/\/poliklinikacz.cz\/zdravotnicka-zarizeni\/wp-json\/wp\/v2\/media?parent=1340"}],"curies":[{"name":"wp","href":"https:\/\/api.w.org\/{rel}","templated":true}]}}