{"id":4197,"date":"2022-05-02T11:03:44","date_gmt":"2022-05-02T09:03:44","guid":{"rendered":"https:\/\/poliklinikacz.cz\/zdravotnicka-zarizeni\/?page_id=4197"},"modified":"2025-06-13T12:44:57","modified_gmt":"2025-06-13T10:44:57","slug":"lekarna-most","status":"publish","type":"page","link":"https:\/\/poliklinikacz.cz\/zdravotnicka-zarizeni\/lekarna-most\/","title":{"rendered":"L\u00e9k\u00e1rna Most"},"content":{"rendered":"\t\t<div data-elementor-type=\"wp-page\" data-elementor-id=\"4197\" class=\"elementor elementor-4197\" data-elementor-post-type=\"page\">\n\t\t\t\t\t\t<section class=\"elementor-section elementor-top-section elementor-element elementor-element-732b813d elementor-section-stretched elementor-section-boxed elementor-section-height-default elementor-section-height-default\" data-id=\"732b813d\" data-element_type=\"section\" data-settings=\"{&quot;stretch_section&quot;:&quot;section-stretched&quot;}\">\n\t\t\t\t\t\t<div class=\"elementor-container elementor-column-gap-default\">\n\t\t\t\t\t<div class=\"elementor-column elementor-col-100 elementor-top-column elementor-element elementor-element-686f91\" data-id=\"686f91\" data-element_type=\"column\">\n\t\t\t<div class=\"elementor-widget-wrap elementor-element-populated\">\n\t\t\t\t\t\t<div class=\"elementor-element elementor-element-583fa077 elementor-widget elementor-widget-heading\" data-id=\"583fa077\" data-element_type=\"widget\" data-widget_type=\"heading.default\">\n\t\t\t\t<div class=\"elementor-widget-container\">\n\t\t\t\t\t<h2 class=\"elementor-heading-title elementor-size-default\">L\u00e9k\u00e1rna Topolov\u00e1\n<\/h2>\t\t\t\t<\/div>\n\t\t\t\t<\/div>\n\t\t\t\t<section class=\"elementor-section elementor-inner-section elementor-element elementor-element-6729b487 elementor-section-boxed elementor-section-height-default elementor-section-height-default\" data-id=\"6729b487\" data-element_type=\"section\">\n\t\t\t\t\t\t<div class=\"elementor-container elementor-column-gap-default\">\n\t\t\t\t\t<div class=\"elementor-column elementor-col-33 elementor-inner-column elementor-element elementor-element-64746c50\" data-id=\"64746c50\" data-element_type=\"column\">\n\t\t\t<div class=\"elementor-widget-wrap elementor-element-populated\">\n\t\t\t\t\t\t<div class=\"elementor-element elementor-element-ccc2e52 elementor-widget elementor-widget-heading\" data-id=\"ccc2e52\" data-element_type=\"widget\" data-widget_type=\"heading.default\">\n\t\t\t\t<div class=\"elementor-widget-container\">\n\t\t\t\t\t<h3 class=\"elementor-heading-title elementor-size-default\">Kde n\u00e1s najdete<\/h3>\t\t\t\t<\/div>\n\t\t\t\t<\/div>\n\t\t\t\t<div class=\"elementor-element elementor-element-43917623 elementor-view-default elementor-widget elementor-widget-icon\" data-id=\"43917623\" data-element_type=\"widget\" data-widget_type=\"icon.default\">\n\t\t\t\t<div class=\"elementor-widget-container\">\n\t\t\t\t\t\t\t<div class=\"elementor-icon-wrapper\">\n\t\t\t<div class=\"elementor-icon\">\n\t\t\t<i aria-hidden=\"true\" class=\"fas fa-home\"><\/i>\t\t\t<\/div>\n\t\t<\/div>\n\t\t\t\t\t\t<\/div>\n\t\t\t\t<\/div>\n\t\t\t\t<div class=\"elementor-element elementor-element-6324b38 elementor-widget elementor-widget-text-editor\" data-id=\"6324b38\" data-element_type=\"widget\" data-widget_type=\"text-editor.default\">\n\t\t\t\t<div class=\"elementor-widget-container\">\n\t\t\t\t\t\t\t\t\t<p><strong>Pharma Most s.r.o.<\/strong><br \/>Topolov\u00e1 1234,<br \/>434 01 Most<\/p>\t\t\t\t\t\t\t\t<\/div>\n\t\t\t\t<\/div>\n\t\t\t\t<div class=\"elementor-element elementor-element-b363223 elementor-widget elementor-widget-heading\" data-id=\"b363223\" data-element_type=\"widget\" data-widget_type=\"heading.default\">\n\t\t\t\t<div class=\"elementor-widget-container\">\n\t\t\t\t\t<h3 class=\"elementor-heading-title elementor-size-default\">Kontakt<\/h3>\t\t\t\t<\/div>\n\t\t\t\t<\/div>\n\t\t\t\t<div class=\"elementor-element elementor-element-7ae9a5b elementor-align-center elementor-icon-list--layout-traditional elementor-list-item-link-full_width elementor-widget elementor-widget-icon-list\" data-id=\"7ae9a5b\" data-element_type=\"widget\" data-widget_type=\"icon-list.default\">\n\t\t\t\t<div class=\"elementor-widget-container\">\n\t\t\t\t\t\t\t<ul class=\"elementor-icon-list-items\">\n\t\t\t\t\t\t\t<li class=\"elementor-icon-list-item\">\n\t\t\t\t\t\t\t\t\t\t\t<span class=\"elementor-icon-list-icon\">\n\t\t\t\t\t\t\t<i aria-hidden=\"true\" class=\"fas fa-phone-alt\"><\/i>\t\t\t\t\t\t<\/span>\n\t\t\t\t\t\t\t\t\t\t<span class=\"elementor-icon-list-text\">775 223 439<\/span>\n\t\t\t\t\t\t\t\t\t<\/li>\n\t\t\t\t\t\t\t\t<li class=\"elementor-icon-list-item\">\n\t\t\t\t\t\t\t\t\t\t\t<a href=\"http:\/\/lekarna@poliklinikamost.cz\">\n\n\t\t\t\t\t\t\t\t\t\t\t\t<span class=\"elementor-icon-list-icon\">\n\t\t\t\t\t\t\t<i aria-hidden=\"true\" class=\"fas fa-envelope\"><\/i>\t\t\t\t\t\t<\/span>\n\t\t\t\t\t\t\t\t\t\t<span class=\"elementor-icon-list-text\">lekarna@poliklinikamost.cz<\/span>\n\t\t\t\t\t\t\t\t\t\t\t<\/a>\n\t\t\t\t\t\t\t\t\t<\/li>\n\t\t\t\t\t\t<\/ul>\n\t\t\t\t\t\t<\/div>\n\t\t\t\t<\/div>\n\t\t\t\t\t<\/div>\n\t\t<\/div>\n\t\t\t\t<div class=\"elementor-column elementor-col-66 elementor-inner-column elementor-element elementor-element-40a825b7\" data-id=\"40a825b7\" data-element_type=\"column\">\n\t\t\t<div class=\"elementor-widget-wrap elementor-element-populated\">\n\t\t\t\t\t\t<div class=\"elementor-element elementor-element-a24a453 elementor-widget elementor-widget-heading\" data-id=\"a24a453\" data-element_type=\"widget\" data-widget_type=\"heading.default\">\n\t\t\t\t<div class=\"elementor-widget-container\">\n\t\t\t\t\t<h3 class=\"elementor-heading-title elementor-size-default\">Vedouc\u00ed l\u00e9k\u00e1rn\u00edk<\/h3>\t\t\t\t<\/div>\n\t\t\t\t<\/div>\n\t\t\t\t<div class=\"elementor-element elementor-element-5ba7a86 elementor-align-center elementor-list-item-link-full_width elementor-widget elementor-widget-icon-list\" data-id=\"5ba7a86\" data-element_type=\"widget\" data-widget_type=\"icon-list.default\">\n\t\t\t\t<div class=\"elementor-widget-container\">\n\t\t\t\t\t\t\t<ul class=\"elementor-icon-list-items\">\n\t\t\t\t\t\t\t<li class=\"elementor-icon-list-item\">\n\t\t\t\t\t\t\t\t\t\t\t<span class=\"elementor-icon-list-icon\">\n\t\t\t\t\t\t\t<i aria-hidden=\"true\" class=\"far fa-id-card\"><\/i>\t\t\t\t\t\t<\/span>\n\t\t\t\t\t\t\t\t\t\t<span class=\"elementor-icon-list-text\">PharmDr. Lud\u011bk Pol\u00e1\u010dek<\/span>\n\t\t\t\t\t\t\t\t\t<\/li>\n\t\t\t\t\t\t<\/ul>\n\t\t\t\t\t\t<\/div>\n\t\t\t\t<\/div>\n\t\t\t\t<div class=\"elementor-element elementor-element-17c94445 elementor-widget elementor-widget-heading\" data-id=\"17c94445\" data-element_type=\"widget\" data-widget_type=\"heading.default\">\n\t\t\t\t<div class=\"elementor-widget-container\">\n\t\t\t\t\t<h3 class=\"elementor-heading-title elementor-size-default\"><span style=\"color: var(--sydney-headings-color)\">Otev\u00edrac\u00ed doba<\/span><\/h3>\t\t\t\t<\/div>\n\t\t\t\t<\/div>\n\t\t\t\t<div class=\"elementor-element elementor-element-1d7932fb elementor-widget elementor-widget-ucaddon_opening_hours_list\" data-id=\"1d7932fb\" data-element_type=\"widget\" data-widget_type=\"ucaddon_opening_hours_list.default\">\n\t\t\t\t<div class=\"elementor-widget-container\">\n\t\t\t\t\t\n<!-- start Opening Hours List -->\n\t\t<link id='font-awesome-css' href='https:\/\/poliklinikacz.cz\/wp-content\/plugins\/unlimited-elements-for-elementor\/assets_libraries\/font-awesome6\/fontawesome-all.min.css' type='text\/css' rel='stylesheet' >\n\t\t<link id='font-awesome-4-shim-css' href='https:\/\/poliklinikacz.cz\/wp-content\/plugins\/unlimited-elements-for-elementor\/assets_libraries\/font-awesome6\/fontawesome-v4-shims.min.css' type='text\/css' rel='stylesheet' >\n\t\t<link id='uc_ac_assets_file_simple_opening_hours_css_826-css' href='https:\/\/poliklinikacz.cz\/wp-content\/uploads\/ac_assets\/simple_opening_hours\/simple_opening_hours.css' type='text\/css' rel='stylesheet' >\n\n<style>\/* widget: Opening Hours List *\/\n\n#uc_opening_hours_list_elementor_1d7932fb{\n\tbackground:#FFF;\n\tpadding:16px 30px;\n\t}\n\n<\/style>\n\n<div class=\"uc_simple_opening_hours\" id=\"uc_opening_hours_list_elementor_1d7932fb\">\n       <ul class=\"uc_opening-hours\">\n            <li><i class=\"far fa-clock\" style=\"color:#00C3FF;\"><\/i>Pond\u011bl\u00ed<span class=\"bbb\">\t8:00 - 16:00<\/span><\/li>\n<li><i class=\"far fa-clock\" style=\"color:#00C3FF;\"><\/i>\u00dater\u00fd<span class=\"bbb\">\t8:00 - 17:00<\/span><\/li>\n<li><i class=\"far fa-clock\" style=\"color:#00C3FF;\"><\/i>St\u0159eda<span class=\"bbb\">\t8:00 - 16:00<\/span><\/li>\n<li><i class=\"far fa-clock\" style=\"color:#00C3FF;\"><\/i>\u010ctvrtek<span class=\"bbb\">\t8:00 - 17:00<\/span><\/li>\n<li><i class=\"far fa-clock\" style=\"color:#00C3FF;\"><\/i>P\u00e1tek<span class=\"bbb\">\t8:00 - 14:00<\/span><\/li>\n\n        <\/ul>\n    <\/div>\n<!-- end Opening Hours List -->\t\t\t\t<\/div>\n\t\t\t\t<\/div>\n\t\t\t\t<div class=\"elementor-element elementor-element-c7b14ae elementor-widget elementor-widget-text-editor\" data-id=\"c7b14ae\" data-element_type=\"widget\" data-widget_type=\"text-editor.default\">\n\t\t\t\t<div class=\"elementor-widget-container\">\n\t\t\t\t\t\t\t\t\t<h5><span style=\"color: #ff0000;\">DOMOV\u016eM SENIOR\u016e, DZR, ALZHEIMERCENTR\u016eM a\u00a0dal\u0161\u00edm domov\u016fm soci\u00e1ln\u00edch slu\u017eeb na\u0161e l\u00e9k\u00e1rna NAB\u00cdZ\u00cd:<\/span><\/h5><ul><li><strong>z\u00e1sobov\u00e1n\u00ed ve\u0161ker\u00fdm l\u00e9k\u00e1rensk\u00fdm a\u00a0zdravotnick\u00fdm\u00a0sortimentem p\u0159\u00edmo do Va\u0161eho domova<\/strong><\/li><li><strong>v\u00fddej l\u00e9k\u016f na p\u0159edpis<\/strong><\/li><li><strong>voln\u00fd prodej l\u00e9k\u00e1rensk\u00fdch produkt\u016f\u00a0a zdravotnick\u00fdch pot\u0159eb v\u00a0na\u0161\u00ed kamenn\u00e9 prodejn\u011b Poliklinika Topolov\u00e1-Most<\/strong><\/li><\/ul>\t\t\t\t\t\t\t\t<\/div>\n\t\t\t\t<\/div>\n\t\t\t\t\t<\/div>\n\t\t<\/div>\n\t\t\t\t\t<\/div>\n\t\t<\/section>\n\t\t\t\t\t<\/div>\n\t\t<\/div>\n\t\t\t\t\t<\/div>\n\t\t<\/section>\n\t\t\t\t<section class=\"elementor-section elementor-top-section elementor-element elementor-element-55063190 elementor-section-boxed elementor-section-height-default elementor-section-height-default\" data-id=\"55063190\" data-element_type=\"section\">\n\t\t\t\t\t\t<div class=\"elementor-container elementor-column-gap-default\">\n\t\t\t\t\t<div class=\"elementor-column elementor-col-100 elementor-top-column elementor-element elementor-element-2332258b\" data-id=\"2332258b\" data-element_type=\"column\">\n\t\t\t<div class=\"elementor-widget-wrap elementor-element-populated\">\n\t\t\t\t\t\t<div class=\"elementor-element elementor-element-4a535008 elementor-widget elementor-widget-google_maps\" data-id=\"4a535008\" data-element_type=\"widget\" data-widget_type=\"google_maps.default\">\n\t\t\t\t<div class=\"elementor-widget-container\">\n\t\t\t\t\t\t\t<div class=\"elementor-custom-embed\">\n\t\t\t<iframe loading=\"lazy\"\n\t\t\t\t\tsrc=\"https:\/\/maps.google.com\/maps?q=Topolov%C3%A1%201234%2C%20434%2001%20Most&#038;t=m&#038;z=15&#038;output=embed&#038;iwloc=near\"\n\t\t\t\t\ttitle=\"Topolov\u00e1 1234, 434 01 Most\"\n\t\t\t\t\taria-label=\"Topolov\u00e1 1234, 434 01 Most\"\n\t\t\t><\/iframe>\n\t\t<\/div>\n\t\t\t\t\t\t<\/div>\n\t\t\t\t<\/div>\n\t\t\t\t\t<\/div>\n\t\t<\/div>\n\t\t\t\t\t<\/div>\n\t\t<\/section>\n\t\t\t\t<section class=\"elementor-section elementor-top-section elementor-element elementor-element-777e36e elementor-section-boxed elementor-section-height-default elementor-section-height-default\" data-id=\"777e36e\" data-element_type=\"section\">\n\t\t\t\t\t\t<div class=\"elementor-container elementor-column-gap-default\">\n\t\t\t\t\t<div class=\"elementor-column elementor-col-50 elementor-top-column elementor-element elementor-element-30d63f0\" data-id=\"30d63f0\" data-element_type=\"column\">\n\t\t\t<div class=\"elementor-widget-wrap elementor-element-populated\">\n\t\t\t\t\t\t<div class=\"elementor-element elementor-element-855ae9b elementor-widget elementor-widget-image\" data-id=\"855ae9b\" data-element_type=\"widget\" data-widget_type=\"image.default\">\n\t\t\t\t<div class=\"elementor-widget-container\">\n\t\t\t\t\t\t\t\t\t\t\t\t\t\t\t<img fetchpriority=\"high\" decoding=\"async\" width=\"1024\" height=\"768\" src=\"https:\/\/poliklinikacz.cz\/wp-content\/uploads\/2025\/03\/WhatsApp-Image-2025-03-14-at-16.21.56-4-1024x768.jpeg\" class=\"attachment-large size-large wp-image-10738\" alt=\"\" srcset=\"https:\/\/poliklinikacz.cz\/wp-content\/uploads\/2025\/03\/WhatsApp-Image-2025-03-14-at-16.21.56-4-1024x768.jpeg 1024w, https:\/\/poliklinikacz.cz\/wp-content\/uploads\/2025\/03\/WhatsApp-Image-2025-03-14-at-16.21.56-4-300x225.jpeg 300w, https:\/\/poliklinikacz.cz\/wp-content\/uploads\/2025\/03\/WhatsApp-Image-2025-03-14-at-16.21.56-4-768x576.jpeg 768w, https:\/\/poliklinikacz.cz\/wp-content\/uploads\/2025\/03\/WhatsApp-Image-2025-03-14-at-16.21.56-4-1536x1152.jpeg 1536w, https:\/\/poliklinikacz.cz\/wp-content\/uploads\/2025\/03\/WhatsApp-Image-2025-03-14-at-16.21.56-4-920x690.jpeg 920w, https:\/\/poliklinikacz.cz\/wp-content\/uploads\/2025\/03\/WhatsApp-Image-2025-03-14-at-16.21.56-4-230x173.jpeg 230w, https:\/\/poliklinikacz.cz\/wp-content\/uploads\/2025\/03\/WhatsApp-Image-2025-03-14-at-16.21.56-4-350x263.jpeg 350w, https:\/\/poliklinikacz.cz\/wp-content\/uploads\/2025\/03\/WhatsApp-Image-2025-03-14-at-16.21.56-4-480x360.jpeg 480w, https:\/\/poliklinikacz.cz\/wp-content\/uploads\/2025\/03\/WhatsApp-Image-2025-03-14-at-16.21.56-4.jpeg 1600w\" sizes=\"(max-width: 1024px) 100vw, 1024px\" \/>\t\t\t\t\t\t\t\t\t\t\t\t\t\t\t<\/div>\n\t\t\t\t<\/div>\n\t\t\t\t\t<\/div>\n\t\t<\/div>\n\t\t\t\t<div class=\"elementor-column elementor-col-50 elementor-top-column elementor-element elementor-element-102b3ea\" data-id=\"102b3ea\" data-element_type=\"column\">\n\t\t\t<div class=\"elementor-widget-wrap elementor-element-populated\">\n\t\t\t\t\t\t<div class=\"elementor-element elementor-element-fb6c540 elementor-widget elementor-widget-image\" data-id=\"fb6c540\" data-element_type=\"widget\" data-widget_type=\"image.default\">\n\t\t\t\t<div class=\"elementor-widget-container\">\n\t\t\t\t\t\t\t\t\t\t\t\t\t\t\t<img decoding=\"async\" width=\"1024\" height=\"768\" src=\"https:\/\/poliklinikacz.cz\/wp-content\/uploads\/2025\/03\/WhatsApp-Image-2025-03-14-at-16.21.56-1-1-1024x768.jpeg\" class=\"attachment-large size-large wp-image-10736\" alt=\"\" srcset=\"https:\/\/poliklinikacz.cz\/wp-content\/uploads\/2025\/03\/WhatsApp-Image-2025-03-14-at-16.21.56-1-1-1024x768.jpeg 1024w, https:\/\/poliklinikacz.cz\/wp-content\/uploads\/2025\/03\/WhatsApp-Image-2025-03-14-at-16.21.56-1-1-300x225.jpeg 300w, https:\/\/poliklinikacz.cz\/wp-content\/uploads\/2025\/03\/WhatsApp-Image-2025-03-14-at-16.21.56-1-1-768x576.jpeg 768w, https:\/\/poliklinikacz.cz\/wp-content\/uploads\/2025\/03\/WhatsApp-Image-2025-03-14-at-16.21.56-1-1-1536x1152.jpeg 1536w, https:\/\/poliklinikacz.cz\/wp-content\/uploads\/2025\/03\/WhatsApp-Image-2025-03-14-at-16.21.56-1-1-920x690.jpeg 920w, https:\/\/poliklinikacz.cz\/wp-content\/uploads\/2025\/03\/WhatsApp-Image-2025-03-14-at-16.21.56-1-1-230x173.jpeg 230w, https:\/\/poliklinikacz.cz\/wp-content\/uploads\/2025\/03\/WhatsApp-Image-2025-03-14-at-16.21.56-1-1-350x263.jpeg 350w, https:\/\/poliklinikacz.cz\/wp-content\/uploads\/2025\/03\/WhatsApp-Image-2025-03-14-at-16.21.56-1-1-480x360.jpeg 480w, https:\/\/poliklinikacz.cz\/wp-content\/uploads\/2025\/03\/WhatsApp-Image-2025-03-14-at-16.21.56-1-1.jpeg 1600w\" sizes=\"(max-width: 1024px) 100vw, 1024px\" \/>\t\t\t\t\t\t\t\t\t\t\t\t\t\t\t<\/div>\n\t\t\t\t<\/div>\n\t\t\t\t\t<\/div>\n\t\t<\/div>\n\t\t\t\t\t<\/div>\n\t\t<\/section>\n\t\t\t\t<\/div>\n\t\t","protected":false},"excerpt":{"rendered":"<p>L\u00e9k\u00e1rna Topolov\u00e1 Kde n\u00e1s najdete Pharma Most s.r.o.Topolov\u00e1 1234,434 01 Most Kontakt 775 223 439 lekarna@poliklinikamost.cz Vedouc\u00ed l\u00e9k\u00e1rn\u00edk PharmDr. Lud\u011bk Pol\u00e1\u010dek Otev\u00edrac\u00ed [&hellip;]<\/p>\n","protected":false},"author":3,"featured_media":0,"parent":0,"menu_order":0,"comment_status":"closed","ping_status":"closed","template":"elementor_header_footer","meta":{"footnotes":""},"class_list":["post-4197","page","type-page","status-publish","hentry"],"_links":{"self":[{"href":"https:\/\/poliklinikacz.cz\/zdravotnicka-zarizeni\/wp-json\/wp\/v2\/pages\/4197","targetHints":{"allow":["GET"]}}],"collection":[{"href":"https:\/\/poliklinikacz.cz\/zdravotnicka-zarizeni\/wp-json\/wp\/v2\/pages"}],"about":[{"href":"https:\/\/poliklinikacz.cz\/zdravotnicka-zarizeni\/wp-json\/wp\/v2\/types\/page"}],"author":[{"embeddable":true,"href":"https:\/\/poliklinikacz.cz\/zdravotnicka-zarizeni\/wp-json\/wp\/v2\/users\/3"}],"replies":[{"embeddable":true,"href":"https:\/\/poliklinikacz.cz\/zdravotnicka-zarizeni\/wp-json\/wp\/v2\/comments?post=4197"}],"version-history":[{"count":21,"href":"https:\/\/poliklinikacz.cz\/zdravotnicka-zarizeni\/wp-json\/wp\/v2\/pages\/4197\/revisions"}],"predecessor-version":[{"id":12278,"href":"https:\/\/poliklinikacz.cz\/zdravotnicka-zarizeni\/wp-json\/wp\/v2\/pages\/4197\/revisions\/12278"}],"wp:attachment":[{"href":"https:\/\/poliklinikacz.cz\/zdravotnicka-zarizeni\/wp-json\/wp\/v2\/media?parent=4197"}],"curies":[{"name":"wp","href":"https:\/\/api.w.org\/{rel}","templated":true}]}}