{"id":433,"date":"2020-09-13T08:15:10","date_gmt":"2020-09-13T08:15:10","guid":{"rendered":"http:\/\/poliklinikacz.cz\/domu\/poliklinika-kladno\/domaci-zdravotni-pece-s-r-o\/"},"modified":"2025-06-12T16:12:16","modified_gmt":"2025-06-12T14:12:16","slug":"domaci-zdravotni-pece-s-r-o","status":"publish","type":"page","link":"https:\/\/poliklinikacz.cz\/zdravotnicka-zarizeni\/poliklinika-kladno\/domaci-zdravotni-pece-s-r-o\/","title":{"rendered":"Dom\u00e1c\u00ed zdravotn\u00ed p\u00e9\u010de s.r.o."},"content":{"rendered":"\t\t<div data-elementor-type=\"wp-page\" data-elementor-id=\"433\" class=\"elementor elementor-433\" data-elementor-post-type=\"page\">\n\t\t\t\t\t\t<section class=\"elementor-section elementor-top-section elementor-element elementor-element-2e6fcb70 elementor-section-stretched elementor-section-boxed elementor-section-height-default elementor-section-height-default\" data-id=\"2e6fcb70\" data-element_type=\"section\" data-settings=\"{&quot;stretch_section&quot;:&quot;section-stretched&quot;}\">\n\t\t\t\t\t\t<div class=\"elementor-container elementor-column-gap-default\">\n\t\t\t\t\t<div class=\"elementor-column elementor-col-100 elementor-top-column elementor-element elementor-element-195b656e\" data-id=\"195b656e\" data-element_type=\"column\">\n\t\t\t<div class=\"elementor-widget-wrap elementor-element-populated\">\n\t\t\t\t\t\t<div class=\"elementor-element elementor-element-41f61b6c elementor-widget elementor-widget-heading\" data-id=\"41f61b6c\" data-element_type=\"widget\" data-widget_type=\"heading.default\">\n\t\t\t\t<div class=\"elementor-widget-container\">\n\t\t\t\t\t<h2 class=\"elementor-heading-title elementor-size-default\">Dom\u00e1c\u00ed zdravotn\u00ed p\u00e9\u010de s.r.o.<\/h2>\t\t\t\t<\/div>\n\t\t\t\t<\/div>\n\t\t\t\t<section class=\"elementor-section elementor-inner-section elementor-element elementor-element-3362ba6c elementor-section-boxed elementor-section-height-default elementor-section-height-default\" data-id=\"3362ba6c\" data-element_type=\"section\">\n\t\t\t\t\t\t<div class=\"elementor-container elementor-column-gap-default\">\n\t\t\t\t\t<div class=\"elementor-column elementor-col-33 elementor-inner-column elementor-element elementor-element-58b4fc40\" data-id=\"58b4fc40\" data-element_type=\"column\">\n\t\t\t<div class=\"elementor-widget-wrap elementor-element-populated\">\n\t\t\t\t\t\t<div class=\"elementor-element elementor-element-b0dd729 elementor-widget elementor-widget-heading\" data-id=\"b0dd729\" data-element_type=\"widget\" data-widget_type=\"heading.default\">\n\t\t\t\t<div class=\"elementor-widget-container\">\n\t\t\t\t\t<h3 class=\"elementor-heading-title elementor-size-default\">Kde n\u00e1s najdete<\/h3>\t\t\t\t<\/div>\n\t\t\t\t<\/div>\n\t\t\t\t<div class=\"elementor-element elementor-element-1a63adce elementor-view-default elementor-widget elementor-widget-icon\" data-id=\"1a63adce\" data-element_type=\"widget\" data-widget_type=\"icon.default\">\n\t\t\t\t<div class=\"elementor-widget-container\">\n\t\t\t\t\t\t\t<div class=\"elementor-icon-wrapper\">\n\t\t\t<div class=\"elementor-icon\">\n\t\t\t<i aria-hidden=\"true\" class=\"fas fa-home\"><\/i>\t\t\t<\/div>\n\t\t<\/div>\n\t\t\t\t\t\t<\/div>\n\t\t\t\t<\/div>\n\t\t\t\t<div class=\"elementor-element elementor-element-fde6f6a elementor-widget elementor-widget-text-editor\" data-id=\"fde6f6a\" data-element_type=\"widget\" data-widget_type=\"text-editor.default\">\n\t\t\t\t<div class=\"elementor-widget-container\">\n\t\t\t\t\t\t\t\t\t<p>I. V\u0161eobecn\u00e1 poliklinika Kladno<br \/>K Nemocnici 2814<br \/>272 01 Kladno<\/p><p><strong>1. patro<\/strong><\/p>\t\t\t\t\t\t\t\t<\/div>\n\t\t\t\t<\/div>\n\t\t\t\t<div class=\"elementor-element elementor-element-4b537c25 elementor-widget elementor-widget-heading\" data-id=\"4b537c25\" data-element_type=\"widget\" data-widget_type=\"heading.default\">\n\t\t\t\t<div class=\"elementor-widget-container\">\n\t\t\t\t\t<h3 class=\"elementor-heading-title elementor-size-default\">Kontakt<\/h3>\t\t\t\t<\/div>\n\t\t\t\t<\/div>\n\t\t\t\t<div class=\"elementor-element elementor-element-1c693862 elementor-align-center elementor-icon-list--layout-traditional elementor-list-item-link-full_width elementor-widget elementor-widget-icon-list\" data-id=\"1c693862\" data-element_type=\"widget\" data-widget_type=\"icon-list.default\">\n\t\t\t\t<div class=\"elementor-widget-container\">\n\t\t\t\t\t\t\t<ul class=\"elementor-icon-list-items\">\n\t\t\t\t\t\t\t<li class=\"elementor-icon-list-item\">\n\t\t\t\t\t\t\t\t\t\t\t<span class=\"elementor-icon-list-icon\">\n\t\t\t\t\t\t\t<i aria-hidden=\"true\" class=\"fas fa-phone-alt\"><\/i>\t\t\t\t\t\t<\/span>\n\t\t\t\t\t\t\t\t\t\t<span class=\"elementor-icon-list-text\">724 365 968<\/span>\n\t\t\t\t\t\t\t\t\t<\/li>\n\t\t\t\t\t\t\t\t<li class=\"elementor-icon-list-item\">\n\t\t\t\t\t\t\t\t\t\t\t<a href=\"mailto:domacipeceamor@gmail.com\">\n\n\t\t\t\t\t\t\t\t\t\t\t\t<span class=\"elementor-icon-list-icon\">\n\t\t\t\t\t\t\t<i aria-hidden=\"true\" class=\"fas fa-envelope\"><\/i>\t\t\t\t\t\t<\/span>\n\t\t\t\t\t\t\t\t\t\t<span class=\"elementor-icon-list-text\">domacipeceamor@gmail.com<\/span>\n\t\t\t\t\t\t\t\t\t\t\t<\/a>\n\t\t\t\t\t\t\t\t\t<\/li>\n\t\t\t\t\t\t<\/ul>\n\t\t\t\t\t\t<\/div>\n\t\t\t\t<\/div>\n\t\t\t\t\t<\/div>\n\t\t<\/div>\n\t\t\t\t<div class=\"elementor-column elementor-col-66 elementor-inner-column elementor-element elementor-element-434813c4\" data-id=\"434813c4\" data-element_type=\"column\">\n\t\t\t<div class=\"elementor-widget-wrap elementor-element-populated\">\n\t\t\t\t\t\t<div class=\"elementor-element elementor-element-e11ccd9 elementor-widget elementor-widget-text-editor\" data-id=\"e11ccd9\" data-element_type=\"widget\" data-widget_type=\"text-editor.default\">\n\t\t\t\t<div class=\"elementor-widget-container\">\n\t\t\t\t\t\t\t\t\t<p><strong><span style=\"font-size: 13.5pt; font-family: Poppins; color: black;\">Zaji\u0161\u0165ujeme:<\/span><\/strong><\/p><p>Odb\u011bry krve, kontrola fyziologick\u00fdch funkc\u00ed, pod\u00e1v\u00e1n\u00ed (aplikace) l\u00e9k\u016f, injekc\u00ed, infuz\u00ed, o\u010dkov\u00e1n\u00ed, aplikace inzulinu, z\u00e1cvik v aplikaci, pod\u00e1v\u00e1n\u00ed parenter\u00e1ln\u00ed\/enter\u00e1ln\u00ed v\u00fd\u017eivy, o\u0161et\u0159ov\u00e1n\u00ed \u017eiln\u00edch vstup\u016f (perifern\u011b zaveden\u00fd centr\u00e1ln\u00ed kat\u00e9tr, podkl\u00ed\u010dkov\u00e1 \u017e\u00edla, podko\u017en\u00ed port), o\u0161et\u0159ovatelsk\u00e1 rehabilitace, p\u0159evazy opera\u010dn\u00edch ran, b\u00e9rcov\u00fdch v\u0159ed\u016f, prole\u017eenin, defekt\u016f, c\u00e9vkov\u00e1n\u00ed, klyzma, p\u00e9\u010de o stomie, n\u00e1cvik (kolostomie, nefrostomie, epikut\u00e1nn\u00ed kat\u00e9tr, tracheostomie), p\u00e9\u010de o onkologicky nemocn\u00e9, p\u00e9\u010de o pacienty na dom\u00e1c\u00ed um\u011bl\u00e9 plicn\u00ed ventilaci.<\/p><p><strong><span style=\"font-size: 13.5pt; font-family: Poppins; color: black;\">Smluvn\u00ed partne\u0159i:<\/span><\/strong><\/p><p>111 \u2013 V\u0161eobecn\u00e1 zdravotn\u00ed poji\u0161\u0165ovna \u010cesk\u00e9 republiky<\/p><p>211 \u2013 Zdravotn\u00ed poji\u0161\u0165ovna ministerstva vnitra \u010cesk\u00e9 republiky<\/p><p>205 \u2013 \u010cesk\u00e1 pr\u016fmyslov\u00e1 zdravotn\u00ed poji\u0161\u0165ovna<\/p><p>207 \u2013 Odborov\u00e1 zdravotn\u00ed poji\u0161\u0165ovna zam\u011bstnanc\u016f bank, poji\u0161\u0165oven a stavebnictv\u00ed<\/p><p>201 \u2013 Vojensk\u00e1 zdravotn\u00ed poji\u0161\u0165ovna \u010cesk\u00e9 republiky<\/p>\t\t\t\t\t\t\t\t<\/div>\n\t\t\t\t<\/div>\n\t\t\t\t\t<\/div>\n\t\t<\/div>\n\t\t\t\t\t<\/div>\n\t\t<\/section>\n\t\t\t\t\t<\/div>\n\t\t<\/div>\n\t\t\t\t\t<\/div>\n\t\t<\/section>\n\t\t\t\t<section class=\"elementor-section elementor-top-section elementor-element elementor-element-3d56a9cc elementor-section-boxed elementor-section-height-default elementor-section-height-default\" data-id=\"3d56a9cc\" data-element_type=\"section\">\n\t\t\t\t\t\t<div class=\"elementor-container elementor-column-gap-default\">\n\t\t\t\t\t<div class=\"elementor-column elementor-col-100 elementor-top-column elementor-element elementor-element-23bed494\" data-id=\"23bed494\" data-element_type=\"column\">\n\t\t\t<div class=\"elementor-widget-wrap elementor-element-populated\">\n\t\t\t\t\t\t<div class=\"elementor-element elementor-element-293166f7 elementor-widget elementor-widget-google_maps\" data-id=\"293166f7\" data-element_type=\"widget\" data-widget_type=\"google_maps.default\">\n\t\t\t\t<div class=\"elementor-widget-container\">\n\t\t\t\t\t\t\t<div class=\"elementor-custom-embed\">\n\t\t\t<iframe loading=\"lazy\"\n\t\t\t\t\tsrc=\"https:\/\/maps.google.com\/maps?q=I.%20v%C5%A1eobecna%20poliklinika%20kladno&#038;t=m&#038;z=15&#038;output=embed&#038;iwloc=near\"\n\t\t\t\t\ttitle=\"I. v\u0161eobecna poliklinika kladno\"\n\t\t\t\t\taria-label=\"I. v\u0161eobecna poliklinika kladno\"\n\t\t\t><\/iframe>\n\t\t<\/div>\n\t\t\t\t\t\t<\/div>\n\t\t\t\t<\/div>\n\t\t\t\t\t<\/div>\n\t\t<\/div>\n\t\t\t\t\t<\/div>\n\t\t<\/section>\n\t\t\t\t<\/div>\n\t\t","protected":false},"excerpt":{"rendered":"<p>Dom\u00e1c\u00ed zdravotn\u00ed p\u00e9\u010de s.r.o. Kde n\u00e1s najdete I. V\u0161eobecn\u00e1 poliklinika KladnoK Nemocnici 2814272 01 Kladno 1. patro Kontakt 724 365 968 domacipeceamor@gmail.com [&hellip;]<\/p>\n","protected":false},"author":1,"featured_media":0,"parent":134,"menu_order":5,"comment_status":"closed","ping_status":"closed","template":"elementor_header_footer","meta":{"footnotes":""},"class_list":["post-433","page","type-page","status-publish","hentry"],"_links":{"self":[{"href":"https:\/\/poliklinikacz.cz\/zdravotnicka-zarizeni\/wp-json\/wp\/v2\/pages\/433","targetHints":{"allow":["GET"]}}],"collection":[{"href":"https:\/\/poliklinikacz.cz\/zdravotnicka-zarizeni\/wp-json\/wp\/v2\/pages"}],"about":[{"href":"https:\/\/poliklinikacz.cz\/zdravotnicka-zarizeni\/wp-json\/wp\/v2\/types\/page"}],"author":[{"embeddable":true,"href":"https:\/\/poliklinikacz.cz\/zdravotnicka-zarizeni\/wp-json\/wp\/v2\/users\/1"}],"replies":[{"embeddable":true,"href":"https:\/\/poliklinikacz.cz\/zdravotnicka-zarizeni\/wp-json\/wp\/v2\/comments?post=433"}],"version-history":[{"count":25,"href":"https:\/\/poliklinikacz.cz\/zdravotnicka-zarizeni\/wp-json\/wp\/v2\/pages\/433\/revisions"}],"predecessor-version":[{"id":12101,"href":"https:\/\/poliklinikacz.cz\/zdravotnicka-zarizeni\/wp-json\/wp\/v2\/pages\/433\/revisions\/12101"}],"up":[{"embeddable":true,"href":"https:\/\/poliklinikacz.cz\/zdravotnicka-zarizeni\/wp-json\/wp\/v2\/pages\/134"}],"wp:attachment":[{"href":"https:\/\/poliklinikacz.cz\/zdravotnicka-zarizeni\/wp-json\/wp\/v2\/media?parent=433"}],"curies":[{"name":"wp","href":"https:\/\/api.w.org\/{rel}","templated":true}]}}