{"id":435,"date":"2020-09-13T08:15:10","date_gmt":"2020-09-13T08:15:10","guid":{"rendered":"http:\/\/poliklinikacz.cz\/domu\/poliklinika-kladno\/endokrinologie\/"},"modified":"2026-02-19T13:25:32","modified_gmt":"2026-02-19T12:25:32","slug":"endokrinologie","status":"publish","type":"page","link":"https:\/\/poliklinikacz.cz\/zdravotnicka-zarizeni\/poliklinika-kladno\/endokrinologie\/","title":{"rendered":"Endokrinologie"},"content":{"rendered":"\t\t<div data-elementor-type=\"wp-page\" data-elementor-id=\"435\" class=\"elementor elementor-435\" data-elementor-post-type=\"page\">\n\t\t\t\t\t\t<section class=\"elementor-section elementor-top-section elementor-element elementor-element-15fd296a elementor-section-stretched elementor-section-boxed elementor-section-height-default elementor-section-height-default\" data-id=\"15fd296a\" data-element_type=\"section\" data-settings=\"{&quot;stretch_section&quot;:&quot;section-stretched&quot;}\">\n\t\t\t\t\t\t<div class=\"elementor-container elementor-column-gap-default\">\n\t\t\t\t\t<div class=\"elementor-column elementor-col-100 elementor-top-column elementor-element elementor-element-404c53ec\" data-id=\"404c53ec\" data-element_type=\"column\">\n\t\t\t<div class=\"elementor-widget-wrap elementor-element-populated\">\n\t\t\t\t\t\t<div class=\"elementor-element elementor-element-174387e0 elementor-widget elementor-widget-heading\" data-id=\"174387e0\" data-element_type=\"widget\" data-widget_type=\"heading.default\">\n\t\t\t\t<div class=\"elementor-widget-container\">\n\t\t\t\t\t<h2 class=\"elementor-heading-title elementor-size-default\">Endokrinologie a diabetologie<\/h2>\t\t\t\t<\/div>\n\t\t\t\t<\/div>\n\t\t\t\t<div class=\"elementor-element elementor-element-c1ec85f elementor-widget elementor-widget-heading\" data-id=\"c1ec85f\" data-element_type=\"widget\" data-widget_type=\"heading.default\">\n\t\t\t\t<div class=\"elementor-widget-container\">\n\t\t\t\t\t<h3 class=\"elementor-heading-title elementor-size-default\">Endokrinologie a diabetologie - MUDr. Erik Hollay<\/h3>\t\t\t\t<\/div>\n\t\t\t\t<\/div>\n\t\t\t\t<section class=\"elementor-section elementor-inner-section elementor-element elementor-element-2ab73232 elementor-section-boxed elementor-section-height-default elementor-section-height-default\" data-id=\"2ab73232\" data-element_type=\"section\">\n\t\t\t\t\t\t<div class=\"elementor-container elementor-column-gap-default\">\n\t\t\t\t\t<div class=\"elementor-column elementor-col-33 elementor-inner-column elementor-element elementor-element-4d835d10\" data-id=\"4d835d10\" data-element_type=\"column\">\n\t\t\t<div class=\"elementor-widget-wrap elementor-element-populated\">\n\t\t\t\t\t\t<div class=\"elementor-element elementor-element-12f97eda elementor-widget elementor-widget-heading\" data-id=\"12f97eda\" data-element_type=\"widget\" data-widget_type=\"heading.default\">\n\t\t\t\t<div class=\"elementor-widget-container\">\n\t\t\t\t\t<h3 class=\"elementor-heading-title elementor-size-default\">Kde n\u00e1s najdete<\/h3>\t\t\t\t<\/div>\n\t\t\t\t<\/div>\n\t\t\t\t<div class=\"elementor-element elementor-element-6efa8f78 elementor-view-default elementor-widget elementor-widget-icon\" data-id=\"6efa8f78\" data-element_type=\"widget\" data-widget_type=\"icon.default\">\n\t\t\t\t<div class=\"elementor-widget-container\">\n\t\t\t\t\t\t\t<div class=\"elementor-icon-wrapper\">\n\t\t\t<div class=\"elementor-icon\">\n\t\t\t<i aria-hidden=\"true\" class=\"fas fa-home\"><\/i>\t\t\t<\/div>\n\t\t<\/div>\n\t\t\t\t\t\t<\/div>\n\t\t\t\t<\/div>\n\t\t\t\t<div class=\"elementor-element elementor-element-38a80413 elementor-widget elementor-widget-text-editor\" data-id=\"38a80413\" data-element_type=\"widget\" data-widget_type=\"text-editor.default\">\n\t\t\t\t<div class=\"elementor-widget-container\">\n\t\t\t\t\t\t\t\t\t<p>I. V\u0161eobecn\u00e1 poliklinika Kladno<br \/>K Nemocnici 2814<br \/>272 01 Kladno<\/p><p><strong>p\u0159\u00edzem\u00ed &#8211; za l\u00e9k\u00e1rnou vlevo<\/strong><\/p>\t\t\t\t\t\t\t\t<\/div>\n\t\t\t\t<\/div>\n\t\t\t\t<div class=\"elementor-element elementor-element-3b26fba0 elementor-widget elementor-widget-heading\" data-id=\"3b26fba0\" data-element_type=\"widget\" data-widget_type=\"heading.default\">\n\t\t\t\t<div class=\"elementor-widget-container\">\n\t\t\t\t\t<h3 class=\"elementor-heading-title elementor-size-default\">Kontakt<\/h3>\t\t\t\t<\/div>\n\t\t\t\t<\/div>\n\t\t\t\t<div class=\"elementor-element elementor-element-3fc7ba37 elementor-align-center elementor-icon-list--layout-traditional elementor-list-item-link-full_width elementor-widget elementor-widget-icon-list\" data-id=\"3fc7ba37\" data-element_type=\"widget\" data-widget_type=\"icon-list.default\">\n\t\t\t\t<div class=\"elementor-widget-container\">\n\t\t\t\t\t\t\t<ul class=\"elementor-icon-list-items\">\n\t\t\t\t\t\t\t<li class=\"elementor-icon-list-item\">\n\t\t\t\t\t\t\t\t\t\t\t<span class=\"elementor-icon-list-icon\">\n\t\t\t\t\t\t\t<i aria-hidden=\"true\" class=\"fas fa-phone-alt\"><\/i>\t\t\t\t\t\t<\/span>\n\t\t\t\t\t\t\t\t\t\t<span class=\"elementor-icon-list-text\">724 152 531<\/span>\n\t\t\t\t\t\t\t\t\t<\/li>\n\t\t\t\t\t\t\t\t<li class=\"elementor-icon-list-item\">\n\t\t\t\t\t\t\t\t\t\t\t<a href=\"https:\/\/www.endia.cz\/\">\n\n\t\t\t\t\t\t\t\t\t\t\t\t<span class=\"elementor-icon-list-icon\">\n\t\t\t\t\t\t\t<i aria-hidden=\"true\" class=\"fas fa-globe\"><\/i>\t\t\t\t\t\t<\/span>\n\t\t\t\t\t\t\t\t\t\t<span class=\"elementor-icon-list-text\">www.endia.cz<\/span>\n\t\t\t\t\t\t\t\t\t\t\t<\/a>\n\t\t\t\t\t\t\t\t\t<\/li>\n\t\t\t\t\t\t<\/ul>\n\t\t\t\t\t\t<\/div>\n\t\t\t\t<\/div>\n\t\t\t\t\t<\/div>\n\t\t<\/div>\n\t\t\t\t<div class=\"elementor-column elementor-col-66 elementor-inner-column elementor-element elementor-element-5f94e21\" data-id=\"5f94e21\" data-element_type=\"column\">\n\t\t\t<div class=\"elementor-widget-wrap elementor-element-populated\">\n\t\t\t\t\t\t<div class=\"elementor-element elementor-element-71e7f09 elementor-widget elementor-widget-text-editor\" data-id=\"71e7f09\" data-element_type=\"widget\" data-widget_type=\"text-editor.default\">\n\t\t\t\t<div class=\"elementor-widget-container\">\n\t\t\t\t\t\t\t\t\t<h6 style=\"text-align: center;\">Vzhledem k napln\u011bn\u00ed kapacity ambulance krom\u011b akutn\u00edch pacient\u016f (dekompenzovan\u00ed diabetici, t\u011bhotn\u00e9, hypertyreozy, suspektn\u00ed uzle) v tomto okam\u017eiku nep\u0159ij\u00edm\u00e1me nov\u00e9 pacienty. D\u011bkujeme za pochopen\u00ed<\/h6>\t\t\t\t\t\t\t\t<\/div>\n\t\t\t\t<\/div>\n\t\t\t\t<div class=\"elementor-element elementor-element-3fd39e96 elementor-widget elementor-widget-heading\" data-id=\"3fd39e96\" data-element_type=\"widget\" data-widget_type=\"heading.default\">\n\t\t\t\t<div class=\"elementor-widget-container\">\n\t\t\t\t\t<h3 class=\"elementor-heading-title elementor-size-default\">Ordina\u010dn\u00ed hodiny<\/h3>\t\t\t\t<\/div>\n\t\t\t\t<\/div>\n\t\t\t\t<div class=\"elementor-element elementor-element-20cb7ee1 elementor-widget elementor-widget-ucaddon_opening_hours_list\" data-id=\"20cb7ee1\" data-element_type=\"widget\" data-widget_type=\"ucaddon_opening_hours_list.default\">\n\t\t\t\t<div class=\"elementor-widget-container\">\n\t\t\t\t\t\n<!-- start Opening Hours List -->\n\t\t<link id='font-awesome-css' href='https:\/\/poliklinikacz.cz\/wp-content\/plugins\/unlimited-elements-for-elementor\/assets_libraries\/font-awesome6\/fontawesome-all.min.css' type='text\/css' rel='stylesheet' >\n\t\t<link id='font-awesome-4-shim-css' href='https:\/\/poliklinikacz.cz\/wp-content\/plugins\/unlimited-elements-for-elementor\/assets_libraries\/font-awesome6\/fontawesome-v4-shims.min.css' type='text\/css' rel='stylesheet' >\n\t\t<link id='uc_ac_assets_file_simple_opening_hours_css_826-css' href='https:\/\/poliklinikacz.cz\/wp-content\/uploads\/ac_assets\/simple_opening_hours\/simple_opening_hours.css' type='text\/css' rel='stylesheet' >\n\n<style>\/* widget: Opening Hours List *\/\n\n#uc_opening_hours_list_elementor_20cb7ee1{\n\tbackground:#FFF;\n\tpadding:16px 30px;\n\t}\n\n<\/style>\n\n<div class=\"uc_simple_opening_hours\" id=\"uc_opening_hours_list_elementor_20cb7ee1\">\n       <ul class=\"uc_opening-hours\">\n            <li><i class=\"far fa-clock\" style=\"color:#00C3FF;\"><\/i>Pond\u011bl\u00ed<span class=\"bbb\"><span style= color:red;\">9:00 - 12:30<\/span> \uff5c13:30 - 18:00<\/span><\/li>\n<li><i class=\"far fa-clock\" style=\"color:#00C3FF;\"><\/i>\u00dater\u00fd<span class=\"bbb\">9:00 - 12:30\uff5c <span style= color:red;\">12:30 - 16:30<\/span><\/span><\/li>\n<li><i class=\"far fa-clock\" style=\"color:#00C3FF;\"><\/i>St\u0159eda<span class=\"bbb\"><span style= color:red;\">9:00 - 12:30<\/span> \uff5c<span style= color:red;\">13:30 - 18:00<\/span><\/span><\/li>\n<li><i class=\"far fa-clock\" style=\"color:#00C3FF;\"><\/i>\u010ctvrtek<span class=\"bbb\"><span style= color:red;\">9:00 - 12:30<\/span> \uff5c13:30 - 15:00<\/span><\/li>\n<li><i class=\"far fa-clock\" style=\"color:#00C3FF;\"><\/i>P\u00e1tek<span class=\"bbb\"><span style= color:red;\">9:00 - 11:00<\/span><\/span><\/li>\n\n        <\/ul>\n    <\/div>\n<!-- end Opening Hours List -->\t\t\t\t<\/div>\n\t\t\t\t<\/div>\n\t\t\t\t<div class=\"elementor-element elementor-element-49ac23f elementor-widget elementor-widget-text-editor\" data-id=\"49ac23f\" data-element_type=\"widget\" data-widget_type=\"text-editor.default\">\n\t\t\t\t<div class=\"elementor-widget-container\">\n\t\t\t\t\t\t\t\t\t<p><span style=\"color: red;\">\u010cerven\u011b zv\u00fdrazn\u011bn\u00e9 \u010dasy slou\u017e\u00ed z\u00e1rove\u0148 pro objedn\u00e1v\u00e1n\u00ed a vyzvednut\u00ed \u017e\u00e1danek<\/span><span style=\"color: #ff0000;\">, kdy je p\u0159\u00edtomna asistentka<\/span><\/p><p>Objedn\u00e1v\u00e1n\u00ed nov\u00fdch pacient\u016f lze pouze osobn\u011b v hodin\u00e1ch \u010derven\u011b zv\u00fdrazn\u011bn\u00fdch. Tyto hodiny slou\u017e\u00ed z\u00e1rove\u0148 pro objedn\u00e1v\u00e1n\u00ed recept\u016f, vyzvednut\u00ed \u017e\u00e1danek a ostatn\u00ed administrativu.<\/p><p><strong>Mimo tyto \u010dasy nelze z provozn\u00edch d\u016fvod\u016f po\u017eadavk\u016fm na administrativn\u00ed \u00fakony vyhov\u011bt.<\/strong><\/p>\t\t\t\t\t\t\t\t<\/div>\n\t\t\t\t<\/div>\n\t\t\t\t\t<\/div>\n\t\t<\/div>\n\t\t\t\t\t<\/div>\n\t\t<\/section>\n\t\t\t\t\t<\/div>\n\t\t<\/div>\n\t\t\t\t\t<\/div>\n\t\t<\/section>\n\t\t\t\t<section class=\"elementor-section elementor-top-section elementor-element elementor-element-31e93b9f elementor-section-boxed elementor-section-height-default elementor-section-height-default\" data-id=\"31e93b9f\" data-element_type=\"section\">\n\t\t\t\t\t\t<div class=\"elementor-container elementor-column-gap-default\">\n\t\t\t\t\t<div class=\"elementor-column elementor-col-100 elementor-top-column elementor-element elementor-element-4f40cbd8\" data-id=\"4f40cbd8\" data-element_type=\"column\">\n\t\t\t<div class=\"elementor-widget-wrap elementor-element-populated\">\n\t\t\t\t\t\t<div class=\"elementor-element elementor-element-7f9ad2e elementor-widget elementor-widget-heading\" data-id=\"7f9ad2e\" data-element_type=\"widget\" data-widget_type=\"heading.default\">\n\t\t\t\t<div class=\"elementor-widget-container\">\n\t\t\t\t\t<h3 class=\"elementor-heading-title elementor-size-default\">Endokrinologie - MUDr. Jana S\u016fvov\u00e1<\/h3>\t\t\t\t<\/div>\n\t\t\t\t<\/div>\n\t\t\t\t<section class=\"elementor-section elementor-inner-section elementor-element elementor-element-15b783f elementor-section-boxed elementor-section-height-default elementor-section-height-default\" data-id=\"15b783f\" data-element_type=\"section\">\n\t\t\t\t\t\t<div class=\"elementor-container elementor-column-gap-default\">\n\t\t\t\t\t<div class=\"elementor-column elementor-col-50 elementor-inner-column elementor-element elementor-element-c5c37df\" data-id=\"c5c37df\" data-element_type=\"column\">\n\t\t\t<div class=\"elementor-widget-wrap elementor-element-populated\">\n\t\t\t\t\t\t<div class=\"elementor-element elementor-element-c374fd4 elementor-widget elementor-widget-heading\" data-id=\"c374fd4\" data-element_type=\"widget\" data-widget_type=\"heading.default\">\n\t\t\t\t<div class=\"elementor-widget-container\">\n\t\t\t\t\t<h3 class=\"elementor-heading-title elementor-size-default\">Kde n\u00e1s najdete<\/h3>\t\t\t\t<\/div>\n\t\t\t\t<\/div>\n\t\t\t\t<div class=\"elementor-element elementor-element-3787b2a elementor-view-default elementor-widget elementor-widget-icon\" data-id=\"3787b2a\" data-element_type=\"widget\" data-widget_type=\"icon.default\">\n\t\t\t\t<div class=\"elementor-widget-container\">\n\t\t\t\t\t\t\t<div class=\"elementor-icon-wrapper\">\n\t\t\t<div class=\"elementor-icon\">\n\t\t\t<i aria-hidden=\"true\" class=\"fas fa-home\"><\/i>\t\t\t<\/div>\n\t\t<\/div>\n\t\t\t\t\t\t<\/div>\n\t\t\t\t<\/div>\n\t\t\t\t<div class=\"elementor-element elementor-element-a298b4e elementor-widget elementor-widget-text-editor\" data-id=\"a298b4e\" data-element_type=\"widget\" data-widget_type=\"text-editor.default\">\n\t\t\t\t<div class=\"elementor-widget-container\">\n\t\t\t\t\t\t\t\t\t<p>I. V\u0161eobecn\u00e1 poliklinika Kladno, spol. s r.o.<br \/>K Nemocnici \u010d.p. 2814<br \/>272 01 Kladno<\/p><p>3. patro vzadu<\/p>\t\t\t\t\t\t\t\t<\/div>\n\t\t\t\t<\/div>\n\t\t\t\t<div class=\"elementor-element elementor-element-9741651 elementor-widget elementor-widget-heading\" data-id=\"9741651\" data-element_type=\"widget\" data-widget_type=\"heading.default\">\n\t\t\t\t<div class=\"elementor-widget-container\">\n\t\t\t\t\t<h3 class=\"elementor-heading-title elementor-size-default\">Kontakt<\/h3>\t\t\t\t<\/div>\n\t\t\t\t<\/div>\n\t\t\t\t<div class=\"elementor-element elementor-element-ed11a2e elementor-align-center elementor-icon-list--layout-traditional elementor-list-item-link-full_width elementor-widget elementor-widget-icon-list\" data-id=\"ed11a2e\" data-element_type=\"widget\" data-widget_type=\"icon-list.default\">\n\t\t\t\t<div class=\"elementor-widget-container\">\n\t\t\t\t\t\t\t<ul class=\"elementor-icon-list-items\">\n\t\t\t\t\t\t\t<li class=\"elementor-icon-list-item\">\n\t\t\t\t\t\t\t\t\t\t\t<span class=\"elementor-icon-list-icon\">\n\t\t\t\t\t\t\t<i aria-hidden=\"true\" class=\"fas fa-phone-alt\"><\/i>\t\t\t\t\t\t<\/span>\n\t\t\t\t\t\t\t\t\t\t<span class=\"elementor-icon-list-text\">313 582 851<\/span>\n\t\t\t\t\t\t\t\t\t<\/li>\n\t\t\t\t\t\t\t\t<li class=\"elementor-icon-list-item\">\n\t\t\t\t\t\t\t\t\t\t\t<a href=\"http:\/\/ordinace@jasupren.cz\">\n\n\t\t\t\t\t\t\t\t\t\t\t\t<span class=\"elementor-icon-list-icon\">\n\t\t\t\t\t\t\t<i aria-hidden=\"true\" class=\"fas fa-phone-alt\"><\/i>\t\t\t\t\t\t<\/span>\n\t\t\t\t\t\t\t\t\t\t<span class=\"elementor-icon-list-text\">ordinace@jasupren.cz<\/span>\n\t\t\t\t\t\t\t\t\t\t\t<\/a>\n\t\t\t\t\t\t\t\t\t<\/li>\n\t\t\t\t\t\t\t\t<li class=\"elementor-icon-list-item\">\n\t\t\t\t\t\t\t\t\t\t\t<a href=\"https:\/\/jasupren.cz\/\">\n\n\t\t\t\t\t\t\t\t\t\t\t\t<span class=\"elementor-icon-list-icon\">\n\t\t\t\t\t\t\t<i aria-hidden=\"true\" class=\"fas fa-globe\"><\/i>\t\t\t\t\t\t<\/span>\n\t\t\t\t\t\t\t\t\t\t<span class=\"elementor-icon-list-text\">https:\/\/jasupren.cz\/<\/span>\n\t\t\t\t\t\t\t\t\t\t\t<\/a>\n\t\t\t\t\t\t\t\t\t<\/li>\n\t\t\t\t\t\t<\/ul>\n\t\t\t\t\t\t<\/div>\n\t\t\t\t<\/div>\n\t\t\t\t\t<\/div>\n\t\t<\/div>\n\t\t\t\t<div class=\"elementor-column elementor-col-50 elementor-inner-column elementor-element elementor-element-3f9869d\" data-id=\"3f9869d\" data-element_type=\"column\">\n\t\t\t<div class=\"elementor-widget-wrap elementor-element-populated\">\n\t\t\t\t\t\t<div class=\"elementor-element elementor-element-e82dc49 elementor-widget elementor-widget-heading\" data-id=\"e82dc49\" data-element_type=\"widget\" data-widget_type=\"heading.default\">\n\t\t\t\t<div class=\"elementor-widget-container\">\n\t\t\t\t\t<h3 class=\"elementor-heading-title elementor-size-default\">Ordina\u010dn\u00ed hodiny<\/h3>\t\t\t\t<\/div>\n\t\t\t\t<\/div>\n\t\t\t\t<div class=\"elementor-element elementor-element-ea5ce6b elementor-widget elementor-widget-ucaddon_opening_hours_list\" data-id=\"ea5ce6b\" data-element_type=\"widget\" data-widget_type=\"ucaddon_opening_hours_list.default\">\n\t\t\t\t<div class=\"elementor-widget-container\">\n\t\t\t\t\t\n<!-- start Opening Hours List -->\n\n<style>\/* widget: Opening Hours List *\/\n\n#uc_opening_hours_list_elementor_ea5ce6b{\n\tbackground:#FFF;\n\tpadding:16px 30px;\n\t}\n\n<\/style>\n\n<div class=\"uc_simple_opening_hours\" id=\"uc_opening_hours_list_elementor_ea5ce6b\">\n       <ul class=\"uc_opening-hours\">\n            <li><i class=\"far fa-clock\" style=\"color:#00C3FF;\"><\/i>Pond\u011bl\u00ed<span class=\"bbb\">neordinuje<\/span><\/li>\n<li><i class=\"far fa-clock\" style=\"color:#00C3FF;\"><\/i>\u00dater\u00fd<span class=\"bbb\">8:00 - 12:00<\/span><\/li>\n<li><i class=\"far fa-clock\" style=\"color:#00C3FF;\"><\/i>St\u0159eda<span class=\"bbb\">neordinuje<\/span><\/li>\n<li><i class=\"far fa-clock\" style=\"color:#00C3FF;\"><\/i>\u010ctvrtek<span class=\"bbb\">8:00 - 12:00<\/span><\/li>\n<li><i class=\"far fa-clock\" style=\"color:#00C3FF;\"><\/i>P\u00e1tek<span class=\"bbb\">neordinuje<\/span><\/li>\n\n        <\/ul>\n    <\/div>\n<!-- end Opening Hours List -->\t\t\t\t<\/div>\n\t\t\t\t<\/div>\n\t\t\t\t<div class=\"elementor-element elementor-element-64412e8 elementor-widget elementor-widget-text-editor\" data-id=\"64412e8\" data-element_type=\"widget\" data-widget_type=\"text-editor.default\">\n\t\t\t\t<div class=\"elementor-widget-container\">\n\t\t\t\t\t\t\t\t\t<p style=\"text-align: center;\"><strong>P\u0159ij\u00edm\u00e1me pacienty s poji\u0161\u0165ovnou:<\/strong><\/p><p style=\"text-align: center;\">205 &#8211; \u010cesk\u00e1 pr\u016fmyslov\u00e1 poji\u0161\u0165ovna<\/p><p style=\"text-align: center;\">207 &#8211; Oborov\u00e1 zdravotn\u00ed poji\u0161\u0165ovna<\/p><p style=\"text-align: center;\">209 &#8211; Zam\u011bstnaneck\u00e1 poji\u0161\u0165ovna \u0160kod<\/p>\t\t\t\t\t\t\t\t<\/div>\n\t\t\t\t<\/div>\n\t\t\t\t\t<\/div>\n\t\t<\/div>\n\t\t\t\t\t<\/div>\n\t\t<\/section>\n\t\t\t\t<div class=\"elementor-element elementor-element-2ad387a5 elementor-widget elementor-widget-google_maps\" data-id=\"2ad387a5\" data-element_type=\"widget\" data-widget_type=\"google_maps.default\">\n\t\t\t\t<div class=\"elementor-widget-container\">\n\t\t\t\t\t\t\t<div class=\"elementor-custom-embed\">\n\t\t\t<iframe loading=\"lazy\"\n\t\t\t\t\tsrc=\"https:\/\/maps.google.com\/maps?q=I.%20v%C5%A1eobecna%20poliklinika%20kladno&#038;t=m&#038;z=15&#038;output=embed&#038;iwloc=near\"\n\t\t\t\t\ttitle=\"I. v\u0161eobecna poliklinika kladno\"\n\t\t\t\t\taria-label=\"I. v\u0161eobecna poliklinika kladno\"\n\t\t\t><\/iframe>\n\t\t<\/div>\n\t\t\t\t\t\t<\/div>\n\t\t\t\t<\/div>\n\t\t\t\t\t<\/div>\n\t\t<\/div>\n\t\t\t\t\t<\/div>\n\t\t<\/section>\n\t\t\t\t<\/div>\n\t\t","protected":false},"excerpt":{"rendered":"<p>Endokrinologie a diabetologie Endokrinologie a diabetologie &#8211; MUDr. Erik Hollay Kde n\u00e1s najdete I. V\u0161eobecn\u00e1 poliklinika KladnoK Nemocnici 2814272 01 Kladno p\u0159\u00edzem\u00ed [&hellip;]<\/p>\n","protected":false},"author":1,"featured_media":0,"parent":134,"menu_order":7,"comment_status":"closed","ping_status":"closed","template":"elementor_header_footer","meta":{"footnotes":""},"class_list":["post-435","page","type-page","status-publish","hentry"],"_links":{"self":[{"href":"https:\/\/poliklinikacz.cz\/zdravotnicka-zarizeni\/wp-json\/wp\/v2\/pages\/435","targetHints":{"allow":["GET"]}}],"collection":[{"href":"https:\/\/poliklinikacz.cz\/zdravotnicka-zarizeni\/wp-json\/wp\/v2\/pages"}],"about":[{"href":"https:\/\/poliklinikacz.cz\/zdravotnicka-zarizeni\/wp-json\/wp\/v2\/types\/page"}],"author":[{"embeddable":true,"href":"https:\/\/poliklinikacz.cz\/zdravotnicka-zarizeni\/wp-json\/wp\/v2\/users\/1"}],"replies":[{"embeddable":true,"href":"https:\/\/poliklinikacz.cz\/zdravotnicka-zarizeni\/wp-json\/wp\/v2\/comments?post=435"}],"version-history":[{"count":41,"href":"https:\/\/poliklinikacz.cz\/zdravotnicka-zarizeni\/wp-json\/wp\/v2\/pages\/435\/revisions"}],"predecessor-version":[{"id":14160,"href":"https:\/\/poliklinikacz.cz\/zdravotnicka-zarizeni\/wp-json\/wp\/v2\/pages\/435\/revisions\/14160"}],"up":[{"embeddable":true,"href":"https:\/\/poliklinikacz.cz\/zdravotnicka-zarizeni\/wp-json\/wp\/v2\/pages\/134"}],"wp:attachment":[{"href":"https:\/\/poliklinikacz.cz\/zdravotnicka-zarizeni\/wp-json\/wp\/v2\/media?parent=435"}],"curies":[{"name":"wp","href":"https:\/\/api.w.org\/{rel}","templated":true}]}}