{"id":4493,"date":"2022-06-03T12:23:09","date_gmt":"2022-06-03T10:23:09","guid":{"rendered":"https:\/\/poliklinikacz.cz\/zdravotnicka-zarizeni\/?page_id=4493"},"modified":"2026-02-24T12:08:50","modified_gmt":"2026-02-24T11:08:50","slug":"alergologie-teplice","status":"publish","type":"page","link":"https:\/\/poliklinikacz.cz\/zdravotnicka-zarizeni\/alergologie-teplice\/","title":{"rendered":"Alergologie Teplice"},"content":{"rendered":"\t\t<div data-elementor-type=\"wp-page\" data-elementor-id=\"4493\" class=\"elementor elementor-4493\" data-elementor-post-type=\"page\">\n\t\t\t\t\t\t<section class=\"elementor-section elementor-top-section elementor-element elementor-element-7ab8f707 elementor-section-stretched elementor-section-boxed elementor-section-height-default elementor-section-height-default\" data-id=\"7ab8f707\" data-element_type=\"section\" data-settings=\"{&quot;stretch_section&quot;:&quot;section-stretched&quot;}\">\n\t\t\t\t\t\t<div class=\"elementor-container elementor-column-gap-default\">\n\t\t\t\t\t<div class=\"elementor-column elementor-col-100 elementor-top-column elementor-element elementor-element-5ac8b342\" data-id=\"5ac8b342\" data-element_type=\"column\">\n\t\t\t<div class=\"elementor-widget-wrap elementor-element-populated\">\n\t\t\t\t\t\t<div class=\"elementor-element elementor-element-1834a9ea elementor-widget elementor-widget-heading\" data-id=\"1834a9ea\" data-element_type=\"widget\" data-widget_type=\"heading.default\">\n\t\t\t\t<div class=\"elementor-widget-container\">\n\t\t\t\t\t<h2 class=\"elementor-heading-title elementor-size-default\">Alergologie Teplice<\/h2>\t\t\t\t<\/div>\n\t\t\t\t<\/div>\n\t\t\t\t<div class=\"elementor-element elementor-element-f2c72c2 elementor-widget elementor-widget-text-editor\" data-id=\"f2c72c2\" data-element_type=\"widget\" data-widget_type=\"text-editor.default\">\n\t\t\t\t<div class=\"elementor-widget-container\">\n\t\t\t\t\t\t\t\t\t<h4 style=\"text-align: center;\"><span style=\"color: #000080;\">Dovolen\u00e1 12.-15.5.2026<\/span><\/h4>\t\t\t\t\t\t\t\t<\/div>\n\t\t\t\t<\/div>\n\t\t\t\t<div class=\"elementor-element elementor-element-38c250d elementor-widget elementor-widget-text-editor\" data-id=\"38c250d\" data-element_type=\"widget\" data-widget_type=\"text-editor.default\">\n\t\t\t\t<div class=\"elementor-widget-container\">\n\t\t\t\t\t\t\t\t\t<p style=\"text-align: center;\"><span style=\"color: #000000;\">Jsme ambulanc\u00ed pro dosp\u011bl\u00e9 a d\u011bti od 12 let v\u011bku. U d\u011bt\u00ed vy\u017eadujeme doporu\u010den\u00ed d\u011btsk\u00e9ho l\u00e9ka\u0159e.<\/span><\/p><p style=\"color: #233452; font-size: 16px; text-align: center;\"><span style=\"color: #000000;\">Objedn\u00e1n\u00ed pacient\u016f na telefonn\u00edm \u010d\u00edsle, \u010di osobn\u011b u zdravotn\u00edch sester.<\/span><\/p><p style=\"color: #233452; font-size: 16px; text-align: center;\"><span style=\"color: #000000;\">Dotazy a \u017e\u00e1dosti o elektronick\u00fd recept na e-mailu<\/span><\/p>\t\t\t\t\t\t\t\t<\/div>\n\t\t\t\t<\/div>\n\t\t\t\t\t<\/div>\n\t\t<\/div>\n\t\t\t\t\t<\/div>\n\t\t<\/section>\n\t\t\t\t<section class=\"elementor-section elementor-top-section elementor-element elementor-element-709ac54 elementor-section-boxed elementor-section-height-default elementor-section-height-default\" data-id=\"709ac54\" data-element_type=\"section\">\n\t\t\t\t\t\t<div class=\"elementor-container elementor-column-gap-default\">\n\t\t\t\t\t<div class=\"elementor-column elementor-col-100 elementor-top-column elementor-element elementor-element-19c24189\" data-id=\"19c24189\" data-element_type=\"column\">\n\t\t\t<div class=\"elementor-widget-wrap elementor-element-populated\">\n\t\t\t\t\t\t<section class=\"elementor-section elementor-inner-section elementor-element elementor-element-6a31bcb9 elementor-section-boxed elementor-section-height-default elementor-section-height-default\" data-id=\"6a31bcb9\" data-element_type=\"section\">\n\t\t\t\t\t\t<div class=\"elementor-container elementor-column-gap-default\">\n\t\t\t\t\t<div class=\"elementor-column elementor-col-33 elementor-inner-column elementor-element elementor-element-bb48a49\" data-id=\"bb48a49\" data-element_type=\"column\">\n\t\t\t<div class=\"elementor-widget-wrap elementor-element-populated\">\n\t\t\t\t\t\t<div class=\"elementor-element elementor-element-35c00b48 elementor-widget elementor-widget-heading\" data-id=\"35c00b48\" data-element_type=\"widget\" data-widget_type=\"heading.default\">\n\t\t\t\t<div class=\"elementor-widget-container\">\n\t\t\t\t\t<h3 class=\"elementor-heading-title elementor-size-default\">Kde n\u00e1s najdete<\/h3>\t\t\t\t<\/div>\n\t\t\t\t<\/div>\n\t\t\t\t<div class=\"elementor-element elementor-element-e72bef6 elementor-view-default elementor-widget elementor-widget-icon\" data-id=\"e72bef6\" data-element_type=\"widget\" data-widget_type=\"icon.default\">\n\t\t\t\t<div class=\"elementor-widget-container\">\n\t\t\t\t\t\t\t<div class=\"elementor-icon-wrapper\">\n\t\t\t<div class=\"elementor-icon\">\n\t\t\t<i aria-hidden=\"true\" class=\"fas fa-home\"><\/i>\t\t\t<\/div>\n\t\t<\/div>\n\t\t\t\t\t\t<\/div>\n\t\t\t\t<\/div>\n\t\t\t\t<div class=\"elementor-element elementor-element-6c436fc9 elementor-widget elementor-widget-text-editor\" data-id=\"6c436fc9\" data-element_type=\"widget\" data-widget_type=\"text-editor.default\">\n\t\t\t\t<div class=\"elementor-widget-container\">\n\t\t\t\t\t\t\t\t\t<p>Teplice, U N\u00e1dra\u017e\u00ed 742\/9,<\/p><p>II.poschod\u00ed<\/p>\t\t\t\t\t\t\t\t<\/div>\n\t\t\t\t<\/div>\n\t\t\t\t<div class=\"elementor-element elementor-element-6c2bdc95 elementor-widget elementor-widget-heading\" data-id=\"6c2bdc95\" data-element_type=\"widget\" data-widget_type=\"heading.default\">\n\t\t\t\t<div class=\"elementor-widget-container\">\n\t\t\t\t\t<h3 class=\"elementor-heading-title elementor-size-default\">Kontakt<\/h3>\t\t\t\t<\/div>\n\t\t\t\t<\/div>\n\t\t\t\t<div class=\"elementor-element elementor-element-739dc2f4 elementor-align-center elementor-icon-list--layout-traditional elementor-list-item-link-full_width elementor-widget elementor-widget-icon-list\" data-id=\"739dc2f4\" data-element_type=\"widget\" data-widget_type=\"icon-list.default\">\n\t\t\t\t<div class=\"elementor-widget-container\">\n\t\t\t\t\t\t\t<ul class=\"elementor-icon-list-items\">\n\t\t\t\t\t\t\t<li class=\"elementor-icon-list-item\">\n\t\t\t\t\t\t\t\t\t\t\t<span class=\"elementor-icon-list-icon\">\n\t\t\t\t\t\t\t<i aria-hidden=\"true\" class=\"fas fa-phone-alt\"><\/i>\t\t\t\t\t\t<\/span>\n\t\t\t\t\t\t\t\t\t\t<span class=\"elementor-icon-list-text\">601 117 032<\/span>\n\t\t\t\t\t\t\t\t\t<\/li>\n\t\t\t\t\t\t\t\t<li class=\"elementor-icon-list-item\">\n\t\t\t\t\t\t\t\t\t\t\t<a href=\"http:\/\/info@alergologieteplice.cz\">\n\n\t\t\t\t\t\t\t\t\t\t\t\t<span class=\"elementor-icon-list-icon\">\n\t\t\t\t\t\t\t<i aria-hidden=\"true\" class=\"fas fa-envelope\"><\/i>\t\t\t\t\t\t<\/span>\n\t\t\t\t\t\t\t\t\t\t<span class=\"elementor-icon-list-text\">info@alergologieteplice.cz<\/span>\n\t\t\t\t\t\t\t\t\t\t\t<\/a>\n\t\t\t\t\t\t\t\t\t<\/li>\n\t\t\t\t\t\t<\/ul>\n\t\t\t\t\t\t<\/div>\n\t\t\t\t<\/div>\n\t\t\t\t\t<\/div>\n\t\t<\/div>\n\t\t\t\t<div class=\"elementor-column elementor-col-66 elementor-inner-column elementor-element elementor-element-5c32a918\" data-id=\"5c32a918\" data-element_type=\"column\">\n\t\t\t<div class=\"elementor-widget-wrap elementor-element-populated\">\n\t\t\t\t\t\t<div class=\"elementor-element elementor-element-204b09f6 elementor-widget elementor-widget-heading\" data-id=\"204b09f6\" data-element_type=\"widget\" data-widget_type=\"heading.default\">\n\t\t\t\t<div class=\"elementor-widget-container\">\n\t\t\t\t\t<h3 class=\"elementor-heading-title elementor-size-default\">L\u00e9ka\u0159<\/h3>\t\t\t\t<\/div>\n\t\t\t\t<\/div>\n\t\t\t\t<div class=\"elementor-element elementor-element-10cd514a elementor-align-center elementor-icon-list--layout-traditional elementor-list-item-link-full_width elementor-widget elementor-widget-icon-list\" data-id=\"10cd514a\" data-element_type=\"widget\" data-widget_type=\"icon-list.default\">\n\t\t\t\t<div class=\"elementor-widget-container\">\n\t\t\t\t\t\t\t<ul class=\"elementor-icon-list-items\">\n\t\t\t\t\t\t\t<li class=\"elementor-icon-list-item\">\n\t\t\t\t\t\t\t\t\t\t\t<span class=\"elementor-icon-list-icon\">\n\t\t\t\t\t\t\t<i aria-hidden=\"true\" class=\"far fa-id-card\"><\/i>\t\t\t\t\t\t<\/span>\n\t\t\t\t\t\t\t\t\t\t<span class=\"elementor-icon-list-text\">MUDr. Va\u0148kov\u00e1 Ji\u0159ina<\/span>\n\t\t\t\t\t\t\t\t\t<\/li>\n\t\t\t\t\t\t<\/ul>\n\t\t\t\t\t\t<\/div>\n\t\t\t\t<\/div>\n\t\t\t\t<div class=\"elementor-element elementor-element-2e7b1a2 elementor-widget elementor-widget-heading\" data-id=\"2e7b1a2\" data-element_type=\"widget\" data-widget_type=\"heading.default\">\n\t\t\t\t<div class=\"elementor-widget-container\">\n\t\t\t\t\t<h3 class=\"elementor-heading-title elementor-size-default\">Ordina\u010dn\u00ed hodiny<\/h3>\t\t\t\t<\/div>\n\t\t\t\t<\/div>\n\t\t\t\t<div class=\"elementor-element elementor-element-181b78ad elementor-widget elementor-widget-ucaddon_opening_hours_list\" data-id=\"181b78ad\" data-element_type=\"widget\" data-widget_type=\"ucaddon_opening_hours_list.default\">\n\t\t\t\t<div class=\"elementor-widget-container\">\n\t\t\t\t\t\n<!-- start Opening Hours List -->\n\t\t<link id='font-awesome-css' href='https:\/\/poliklinikacz.cz\/wp-content\/plugins\/unlimited-elements-for-elementor\/assets_libraries\/font-awesome6\/fontawesome-all.min.css' type='text\/css' rel='stylesheet' >\n\t\t<link id='font-awesome-4-shim-css' href='https:\/\/poliklinikacz.cz\/wp-content\/plugins\/unlimited-elements-for-elementor\/assets_libraries\/font-awesome6\/fontawesome-v4-shims.min.css' type='text\/css' rel='stylesheet' >\n\t\t<link id='uc_ac_assets_file_simple_opening_hours_css_826-css' href='https:\/\/poliklinikacz.cz\/wp-content\/uploads\/ac_assets\/simple_opening_hours\/simple_opening_hours.css' type='text\/css' rel='stylesheet' >\n\n<style>\/* widget: Opening Hours List *\/\n\n#uc_opening_hours_list_elementor_181b78ad{\n\tbackground:#FFF;\n\tpadding:16px 30px;\n\t}\n\n<\/style>\n\n<div class=\"uc_simple_opening_hours\" id=\"uc_opening_hours_list_elementor_181b78ad\">\n       <ul class=\"uc_opening-hours\">\n            <li><i class=\"far fa-clock\" style=\"color:#00C3FF;\"><\/i>Pond\u011bl\u00ed<span class=\"bbb\">7:00 - 12:00 | 13:00 - 16:00<\/span><\/li>\n<li><i class=\"far fa-clock\" style=\"color:#00C3FF;\"><\/i>\u00dater\u00fd<span class=\"bbb\">7:00 - 12:00<\/span><\/li>\n<li><i class=\"far fa-clock\" style=\"color:#00C3FF;\"><\/i>St\u0159eda<span class=\"bbb\">7:00 - 12:00<\/span><\/li>\n<li><i class=\"far fa-clock\" style=\"color:#00C3FF;\"><\/i>\u010ctvrtek<span class=\"bbb\">7:00  - 12:00 | 13:00-16:00<\/span><\/li>\n<li><i class=\"far fa-clock\" style=\"color:#00C3FF;\"><\/i>P\u00e1tek<span class=\"bbb\">7:00 - 12:00<\/span><\/li>\n\n        <\/ul>\n    <\/div>\n<!-- end Opening Hours List -->\t\t\t\t<\/div>\n\t\t\t\t<\/div>\n\t\t\t\t<div class=\"elementor-element elementor-element-2ad0165 elementor-widget elementor-widget-text-editor\" data-id=\"2ad0165\" data-element_type=\"widget\" data-widget_type=\"text-editor.default\">\n\t\t\t\t<div class=\"elementor-widget-container\">\n\t\t\t\t\t\t\t\t\t<h3 style=\"font-weight: 400; text-align: center;\"><strong>Spektrum vy\u0161et\u0159en\u00ed<\/strong><\/h3><p style=\"font-weight: 400;\">Diagnostika a l\u00e9\u010dba alergi\u00ed, zvl\u00e1\u0161t\u011b pylov\u00e9 alergie a alergie na rozto\u010de s projevy alergick\u00e9 r\u00fdmy, z\u00e1n\u011btu spojivek, atopick\u00e9ho ekz\u00e9mu\u00a0a pr\u016fdu\u0161kov\u00e9ho astmatu.<\/p><p style=\"font-weight: 400;\">Pod\u00e1v\u00e1n\u00ed vakc\u00edn v indikovan\u00fdch p\u0159\u00edpadech.<\/p><p style=\"font-weight: 400;\">\u0158e\u0161en\u00ed komplikovan\u00fdch p\u0159\u00edpad\u016f jako jsou potravinov\u00e9 alergie \u010di mnoho\u010detn\u00e9 chemick\u00e9 p\u0159ecitliv\u011blosti a reakce na nezn\u00e1m\u00e9 \u010dinitele.<\/p><p style=\"font-weight: 400;\">Z\u00e1va\u017en\u00e9 reakce na jed blanok\u0159\u00eddl\u00e9ho hmyzu<\/p><p style=\"font-weight: 400;\">\u010casto se opakuj\u00edc\u00ed infekce horn\u00edch cest d\u00fdchac\u00edch.<\/p><p style=\"font-weight: 400;\">Opakuj\u00edc\u00ed se kvasinkov\u00e9 z\u00e1n\u011bty po\u0161evn\u00ed.<\/p><p style=\"font-weight: 400;\">Chronick\u00e9 infekce herpetick\u00fdmi viry.<\/p><p style=\"font-weight: 400;\">Diagnostika autoimunitn\u00edch onemocn\u011bn\u00ed.<\/p><p style=\"font-weight: 400;\">Prov\u00e1d\u00edme l\u00e9kov\u00e9 studie zam\u011b\u0159en\u00e9 zvl\u00e1\u0161t\u011b na pr\u016fdu\u0161kov\u00e9 astma.<\/p>\t\t\t\t\t\t\t\t<\/div>\n\t\t\t\t<\/div>\n\t\t\t\t<div class=\"elementor-element elementor-element-20227f9 elementor-widget elementor-widget-text-editor\" data-id=\"20227f9\" data-element_type=\"widget\" data-widget_type=\"text-editor.default\">\n\t\t\t\t<div class=\"elementor-widget-container\">\n\t\t\t\t\t\t\t\t\t<h5 style=\"text-align: center;\"><span style=\"color: #000080;\">Komunikujeme prim\u00e1rn\u011b p\u0159es Medevio<\/span><\/h5><h6 style=\"text-align: center;\"><br \/><span style=\"color: #000080;\">Preferujeme komunikaci a objedn\u00e1v\u00e1n\u00ed p\u0159es zabezpe\u010denou platformu\u00a0<a style=\"color: #000080;\" href=\"https:\/\/my.medevio.cz\/psychiatrie-poliklinika-michnova\">Medevio<\/a>\u00a0a mobiln\u00ed aplikaci Medevio. Volejte pros\u00edm jen v nal\u00e9hav\u00fdch p\u0159\u00edpadech. Po\u017eadavky p\u0159es Medevio zpracov\u00e1v\u00e1me pr\u016fb\u011b\u017en\u011b b\u011bhem ordina\u010dn\u00ed doby.<\/span><\/h6><p><span style=\"color: #000080;\"><a style=\"color: #000080;\" href=\"https:\/\/my.medevio.cz\/alergologie-teplice?ref=imgbanner\" target=\"_blank\" rel=\"noopener\"><img fetchpriority=\"high\" decoding=\"async\" class=\"aligncenter\" src=\"https:\/\/static.medevio.cz\/clinic-banners\/banner@2x.png\" alt=\"Pokra\u010dovat na Medevio\" width=\"421\" height=\"203\" \/><\/a><\/span><\/p><p style=\"text-align: center;\"><span style=\"color: #000080;\"><strong>Pomozte n\u00e1m pe\u010dovat o Va\u0161e zdrav\u00ed a nainstalujte si aplikaci Medevio do telefonu:<\/strong><\/span><br \/><span style=\"color: #000080;\"><a style=\"color: #000080;\" href=\"https:\/\/play.google.com\/store\/apps\/details?id=com.medevio.gateway\">Android na Google Play<\/a><\/span><br \/><span style=\"color: #000080;\"><a style=\"color: #000080;\" href=\"https:\/\/apps.apple.com\/cz\/app\/medevio\/id1514781228\">iOS na App Store<\/a><\/span><\/p>\t\t\t\t\t\t\t\t<\/div>\n\t\t\t\t<\/div>\n\t\t\t\t\t<\/div>\n\t\t<\/div>\n\t\t\t\t\t<\/div>\n\t\t<\/section>\n\t\t\t\t<div class=\"elementor-element elementor-element-36fdad97 elementor-widget elementor-widget-google_maps\" data-id=\"36fdad97\" data-element_type=\"widget\" data-widget_type=\"google_maps.default\">\n\t\t\t\t<div class=\"elementor-widget-container\">\n\t\t\t\t\t\t\t<div class=\"elementor-custom-embed\">\n\t\t\t<iframe loading=\"lazy\"\n\t\t\t\t\tsrc=\"https:\/\/maps.google.com\/maps?q=Teplice%2C%20U%20N%C3%A1dra%C5%BE%C3%AD%20742%2F9&#038;t=m&#038;z=15&#038;output=embed&#038;iwloc=near\"\n\t\t\t\t\ttitle=\"Teplice, U N\u00e1dra\u017e\u00ed 742\/9\"\n\t\t\t\t\taria-label=\"Teplice, U N\u00e1dra\u017e\u00ed 742\/9\"\n\t\t\t><\/iframe>\n\t\t<\/div>\n\t\t\t\t\t\t<\/div>\n\t\t\t\t<\/div>\n\t\t\t\t\t<\/div>\n\t\t<\/div>\n\t\t\t\t\t<\/div>\n\t\t<\/section>\n\t\t\t\t<section class=\"elementor-section elementor-top-section elementor-element elementor-element-6466f77 elementor-section-boxed elementor-section-height-default elementor-section-height-default\" data-id=\"6466f77\" data-element_type=\"section\">\n\t\t\t\t\t\t<div class=\"elementor-container elementor-column-gap-default\">\n\t\t\t\t\t<div class=\"elementor-column elementor-col-33 elementor-top-column elementor-element elementor-element-5e6ba10\" data-id=\"5e6ba10\" data-element_type=\"column\">\n\t\t\t<div class=\"elementor-widget-wrap elementor-element-populated\">\n\t\t\t\t\t\t<div class=\"elementor-element elementor-element-a6e1deb elementor-widget elementor-widget-image\" data-id=\"a6e1deb\" data-element_type=\"widget\" data-widget_type=\"image.default\">\n\t\t\t\t<div class=\"elementor-widget-container\">\n\t\t\t\t\t\t\t\t\t\t\t\t\t\t\t<img decoding=\"async\" width=\"768\" height=\"1024\" src=\"https:\/\/poliklinikacz.cz\/wp-content\/uploads\/2025\/03\/2-1-768x1024.jpg\" class=\"attachment-large size-large wp-image-10823\" alt=\"\" srcset=\"https:\/\/poliklinikacz.cz\/wp-content\/uploads\/2025\/03\/2-1-768x1024.jpg 768w, https:\/\/poliklinikacz.cz\/wp-content\/uploads\/2025\/03\/2-1-225x300.jpg 225w, https:\/\/poliklinikacz.cz\/wp-content\/uploads\/2025\/03\/2-1-1152x1536.jpg 1152w, https:\/\/poliklinikacz.cz\/wp-content\/uploads\/2025\/03\/2-1-920x1227.jpg 920w, https:\/\/poliklinikacz.cz\/wp-content\/uploads\/2025\/03\/2-1-230x307.jpg 230w, https:\/\/poliklinikacz.cz\/wp-content\/uploads\/2025\/03\/2-1-350x467.jpg 350w, https:\/\/poliklinikacz.cz\/wp-content\/uploads\/2025\/03\/2-1-480x640.jpg 480w, https:\/\/poliklinikacz.cz\/wp-content\/uploads\/2025\/03\/2-1.jpg 1500w\" sizes=\"(max-width: 768px) 100vw, 768px\" \/>\t\t\t\t\t\t\t\t\t\t\t\t\t\t\t<\/div>\n\t\t\t\t<\/div>\n\t\t\t\t\t<\/div>\n\t\t<\/div>\n\t\t\t\t<div class=\"elementor-column elementor-col-33 elementor-top-column elementor-element elementor-element-d6c6fdb\" data-id=\"d6c6fdb\" data-element_type=\"column\">\n\t\t\t<div class=\"elementor-widget-wrap elementor-element-populated\">\n\t\t\t\t\t\t<div class=\"elementor-element elementor-element-4664fcf elementor-widget elementor-widget-image\" data-id=\"4664fcf\" data-element_type=\"widget\" data-widget_type=\"image.default\">\n\t\t\t\t<div class=\"elementor-widget-container\">\n\t\t\t\t\t\t\t\t\t\t\t\t\t\t\t<img decoding=\"async\" width=\"768\" height=\"1024\" src=\"https:\/\/poliklinikacz.cz\/wp-content\/uploads\/2025\/03\/4-1-768x1024.jpg\" class=\"attachment-large size-large wp-image-10824\" alt=\"\" srcset=\"https:\/\/poliklinikacz.cz\/wp-content\/uploads\/2025\/03\/4-1-768x1024.jpg 768w, https:\/\/poliklinikacz.cz\/wp-content\/uploads\/2025\/03\/4-1-225x300.jpg 225w, https:\/\/poliklinikacz.cz\/wp-content\/uploads\/2025\/03\/4-1-1152x1536.jpg 1152w, https:\/\/poliklinikacz.cz\/wp-content\/uploads\/2025\/03\/4-1-920x1227.jpg 920w, https:\/\/poliklinikacz.cz\/wp-content\/uploads\/2025\/03\/4-1-230x307.jpg 230w, https:\/\/poliklinikacz.cz\/wp-content\/uploads\/2025\/03\/4-1-350x467.jpg 350w, https:\/\/poliklinikacz.cz\/wp-content\/uploads\/2025\/03\/4-1-480x640.jpg 480w, https:\/\/poliklinikacz.cz\/wp-content\/uploads\/2025\/03\/4-1.jpg 1500w\" sizes=\"(max-width: 768px) 100vw, 768px\" \/>\t\t\t\t\t\t\t\t\t\t\t\t\t\t\t<\/div>\n\t\t\t\t<\/div>\n\t\t\t\t\t<\/div>\n\t\t<\/div>\n\t\t\t\t<div class=\"elementor-column elementor-col-33 elementor-top-column elementor-element elementor-element-d759e2a\" data-id=\"d759e2a\" data-element_type=\"column\">\n\t\t\t<div class=\"elementor-widget-wrap elementor-element-populated\">\n\t\t\t\t\t\t<div class=\"elementor-element elementor-element-0216c75 elementor-widget elementor-widget-image\" data-id=\"0216c75\" data-element_type=\"widget\" data-widget_type=\"image.default\">\n\t\t\t\t<div class=\"elementor-widget-container\">\n\t\t\t\t\t\t\t\t\t\t\t\t\t\t\t<img loading=\"lazy\" decoding=\"async\" width=\"768\" height=\"1024\" src=\"https:\/\/poliklinikacz.cz\/wp-content\/uploads\/2025\/03\/3-1-768x1024.jpg\" class=\"attachment-large size-large wp-image-10825\" alt=\"\" srcset=\"https:\/\/poliklinikacz.cz\/wp-content\/uploads\/2025\/03\/3-1-768x1024.jpg 768w, https:\/\/poliklinikacz.cz\/wp-content\/uploads\/2025\/03\/3-1-225x300.jpg 225w, https:\/\/poliklinikacz.cz\/wp-content\/uploads\/2025\/03\/3-1-1152x1536.jpg 1152w, https:\/\/poliklinikacz.cz\/wp-content\/uploads\/2025\/03\/3-1-920x1227.jpg 920w, https:\/\/poliklinikacz.cz\/wp-content\/uploads\/2025\/03\/3-1-230x307.jpg 230w, https:\/\/poliklinikacz.cz\/wp-content\/uploads\/2025\/03\/3-1-350x467.jpg 350w, https:\/\/poliklinikacz.cz\/wp-content\/uploads\/2025\/03\/3-1-480x640.jpg 480w, https:\/\/poliklinikacz.cz\/wp-content\/uploads\/2025\/03\/3-1.jpg 1500w\" sizes=\"(max-width: 768px) 100vw, 768px\" \/>\t\t\t\t\t\t\t\t\t\t\t\t\t\t\t<\/div>\n\t\t\t\t<\/div>\n\t\t\t\t\t<\/div>\n\t\t<\/div>\n\t\t\t\t\t<\/div>\n\t\t<\/section>\n\t\t\t\t<\/div>\n\t\t","protected":false},"excerpt":{"rendered":"<p>Alergologie Teplice Dovolen\u00e1 12.-15.5.2026 Jsme ambulanc\u00ed pro dosp\u011bl\u00e9 a d\u011bti od 12 let v\u011bku. U d\u011bt\u00ed vy\u017eadujeme doporu\u010den\u00ed d\u011btsk\u00e9ho l\u00e9ka\u0159e. Objedn\u00e1n\u00ed pacient\u016f [&hellip;]<\/p>\n","protected":false},"author":3,"featured_media":0,"parent":0,"menu_order":0,"comment_status":"closed","ping_status":"closed","template":"elementor_header_footer","meta":{"footnotes":""},"class_list":["post-4493","page","type-page","status-publish","hentry"],"_links":{"self":[{"href":"https:\/\/poliklinikacz.cz\/zdravotnicka-zarizeni\/wp-json\/wp\/v2\/pages\/4493","targetHints":{"allow":["GET"]}}],"collection":[{"href":"https:\/\/poliklinikacz.cz\/zdravotnicka-zarizeni\/wp-json\/wp\/v2\/pages"}],"about":[{"href":"https:\/\/poliklinikacz.cz\/zdravotnicka-zarizeni\/wp-json\/wp\/v2\/types\/page"}],"author":[{"embeddable":true,"href":"https:\/\/poliklinikacz.cz\/zdravotnicka-zarizeni\/wp-json\/wp\/v2\/users\/3"}],"replies":[{"embeddable":true,"href":"https:\/\/poliklinikacz.cz\/zdravotnicka-zarizeni\/wp-json\/wp\/v2\/comments?post=4493"}],"version-history":[{"count":85,"href":"https:\/\/poliklinikacz.cz\/zdravotnicka-zarizeni\/wp-json\/wp\/v2\/pages\/4493\/revisions"}],"predecessor-version":[{"id":14237,"href":"https:\/\/poliklinikacz.cz\/zdravotnicka-zarizeni\/wp-json\/wp\/v2\/pages\/4493\/revisions\/14237"}],"wp:attachment":[{"href":"https:\/\/poliklinikacz.cz\/zdravotnicka-zarizeni\/wp-json\/wp\/v2\/media?parent=4493"}],"curies":[{"name":"wp","href":"https:\/\/api.w.org\/{rel}","templated":true}]}}