{"id":456,"date":"2020-09-13T08:15:10","date_gmt":"2020-09-13T08:15:10","guid":{"rendered":"http:\/\/poliklinikacz.cz\/domu\/poliklinika-kladno\/rtg-oddeleni\/"},"modified":"2026-02-04T10:05:30","modified_gmt":"2026-02-04T09:05:30","slug":"rtg-oddeleni","status":"publish","type":"page","link":"https:\/\/poliklinikacz.cz\/zdravotnicka-zarizeni\/poliklinika-kladno\/rtg-oddeleni\/","title":{"rendered":"RTG odd\u011blen\u00ed"},"content":{"rendered":"\t\t<div data-elementor-type=\"wp-page\" data-elementor-id=\"456\" class=\"elementor elementor-456\" data-elementor-post-type=\"page\">\n\t\t\t\t\t\t<section class=\"elementor-section elementor-top-section elementor-element elementor-element-2ad5e056 elementor-section-stretched elementor-section-boxed elementor-section-height-default elementor-section-height-default\" data-id=\"2ad5e056\" data-element_type=\"section\" data-settings=\"{&quot;stretch_section&quot;:&quot;section-stretched&quot;}\">\n\t\t\t\t\t\t<div class=\"elementor-container elementor-column-gap-default\">\n\t\t\t\t\t<div class=\"elementor-column elementor-col-100 elementor-top-column elementor-element elementor-element-2a1ae14c\" data-id=\"2a1ae14c\" data-element_type=\"column\">\n\t\t\t<div class=\"elementor-widget-wrap elementor-element-populated\">\n\t\t\t\t\t\t<div class=\"elementor-element elementor-element-501ed98 elementor-widget elementor-widget-heading\" data-id=\"501ed98\" data-element_type=\"widget\" data-widget_type=\"heading.default\">\n\t\t\t\t<div class=\"elementor-widget-container\">\n\t\t\t\t\t<h2 class=\"elementor-heading-title elementor-size-default\">RTG odd\u011blen\u00ed\n<\/h2>\t\t\t\t<\/div>\n\t\t\t\t<\/div>\n\t\t\t\t<section class=\"elementor-section elementor-inner-section elementor-element elementor-element-582e5278 elementor-section-boxed elementor-section-height-default elementor-section-height-default\" data-id=\"582e5278\" data-element_type=\"section\">\n\t\t\t\t\t\t<div class=\"elementor-container elementor-column-gap-default\">\n\t\t\t\t\t<div class=\"elementor-column elementor-col-33 elementor-inner-column elementor-element elementor-element-711b109d\" data-id=\"711b109d\" data-element_type=\"column\">\n\t\t\t<div class=\"elementor-widget-wrap elementor-element-populated\">\n\t\t\t\t\t\t<div class=\"elementor-element elementor-element-67f9c482 elementor-widget elementor-widget-heading\" data-id=\"67f9c482\" data-element_type=\"widget\" data-widget_type=\"heading.default\">\n\t\t\t\t<div class=\"elementor-widget-container\">\n\t\t\t\t\t<h3 class=\"elementor-heading-title elementor-size-default\">Kde n\u00e1s najdete<\/h3>\t\t\t\t<\/div>\n\t\t\t\t<\/div>\n\t\t\t\t<div class=\"elementor-element elementor-element-6b1e207e elementor-view-default elementor-widget elementor-widget-icon\" data-id=\"6b1e207e\" data-element_type=\"widget\" data-widget_type=\"icon.default\">\n\t\t\t\t<div class=\"elementor-widget-container\">\n\t\t\t\t\t\t\t<div class=\"elementor-icon-wrapper\">\n\t\t\t<div class=\"elementor-icon\">\n\t\t\t<i aria-hidden=\"true\" class=\"fas fa-home\"><\/i>\t\t\t<\/div>\n\t\t<\/div>\n\t\t\t\t\t\t<\/div>\n\t\t\t\t<\/div>\n\t\t\t\t<div class=\"elementor-element elementor-element-1593a360 elementor-widget elementor-widget-text-editor\" data-id=\"1593a360\" data-element_type=\"widget\" data-widget_type=\"text-editor.default\">\n\t\t\t\t<div class=\"elementor-widget-container\">\n\t\t\t\t\t\t\t\t\t<p>I. V\u0161eobecn\u00e1 poliklinika Kladno<br \/>K Nemocnici 2814<br \/>272 01 Kladno<\/p><p><strong>1. patro<\/strong><\/p>\t\t\t\t\t\t\t\t<\/div>\n\t\t\t\t<\/div>\n\t\t\t\t<div class=\"elementor-element elementor-element-5c4f1518 elementor-widget elementor-widget-heading\" data-id=\"5c4f1518\" data-element_type=\"widget\" data-widget_type=\"heading.default\">\n\t\t\t\t<div class=\"elementor-widget-container\">\n\t\t\t\t\t<h3 class=\"elementor-heading-title elementor-size-default\">Kontakt<\/h3>\t\t\t\t<\/div>\n\t\t\t\t<\/div>\n\t\t\t\t<div class=\"elementor-element elementor-element-4ebec0b8 elementor-align-center elementor-icon-list--layout-traditional elementor-list-item-link-full_width elementor-widget elementor-widget-icon-list\" data-id=\"4ebec0b8\" data-element_type=\"widget\" data-widget_type=\"icon-list.default\">\n\t\t\t\t<div class=\"elementor-widget-container\">\n\t\t\t\t\t\t\t<ul class=\"elementor-icon-list-items\">\n\t\t\t\t\t\t\t<li class=\"elementor-icon-list-item\">\n\t\t\t\t\t\t\t\t\t\t\t<span class=\"elementor-icon-list-icon\">\n\t\t\t\t\t\t\t<i aria-hidden=\"true\" class=\"fas fa-phone-alt\"><\/i>\t\t\t\t\t\t<\/span>\n\t\t\t\t\t\t\t\t\t\t<span class=\"elementor-icon-list-text\">770 314 850<\/span>\n\t\t\t\t\t\t\t\t\t<\/li>\n\t\t\t\t\t\t\t\t<li class=\"elementor-icon-list-item\">\n\t\t\t\t\t\t\t\t\t\t\t<span class=\"elementor-icon-list-icon\">\n\t\t\t\t\t\t\t<i aria-hidden=\"true\" class=\"fas fa-envelope\"><\/i>\t\t\t\t\t\t<\/span>\n\t\t\t\t\t\t\t\t\t\t<span class=\"elementor-icon-list-text\">rtg@poliklinikakladno.cz<\/span>\n\t\t\t\t\t\t\t\t\t<\/li>\n\t\t\t\t\t\t<\/ul>\n\t\t\t\t\t\t<\/div>\n\t\t\t\t<\/div>\n\t\t\t\t\t<\/div>\n\t\t<\/div>\n\t\t\t\t<div class=\"elementor-column elementor-col-66 elementor-inner-column elementor-element elementor-element-28522b6d\" data-id=\"28522b6d\" data-element_type=\"column\">\n\t\t\t<div class=\"elementor-widget-wrap elementor-element-populated\">\n\t\t\t\t\t\t<div class=\"elementor-element elementor-element-272f628b elementor-widget elementor-widget-heading\" data-id=\"272f628b\" data-element_type=\"widget\" data-widget_type=\"heading.default\">\n\t\t\t\t<div class=\"elementor-widget-container\">\n\t\t\t\t\t<h3 class=\"elementor-heading-title elementor-size-default\">Ordina\u010dn\u00ed hodiny<\/h3>\t\t\t\t<\/div>\n\t\t\t\t<\/div>\n\t\t\t\t<div class=\"elementor-element elementor-element-7916e241 elementor-widget elementor-widget-ucaddon_opening_hours_list\" data-id=\"7916e241\" data-element_type=\"widget\" data-widget_type=\"ucaddon_opening_hours_list.default\">\n\t\t\t\t<div class=\"elementor-widget-container\">\n\t\t\t\t\t\n<!-- start Opening Hours List -->\n\t\t<link id='font-awesome-css' href='https:\/\/poliklinikacz.cz\/wp-content\/plugins\/unlimited-elements-for-elementor\/assets_libraries\/font-awesome6\/fontawesome-all.min.css' type='text\/css' rel='stylesheet' >\n\t\t<link id='font-awesome-4-shim-css' href='https:\/\/poliklinikacz.cz\/wp-content\/plugins\/unlimited-elements-for-elementor\/assets_libraries\/font-awesome6\/fontawesome-v4-shims.min.css' type='text\/css' rel='stylesheet' >\n\t\t<link id='uc_ac_assets_file_simple_opening_hours_css_826-css' href='https:\/\/poliklinikacz.cz\/wp-content\/uploads\/ac_assets\/simple_opening_hours\/simple_opening_hours.css' type='text\/css' rel='stylesheet' >\n\n<style>\/* widget: Opening Hours List *\/\n\n#uc_opening_hours_list_elementor_7916e241{\n\tbackground:#FFF;\n\tpadding:16px 30px;\n\t}\n\n<\/style>\n\n<div class=\"uc_simple_opening_hours\" id=\"uc_opening_hours_list_elementor_7916e241\">\n       <ul class=\"uc_opening-hours\">\n            <li><i class=\"far fa-clock\" style=\"color:#00C3FF;\"><\/i>Pond\u011bl\u00ed<span class=\"bbb\">8:00 - 12:00 | 13:00 - 18:00<\/span><\/li>\n<li><i class=\"far fa-clock\" style=\"color:#00C3FF;\"><\/i>\u00dater\u00fd<span class=\"bbb\">8:00 - 12:00 | 13:00 - 14:45<\/span><\/li>\n<li><i class=\"far fa-clock\" style=\"color:#00C3FF;\"><\/i>St\u0159eda<span class=\"bbb\">8:00 - 12:00 | 13:00 - 18:00<\/span><\/li>\n<li><i class=\"far fa-clock\" style=\"color:#00C3FF;\"><\/i>\u010ctvrtek<span class=\"bbb\">8:00 - 12:00 | 12:30 - 13:45<\/span><\/li>\n<li><i class=\"far fa-clock\" style=\"color:#00C3FF;\"><\/i>P\u00e1tek<span class=\"bbb\">8:00 - 12:45<\/span><\/li>\n\n        <\/ul>\n    <\/div>\n<!-- end Opening Hours List -->\t\t\t\t<\/div>\n\t\t\t\t<\/div>\n\t\t\t\t<div class=\"elementor-element elementor-element-8aea803 elementor-widget elementor-widget-text-editor\" data-id=\"8aea803\" data-element_type=\"widget\" data-widget_type=\"text-editor.default\">\n\t\t\t\t<div class=\"elementor-widget-container\">\n\t\t\t\t\t\t\t\t\t<p data-start=\"155\" data-end=\"221\">Posledn\u00ed<strong> pacient bude o\u0161et\u0159en 15 minut p\u0159ed koncem ordina\u010dn\u00ed doby.<\/strong><\/p><p data-start=\"223\" data-end=\"297\"><strong>Na na\u0161em RTG odd\u011blen\u00ed se sn\u00edmkuj\u00ed:<\/strong><br data-start=\"257\" data-end=\"260\" \/><strong>Kosti, p\u00e1te\u0159, pl\u00edce a srdce, klouby, hlava a dlouh\u00e9 sn\u00edmky p\u00e1te\u0159e.<\/strong><\/p><p data-start=\"223\" data-end=\"297\"><strong>Ka\u017ed\u00fd pacient mus\u00ed m\u00edt \u017e\u00e1danku na RTG vy\u0161et\u0159en\u00ed.<\/strong><\/p><p data-start=\"223\" data-end=\"297\">L\u00e9ka\u0159 n\u00e1m na \u017e\u00e1danku nap\u00ed\u0161e, co pot\u0159ebuje osn\u00edmkovat a pro\u010d, tak\u00e9 vypln\u00ed va\u0161e inici\u00e1ly.<\/p><p data-start=\"685\" data-end=\"792\">S \u017e\u00e1dankou pot\u00e9 p\u0159ijdete bez objedn\u00e1n\u00ed k na\u0161emu p\u0159\u00edjmov\u00e9mu ok\u00e9nku, kter\u00e9 je po lev\u00e9 stran\u011b na konci chodby.<\/p><p data-start=\"794\" data-end=\"1252\">U na\u0161eho ok\u00e9nka sed\u00ed hodn\u00e9, mlad\u00e9 sest\u0159i\u010dky, kter\u00e9 va\u0161e \u00fadaje ze \u017e\u00e1danky zap\u00ed\u0161\u00ed do po\u010d\u00edta\u010de a po\u0161lou na sn\u00edmkovnu.<br data-start=\"917\" data-end=\"920\" \/>Po\u017e\u00e1daj\u00ed v\u00e1s, abyste si odlo\u017eili \u0161perky a posadili se p\u0159ed kabinky RTG, kter\u00e9 jsou hned vlevo od objedn\u00e1vac\u00edho ok\u00e9nka a jsou ozna\u010deny na dve\u0159\u00edch cedulemi.<br data-start=\"1074\" data-end=\"1077\" \/>\u0160perky se mus\u00ed p\u0159ed RTG vy\u0161et\u0159en\u00edm odlo\u017eit, proto\u017ee jsou na obr\u00e1zc\u00edch vid\u011bt a nen\u00ed mo\u017en\u00e9 potom spr\u00e1vn\u011b vyhodnotit va\u0161e vy\u0161et\u0159en\u00ed, proto\u017ee \u0161perky mohou n\u011bco d\u016fle\u017eit\u00e9ho p\u0159ekr\u00fdt.<\/p><p data-start=\"1254\" data-end=\"1700\">Po\u0159ad\u00ed, podle kter\u00e9ho v\u00e1s RTG asistent vol\u00e1 do kabinky, nen\u00ed podle toho, jak jste byli p\u0159ijati u ok\u00e9nka, ale podle druhu vy\u0161et\u0159en\u00ed, na kter\u00e9 jste p\u0159i\u0161li.<br data-start=\"1407\" data-end=\"1410\" \/>P\u0159\u00edstroj je na ka\u017ed\u00e9ho pacienta nutn\u00e9 nastavit jinak a ka\u017ed\u00fd pacient m\u00e1 jin\u00fd po\u010det sn\u00edmk\u016f \u2013 n\u011bkdo jeden, n\u011bkdo deset \u2013 a proto o po\u0159ad\u00ed pacient\u016f rozhoduje pln\u011b RTG asistent, aby v\u00e1s mohl co nejd\u0159\u00edve a nejl\u00e9pe vy\u0161et\u0159it a zkr\u00e1tit t\u00edm va\u0161e \u010dek\u00e1n\u00ed.<br data-start=\"1654\" data-end=\"1657\" \/>\u017d\u00e1d\u00e1me v\u00e1s proto o trp\u011blivost a spolupr\u00e1ci.<\/p><p data-start=\"1702\" data-end=\"2113\">Asistent v\u00e1s p\u0159i vstupu do kabinky po\u017e\u00e1d\u00e1 o odlo\u017een\u00ed svr\u0161k\u016f podle druhu va\u0161eho vy\u0161et\u0159en\u00ed.<br data-start=\"1791\" data-end=\"1794\" \/>Pros\u00edme o spolupr\u00e1ci \u2013 asistent v\u00ed, co je pot\u0159eba si odlo\u017eit, aby obr\u00e1zek vypadal tak, jak by m\u011bl, a nic kvalit\u011b sn\u00edmk\u016f nevadilo.<br data-start=\"1923\" data-end=\"1926\" \/>Proto se nedivte, kdy\u017e jdete na RTG bedern\u00ed p\u00e1te\u0159e, \u017ee je u \u017een nutnost odlo\u017eit i podprsenku. Je to z d\u016fvodu kostic a kovov\u00fdch h\u00e1\u010dk\u016f na zap\u00edn\u00e1n\u00ed, kter\u00e9 jsou v\u011bt\u0161inou p\u0159\u00edmo v t\u00e9to oblasti.<\/p><p data-start=\"2115\" data-end=\"2174\">D\u00e1le prob\u00edh\u00e1 RTG vy\u0161et\u0159en\u00ed podle standard\u016f na\u0161eho odd\u011blen\u00ed.<\/p><p data-start=\"2176\" data-end=\"2423\">Po skon\u010den\u00ed vy\u0161et\u0159en\u00ed v\u00e1m asistent sd\u011bl\u00ed, kdy a kde budete m\u00edt v\u00fdsledek sv\u00e9ho vy\u0161et\u0159en\u00ed.<br data-start=\"2342\" data-end=\"2345\" \/><strong>Akutn\u00ed vy\u0161et\u0159en\u00ed, kter\u00e9 si \u017e\u00e1d\u00e1 okam\u017eit\u00fd popis RTG l\u00e9ka\u0159e, se u n\u00e1s neprov\u00e1d\u00ed.<\/strong><\/p><p data-start=\"2425\" data-end=\"2480\">T\u00edmto pro v\u00e1s RTG vy\u0161et\u0159en\u00ed kon\u010d\u00ed a m\u016f\u017eete odej\u00edt dom\u016f.<\/p><p data-start=\"2482\" data-end=\"2588\">Na\u0161i RTG l\u00e9ka\u0159i sn\u00edmky prohl\u00ed\u017eej\u00ed ka\u017ed\u00fd ve\u010der, a tak je v\u00fdsledek k dispozici v\u017edy nejd\u0159\u00edve druh\u00fd den r\u00e1no.<\/p><p data-start=\"2590\" data-end=\"2642\">Sn\u00edmky i v\u00fdsledky jsou uchov\u00e1v\u00e1ny na na\u0161em odd\u011blen\u00ed.<\/p><p data-start=\"2644\" data-end=\"2912\">Sn\u00edmky je mo\u017eno si nechat vyp\u00e1lit na CD za poplatek 150 K\u010d hned po proveden\u00ed vy\u0161et\u0159en\u00ed.<br data-start=\"2731\" data-end=\"2734\" \/>Sn\u00edmek plic pro pot\u0159eby zam\u011bstnavatele: EU \u2013 290 K\u010d, mimo EU \u2013 400 K\u010d, hned po proveden\u00ed vy\u0161et\u0159en\u00ed.<br data-start=\"2833\" data-end=\"2836\" \/>M\u016f\u017eeme je i na po\u017e\u00e1d\u00e1n\u00ed poslat p\u0159es ePACS do jin\u00fdch zdravotnick\u00fdch za\u0159\u00edzen\u00ed.<\/p><p data-start=\"2914\" data-end=\"3004\">V\u00fdsledek vy\u0161et\u0159en\u00ed je nejd\u0159\u00edve druh\u00fd den r\u00e1no a je ho mo\u017eno na vy\u017e\u00e1d\u00e1n\u00ed zdarma vytisknout.<\/p><p data-start=\"3006\" data-end=\"3050\"><strong data-start=\"3006\" data-end=\"3050\">Kolektiv RTG odd\u011blen\u00ed Polikliniky Kladno<\/strong><\/p>\t\t\t\t\t\t\t\t<\/div>\n\t\t\t\t<\/div>\n\t\t\t\t\t<\/div>\n\t\t<\/div>\n\t\t\t\t\t<\/div>\n\t\t<\/section>\n\t\t\t\t\t<\/div>\n\t\t<\/div>\n\t\t\t\t\t<\/div>\n\t\t<\/section>\n\t\t\t\t<section class=\"elementor-section elementor-top-section elementor-element elementor-element-4f227c36 elementor-section-boxed elementor-section-height-default elementor-section-height-default\" data-id=\"4f227c36\" data-element_type=\"section\">\n\t\t\t\t\t\t<div class=\"elementor-container elementor-column-gap-default\">\n\t\t\t\t\t<div class=\"elementor-column elementor-col-100 elementor-top-column elementor-element elementor-element-2de97a19\" data-id=\"2de97a19\" data-element_type=\"column\">\n\t\t\t<div class=\"elementor-widget-wrap elementor-element-populated\">\n\t\t\t\t\t\t<div class=\"elementor-element elementor-element-5006c2f3 elementor-widget elementor-widget-google_maps\" data-id=\"5006c2f3\" data-element_type=\"widget\" data-widget_type=\"google_maps.default\">\n\t\t\t\t<div class=\"elementor-widget-container\">\n\t\t\t\t\t\t\t<div class=\"elementor-custom-embed\">\n\t\t\t<iframe loading=\"lazy\"\n\t\t\t\t\tsrc=\"https:\/\/maps.google.com\/maps?q=I.%20v%C5%A1eobecna%20poliklinika%20kladno&#038;t=m&#038;z=15&#038;output=embed&#038;iwloc=near\"\n\t\t\t\t\ttitle=\"I. v\u0161eobecna poliklinika kladno\"\n\t\t\t\t\taria-label=\"I. v\u0161eobecna poliklinika kladno\"\n\t\t\t><\/iframe>\n\t\t<\/div>\n\t\t\t\t\t\t<\/div>\n\t\t\t\t<\/div>\n\t\t\t\t\t<\/div>\n\t\t<\/div>\n\t\t\t\t\t<\/div>\n\t\t<\/section>\n\t\t\t\t<\/div>\n\t\t","protected":false},"excerpt":{"rendered":"<p>RTG odd\u011blen\u00ed Kde n\u00e1s najdete I. V\u0161eobecn\u00e1 poliklinika KladnoK Nemocnici 2814272 01 Kladno 1. patro Kontakt 770 314 850 rtg@poliklinikakladno.cz Ordina\u010dn\u00ed hodiny [&hellip;]<\/p>\n","protected":false},"author":1,"featured_media":0,"parent":134,"menu_order":28,"comment_status":"closed","ping_status":"closed","template":"elementor_header_footer","meta":{"footnotes":""},"class_list":["post-456","page","type-page","status-publish","hentry"],"_links":{"self":[{"href":"https:\/\/poliklinikacz.cz\/zdravotnicka-zarizeni\/wp-json\/wp\/v2\/pages\/456","targetHints":{"allow":["GET"]}}],"collection":[{"href":"https:\/\/poliklinikacz.cz\/zdravotnicka-zarizeni\/wp-json\/wp\/v2\/pages"}],"about":[{"href":"https:\/\/poliklinikacz.cz\/zdravotnicka-zarizeni\/wp-json\/wp\/v2\/types\/page"}],"author":[{"embeddable":true,"href":"https:\/\/poliklinikacz.cz\/zdravotnicka-zarizeni\/wp-json\/wp\/v2\/users\/1"}],"replies":[{"embeddable":true,"href":"https:\/\/poliklinikacz.cz\/zdravotnicka-zarizeni\/wp-json\/wp\/v2\/comments?post=456"}],"version-history":[{"count":232,"href":"https:\/\/poliklinikacz.cz\/zdravotnicka-zarizeni\/wp-json\/wp\/v2\/pages\/456\/revisions"}],"predecessor-version":[{"id":14100,"href":"https:\/\/poliklinikacz.cz\/zdravotnicka-zarizeni\/wp-json\/wp\/v2\/pages\/456\/revisions\/14100"}],"up":[{"embeddable":true,"href":"https:\/\/poliklinikacz.cz\/zdravotnicka-zarizeni\/wp-json\/wp\/v2\/pages\/134"}],"wp:attachment":[{"href":"https:\/\/poliklinikacz.cz\/zdravotnicka-zarizeni\/wp-json\/wp\/v2\/media?parent=456"}],"curies":[{"name":"wp","href":"https:\/\/api.w.org\/{rel}","templated":true}]}}