{"id":5503,"date":"2023-01-09T16:05:26","date_gmt":"2023-01-09T15:05:26","guid":{"rendered":"https:\/\/poliklinikacz.cz\/zdravotnicka-zarizeni\/?page_id=5503"},"modified":"2025-05-27T13:03:11","modified_gmt":"2025-05-27T11:03:11","slug":"poliklinika-hostivice","status":"publish","type":"page","link":"https:\/\/poliklinikacz.cz\/zdravotnicka-zarizeni\/poliklinika-hostivice\/","title":{"rendered":"Poliklinika Hostivice"},"content":{"rendered":"\t\t<div data-elementor-type=\"wp-page\" data-elementor-id=\"5503\" class=\"elementor elementor-5503\" data-elementor-post-type=\"page\">\n\t\t\t\t\t\t<section class=\"elementor-section elementor-top-section elementor-element elementor-element-66fcf54a elementor-section-boxed elementor-section-height-default elementor-section-height-default\" data-id=\"66fcf54a\" data-element_type=\"section\">\n\t\t\t\t\t\t<div class=\"elementor-container elementor-column-gap-default\">\n\t\t\t\t\t<div class=\"elementor-column elementor-col-66 elementor-top-column elementor-element elementor-element-13434a90\" data-id=\"13434a90\" data-element_type=\"column\">\n\t\t\t<div class=\"elementor-widget-wrap elementor-element-populated\">\n\t\t\t\t\t\t<div class=\"elementor-element elementor-element-1a5ece25 elementor-widget elementor-widget-heading\" data-id=\"1a5ece25\" data-element_type=\"widget\" data-widget_type=\"heading.default\">\n\t\t\t\t<div class=\"elementor-widget-container\">\n\t\t\t\t\t<h3 class=\"elementor-heading-title elementor-size-default\">Poliklinika Hostivice<\/h3>\t\t\t\t<\/div>\n\t\t\t\t<\/div>\n\t\t\t\t<div class=\"elementor-element elementor-element-5b1667bb elementor-widget-divider--view-line elementor-widget elementor-widget-divider\" data-id=\"5b1667bb\" data-element_type=\"widget\" data-widget_type=\"divider.default\">\n\t\t\t\t<div class=\"elementor-widget-container\">\n\t\t\t\t\t\t\t<div class=\"elementor-divider\">\n\t\t\t<span class=\"elementor-divider-separator\">\n\t\t\t\t\t\t<\/span>\n\t\t<\/div>\n\t\t\t\t\t\t<\/div>\n\t\t\t\t<\/div>\n\t\t\t\t<div class=\"elementor-element elementor-element-71b1eae0 elementor-widget elementor-widget-heading\" data-id=\"71b1eae0\" data-element_type=\"widget\" data-widget_type=\"heading.default\">\n\t\t\t\t<div class=\"elementor-widget-container\">\n\t\t\t\t\t<h3 class=\"elementor-heading-title elementor-size-default\">Kde n\u00e1s najdete<\/h3>\t\t\t\t<\/div>\n\t\t\t\t<\/div>\n\t\t\t\t<section class=\"elementor-section elementor-inner-section elementor-element elementor-element-2d69cd91 elementor-section-boxed elementor-section-height-default elementor-section-height-default\" data-id=\"2d69cd91\" data-element_type=\"section\">\n\t\t\t\t\t\t<div class=\"elementor-container elementor-column-gap-default\">\n\t\t\t\t\t<div class=\"elementor-column elementor-col-100 elementor-inner-column elementor-element elementor-element-794297c4\" data-id=\"794297c4\" data-element_type=\"column\">\n\t\t\t<div class=\"elementor-widget-wrap elementor-element-populated\">\n\t\t\t\t\t\t<div class=\"elementor-element elementor-element-6af4ba90 elementor-view-default elementor-widget elementor-widget-icon\" data-id=\"6af4ba90\" data-element_type=\"widget\" data-widget_type=\"icon.default\">\n\t\t\t\t<div class=\"elementor-widget-container\">\n\t\t\t\t\t\t\t<div class=\"elementor-icon-wrapper\">\n\t\t\t<div class=\"elementor-icon\">\n\t\t\t<i aria-hidden=\"true\" class=\"fas fa-home\"><\/i>\t\t\t<\/div>\n\t\t<\/div>\n\t\t\t\t\t\t<\/div>\n\t\t\t\t<\/div>\n\t\t\t\t<div class=\"elementor-element elementor-element-6a46ff6e elementor-widget elementor-widget-text-editor\" data-id=\"6a46ff6e\" data-element_type=\"widget\" data-widget_type=\"text-editor.default\">\n\t\t\t\t<div class=\"elementor-widget-container\">\n\t\t\t\t\t\t\t\t\t<p>Poliklinika Hostivice<br \/>Prost\u0159edn\u00ed 791\u00a0<br \/>253 01 Hostivice<\/p>\t\t\t\t\t\t\t\t<\/div>\n\t\t\t\t<\/div>\n\t\t\t\t<div class=\"elementor-element elementor-element-50b5c2f elementor-widget elementor-widget-heading\" data-id=\"50b5c2f\" data-element_type=\"widget\" data-widget_type=\"heading.default\">\n\t\t\t\t<div class=\"elementor-widget-container\">\n\t\t\t\t\t<h6 class=\"elementor-heading-title elementor-size-default\">Kontakt:<\/h6>\t\t\t\t<\/div>\n\t\t\t\t<\/div>\n\t\t\t\t<div class=\"elementor-element elementor-element-7f0faf6 elementor-align-center elementor-icon-list--layout-traditional elementor-list-item-link-full_width elementor-widget elementor-widget-icon-list\" data-id=\"7f0faf6\" data-element_type=\"widget\" data-widget_type=\"icon-list.default\">\n\t\t\t\t<div class=\"elementor-widget-container\">\n\t\t\t\t\t\t\t<ul class=\"elementor-icon-list-items\">\n\t\t\t\t\t\t\t<li class=\"elementor-icon-list-item\">\n\t\t\t\t\t\t\t\t\t\t\t<span class=\"elementor-icon-list-icon\">\n\t\t\t\t\t\t\t<i aria-hidden=\"true\" class=\"far fa-address-card\"><\/i>\t\t\t\t\t\t<\/span>\n\t\t\t\t\t\t\t\t\t\t<span class=\"elementor-icon-list-text\">Patrik Tom\u0161\u016f<\/span>\n\t\t\t\t\t\t\t\t\t<\/li>\n\t\t\t\t\t\t\t\t<li class=\"elementor-icon-list-item\">\n\t\t\t\t\t\t\t\t\t\t\t<a href=\"http:\/\/tomsu@poliklinikapraha.cz\">\n\n\t\t\t\t\t\t\t\t\t\t\t\t<span class=\"elementor-icon-list-icon\">\n\t\t\t\t\t\t\t<i aria-hidden=\"true\" class=\"fas fa-envelope\"><\/i>\t\t\t\t\t\t<\/span>\n\t\t\t\t\t\t\t\t\t\t<span class=\"elementor-icon-list-text\">tomsu@poliklinikapraha.cz<\/span>\n\t\t\t\t\t\t\t\t\t\t\t<\/a>\n\t\t\t\t\t\t\t\t\t<\/li>\n\t\t\t\t\t\t<\/ul>\n\t\t\t\t\t\t<\/div>\n\t\t\t\t<\/div>\n\t\t\t\t\t<\/div>\n\t\t<\/div>\n\t\t\t\t\t<\/div>\n\t\t<\/section>\n\t\t\t\t<div class=\"elementor-element elementor-element-72a041ad elementor-widget elementor-widget-google_maps\" data-id=\"72a041ad\" data-element_type=\"widget\" data-widget_type=\"google_maps.default\">\n\t\t\t\t<div class=\"elementor-widget-container\">\n\t\t\t\t\t\t\t<div class=\"elementor-custom-embed\">\n\t\t\t<iframe loading=\"lazy\"\n\t\t\t\t\tsrc=\"https:\/\/maps.google.com\/maps?q=Prost%C5%99edn%C3%AD%20791%2C%20253%2001%20Hostivice&#038;t=m&#038;z=15&#038;output=embed&#038;iwloc=near\"\n\t\t\t\t\ttitle=\"Prost\u0159edn\u00ed 791, 253 01 Hostivice\"\n\t\t\t\t\taria-label=\"Prost\u0159edn\u00ed 791, 253 01 Hostivice\"\n\t\t\t><\/iframe>\n\t\t<\/div>\n\t\t\t\t\t\t<\/div>\n\t\t\t\t<\/div>\n\t\t\t\t\t<\/div>\n\t\t<\/div>\n\t\t\t\t<div class=\"elementor-column elementor-col-33 elementor-top-column elementor-element elementor-element-68c432e5 top_list\" data-id=\"68c432e5\" data-element_type=\"column\">\n\t\t\t<div class=\"elementor-widget-wrap elementor-element-populated\">\n\t\t\t\t\t\t<div class=\"elementor-element elementor-element-5b906e7c elementor-widget elementor-widget-html\" data-id=\"5b906e7c\" data-element_type=\"widget\" data-widget_type=\"html.default\">\n\t\t\t\t<div class=\"elementor-widget-container\">\n\t\t\t\t\t<ul>\r\n    <a href=\"masaz-hostivice\">\r\n \t    <li>Energetick\u00e9 mas\u00e1\u017ee a homeopatick\u00e1 poradna Ing. Kosov\u00e1\r\n \t    <\/li>\r\n     \t<a href=\"\/gynekologicko-porodnicka-ambulance-hostivice\">\r\n \t    <li>Gynekologicko-porodnick\u00e1 ambulance\r\n \t    <\/li>\r\n \t<\/a>\r\n \t \t<a href=\"\/lekarna-dr-max-hostivice\">\r\n \t    <li>L\u00e9k\u00e1rna Dr.Max\r\n \t    <\/li>\r\n \t<\/a>\r\n \t\r\n \t<\/a>\r\n \t<a href=\"\/prakticky-lekar-pro-dospele-hostivice\">\r\n \t    <li>Praktick\u00fd l\u00e9ka\u0159\r\n \t    <\/li>\r\n \t<\/a>\r\n<\/ul>\t\t\t\t<\/div>\n\t\t\t\t<\/div>\n\t\t\t\t<div class=\"elementor-element elementor-element-0e94535 elementor-widget elementor-widget-image\" data-id=\"0e94535\" data-element_type=\"widget\" data-widget_type=\"image.default\">\n\t\t\t\t<div class=\"elementor-widget-container\">\n\t\t\t\t\t\t\t\t\t\t\t\t\t\t\t<img fetchpriority=\"high\" decoding=\"async\" width=\"1024\" height=\"575\" src=\"https:\/\/poliklinikacz.cz\/wp-content\/uploads\/2025\/03\/Hostivice-prostredi-1536x863-1-1024x575.jpg\" class=\"attachment-large size-large wp-image-10689\" alt=\"\" srcset=\"https:\/\/poliklinikacz.cz\/wp-content\/uploads\/2025\/03\/Hostivice-prostredi-1536x863-1-1024x575.jpg 1024w, https:\/\/poliklinikacz.cz\/wp-content\/uploads\/2025\/03\/Hostivice-prostredi-1536x863-1-300x169.jpg 300w, https:\/\/poliklinikacz.cz\/wp-content\/uploads\/2025\/03\/Hostivice-prostredi-1536x863-1-768x432.jpg 768w, https:\/\/poliklinikacz.cz\/wp-content\/uploads\/2025\/03\/Hostivice-prostredi-1536x863-1-920x517.jpg 920w, https:\/\/poliklinikacz.cz\/wp-content\/uploads\/2025\/03\/Hostivice-prostredi-1536x863-1-230x129.jpg 230w, https:\/\/poliklinikacz.cz\/wp-content\/uploads\/2025\/03\/Hostivice-prostredi-1536x863-1-350x197.jpg 350w, https:\/\/poliklinikacz.cz\/wp-content\/uploads\/2025\/03\/Hostivice-prostredi-1536x863-1-480x270.jpg 480w, https:\/\/poliklinikacz.cz\/wp-content\/uploads\/2025\/03\/Hostivice-prostredi-1536x863-1.jpg 1536w\" sizes=\"(max-width: 1024px) 100vw, 1024px\" \/>\t\t\t\t\t\t\t\t\t\t\t\t\t\t\t<\/div>\n\t\t\t\t<\/div>\n\t\t\t\t\t<\/div>\n\t\t<\/div>\n\t\t\t\t\t<\/div>\n\t\t<\/section>\n\t\t\t\t<section class=\"elementor-section elementor-top-section elementor-element elementor-element-930e99d elementor-section-boxed elementor-section-height-default elementor-section-height-default\" data-id=\"930e99d\" data-element_type=\"section\">\n\t\t\t\t\t\t<div class=\"elementor-container elementor-column-gap-default\">\n\t\t\t\t\t<div class=\"elementor-column elementor-col-100 elementor-top-column elementor-element elementor-element-833a1c3\" data-id=\"833a1c3\" data-element_type=\"column\">\n\t\t\t<div class=\"elementor-widget-wrap\">\n\t\t\t\t\t\t\t<\/div>\n\t\t<\/div>\n\t\t\t\t\t<\/div>\n\t\t<\/section>\n\t\t\t\t<\/div>\n\t\t","protected":false},"excerpt":{"rendered":"<p>Poliklinika Hostivice Kde n\u00e1s najdete Poliklinika HostiviceProst\u0159edn\u00ed 791\u00a0253 01 Hostivice Kontakt: Patrik Tom\u0161\u016f tomsu@poliklinikapraha.cz Energetick\u00e9 mas\u00e1\u017ee a homeopatick\u00e1 poradna Ing. Kosov\u00e1 Gynekologicko-porodnick\u00e1 [&hellip;]<\/p>\n","protected":false},"author":3,"featured_media":0,"parent":0,"menu_order":0,"comment_status":"closed","ping_status":"closed","template":"elementor_header_footer","meta":{"footnotes":""},"class_list":["post-5503","page","type-page","status-publish","hentry"],"_links":{"self":[{"href":"https:\/\/poliklinikacz.cz\/zdravotnicka-zarizeni\/wp-json\/wp\/v2\/pages\/5503","targetHints":{"allow":["GET"]}}],"collection":[{"href":"https:\/\/poliklinikacz.cz\/zdravotnicka-zarizeni\/wp-json\/wp\/v2\/pages"}],"about":[{"href":"https:\/\/poliklinikacz.cz\/zdravotnicka-zarizeni\/wp-json\/wp\/v2\/types\/page"}],"author":[{"embeddable":true,"href":"https:\/\/poliklinikacz.cz\/zdravotnicka-zarizeni\/wp-json\/wp\/v2\/users\/3"}],"replies":[{"embeddable":true,"href":"https:\/\/poliklinikacz.cz\/zdravotnicka-zarizeni\/wp-json\/wp\/v2\/comments?post=5503"}],"version-history":[{"count":34,"href":"https:\/\/poliklinikacz.cz\/zdravotnicka-zarizeni\/wp-json\/wp\/v2\/pages\/5503\/revisions"}],"predecessor-version":[{"id":11688,"href":"https:\/\/poliklinikacz.cz\/zdravotnicka-zarizeni\/wp-json\/wp\/v2\/pages\/5503\/revisions\/11688"}],"wp:attachment":[{"href":"https:\/\/poliklinikacz.cz\/zdravotnicka-zarizeni\/wp-json\/wp\/v2\/media?parent=5503"}],"curies":[{"name":"wp","href":"https:\/\/api.w.org\/{rel}","templated":true}]}}