{"id":6629,"date":"2023-09-04T16:44:48","date_gmt":"2023-09-04T14:44:48","guid":{"rendered":"https:\/\/poliklinikacz.cz\/zdravotnicka-zarizeni\/?page_id=6629"},"modified":"2025-05-20T14:33:14","modified_gmt":"2025-05-20T12:33:14","slug":"dental-ka-dentalni-hygiena","status":"publish","type":"page","link":"https:\/\/poliklinikacz.cz\/zdravotnicka-zarizeni\/poliklinika-chomutovicka\/dental-ka-dentalni-hygiena\/","title":{"rendered":"Dental-Ka &#8211; dent\u00e1ln\u00ed hygiena"},"content":{"rendered":"\t\t<div data-elementor-type=\"wp-page\" data-elementor-id=\"6629\" class=\"elementor elementor-6629\" data-elementor-post-type=\"page\">\n\t\t\t\t\t\t<section class=\"elementor-section elementor-top-section elementor-element elementor-element-49cea81 elementor-section-stretched elementor-section-boxed elementor-section-height-default elementor-section-height-default\" data-id=\"49cea81\" data-element_type=\"section\" data-settings=\"{&quot;stretch_section&quot;:&quot;section-stretched&quot;}\">\n\t\t\t\t\t\t<div class=\"elementor-container elementor-column-gap-default\">\n\t\t\t\t\t<div class=\"elementor-column elementor-col-100 elementor-top-column elementor-element elementor-element-f72590d\" data-id=\"f72590d\" data-element_type=\"column\">\n\t\t\t<div class=\"elementor-widget-wrap elementor-element-populated\">\n\t\t\t\t\t\t<div class=\"elementor-element elementor-element-13eb975 elementor-widget elementor-widget-heading\" data-id=\"13eb975\" data-element_type=\"widget\" data-widget_type=\"heading.default\">\n\t\t\t\t<div class=\"elementor-widget-container\">\n\t\t\t\t\t<h3 class=\"elementor-heading-title elementor-size-default\">Dent\u00e1ln\u00ed hygiena Dental-Ka\n<br>Karol\u00edna Lhot\u00e1kov\u00e1, Dis.<\/h3>\t\t\t\t<\/div>\n\t\t\t\t<\/div>\n\t\t\t\t<section class=\"elementor-section elementor-inner-section elementor-element elementor-element-160f0be elementor-section-boxed elementor-section-height-default elementor-section-height-default\" data-id=\"160f0be\" data-element_type=\"section\">\n\t\t\t\t\t\t<div class=\"elementor-container elementor-column-gap-default\">\n\t\t\t\t\t<div class=\"elementor-column elementor-col-33 elementor-inner-column elementor-element elementor-element-fa16e3f\" data-id=\"fa16e3f\" data-element_type=\"column\">\n\t\t\t<div class=\"elementor-widget-wrap elementor-element-populated\">\n\t\t\t\t\t\t<div class=\"elementor-element elementor-element-1d4a8be elementor-widget elementor-widget-heading\" data-id=\"1d4a8be\" data-element_type=\"widget\" data-widget_type=\"heading.default\">\n\t\t\t\t<div class=\"elementor-widget-container\">\n\t\t\t\t\t<h3 class=\"elementor-heading-title elementor-size-default\">Kde n\u00e1s najdete<\/h3>\t\t\t\t<\/div>\n\t\t\t\t<\/div>\n\t\t\t\t<div class=\"elementor-element elementor-element-3e5d4fb elementor-view-default elementor-widget elementor-widget-icon\" data-id=\"3e5d4fb\" data-element_type=\"widget\" data-widget_type=\"icon.default\">\n\t\t\t\t<div class=\"elementor-widget-container\">\n\t\t\t\t\t\t\t<div class=\"elementor-icon-wrapper\">\n\t\t\t<div class=\"elementor-icon\">\n\t\t\t<i aria-hidden=\"true\" class=\"fas fa-home\"><\/i>\t\t\t<\/div>\n\t\t<\/div>\n\t\t\t\t\t\t<\/div>\n\t\t\t\t<\/div>\n\t\t\t\t<div class=\"elementor-element elementor-element-4f36c8d elementor-widget elementor-widget-text-editor\" data-id=\"4f36c8d\" data-element_type=\"widget\" data-widget_type=\"text-editor.default\">\n\t\t\t\t<div class=\"elementor-widget-container\">\n\t\t\t\t\t\t\t\t\t<p>Poliklinika Chomutovick\u00e1<br \/>Chomutovick\u00e1 1444\/2<br \/>149 00 Praha 11<\/p><p>Dent\u00e1ln\u00ed hygiena je um\u00edst\u011bna v Poliklinice Chomutovick\u00e1 <span style=\"font-weight: 600;\">v p\u0159\u00edzem\u00ed u hlavn\u00edho vstupu.<\/span><\/p>\t\t\t\t\t\t\t\t<\/div>\n\t\t\t\t<\/div>\n\t\t\t\t<div class=\"elementor-element elementor-element-15dc1cc elementor-widget elementor-widget-heading\" data-id=\"15dc1cc\" data-element_type=\"widget\" data-widget_type=\"heading.default\">\n\t\t\t\t<div class=\"elementor-widget-container\">\n\t\t\t\t\t<h3 class=\"elementor-heading-title elementor-size-default\">Kontakt<\/h3>\t\t\t\t<\/div>\n\t\t\t\t<\/div>\n\t\t\t\t<div class=\"elementor-element elementor-element-06e55cb elementor-align-center elementor-icon-list--layout-traditional elementor-list-item-link-full_width elementor-widget elementor-widget-icon-list\" data-id=\"06e55cb\" data-element_type=\"widget\" data-widget_type=\"icon-list.default\">\n\t\t\t\t<div class=\"elementor-widget-container\">\n\t\t\t\t\t\t\t<ul class=\"elementor-icon-list-items\">\n\t\t\t\t\t\t\t<li class=\"elementor-icon-list-item\">\n\t\t\t\t\t\t\t\t\t\t\t<span class=\"elementor-icon-list-icon\">\n\t\t\t\t\t\t\t<i aria-hidden=\"true\" class=\"fas fa-phone-alt\"><\/i>\t\t\t\t\t\t<\/span>\n\t\t\t\t\t\t\t\t\t\t<span class=\"elementor-icon-list-text\">731 567 616<\/span>\n\t\t\t\t\t\t\t\t\t<\/li>\n\t\t\t\t\t\t\t\t<li class=\"elementor-icon-list-item\">\n\t\t\t\t\t\t\t\t\t\t\t<a href=\"mailto:info@dental-ka.cz\">\n\n\t\t\t\t\t\t\t\t\t\t\t\t<span class=\"elementor-icon-list-icon\">\n\t\t\t\t\t\t\t<i aria-hidden=\"true\" class=\"fas fa-envelope\"><\/i>\t\t\t\t\t\t<\/span>\n\t\t\t\t\t\t\t\t\t\t<span class=\"elementor-icon-list-text\">info@dental-ka.cz<\/span>\n\t\t\t\t\t\t\t\t\t\t\t<\/a>\n\t\t\t\t\t\t\t\t\t<\/li>\n\t\t\t\t\t\t\t\t<li class=\"elementor-icon-list-item\">\n\t\t\t\t\t\t\t\t\t\t\t<a href=\"https:\/\/www.dental-ka.cz\/#contact\">\n\n\t\t\t\t\t\t\t\t\t\t\t\t<span class=\"elementor-icon-list-icon\">\n\t\t\t\t\t\t\t<i aria-hidden=\"true\" class=\"fas fa-globe\"><\/i>\t\t\t\t\t\t<\/span>\n\t\t\t\t\t\t\t\t\t\t<span class=\"elementor-icon-list-text\">www.dental-ka.cz<\/span>\n\t\t\t\t\t\t\t\t\t\t\t<\/a>\n\t\t\t\t\t\t\t\t\t<\/li>\n\t\t\t\t\t\t<\/ul>\n\t\t\t\t\t\t<\/div>\n\t\t\t\t<\/div>\n\t\t\t\t\t<\/div>\n\t\t<\/div>\n\t\t\t\t<div class=\"elementor-column elementor-col-66 elementor-inner-column elementor-element elementor-element-cd39dfb\" data-id=\"cd39dfb\" data-element_type=\"column\">\n\t\t\t<div class=\"elementor-widget-wrap elementor-element-populated\">\n\t\t\t\t\t\t<div class=\"elementor-element elementor-element-bc4858e elementor-widget elementor-widget-heading\" data-id=\"bc4858e\" data-element_type=\"widget\" data-widget_type=\"heading.default\">\n\t\t\t\t<div class=\"elementor-widget-container\">\n\t\t\t\t\t<h3 class=\"elementor-heading-title elementor-size-default\">Ordina\u010dn\u00ed hodiny<\/h3>\t\t\t\t<\/div>\n\t\t\t\t<\/div>\n\t\t\t\t<div class=\"elementor-element elementor-element-b2762d8 elementor-widget elementor-widget-ucaddon_opening_hours_list\" data-id=\"b2762d8\" data-element_type=\"widget\" data-widget_type=\"ucaddon_opening_hours_list.default\">\n\t\t\t\t<div class=\"elementor-widget-container\">\n\t\t\t\t\t\n<!-- start Opening Hours List -->\n\t\t<link id='font-awesome-css' href='https:\/\/poliklinikacz.cz\/wp-content\/plugins\/unlimited-elements-for-elementor\/assets_libraries\/font-awesome6\/fontawesome-all.min.css' type='text\/css' rel='stylesheet' >\n\t\t<link id='font-awesome-4-shim-css' href='https:\/\/poliklinikacz.cz\/wp-content\/plugins\/unlimited-elements-for-elementor\/assets_libraries\/font-awesome6\/fontawesome-v4-shims.min.css' type='text\/css' rel='stylesheet' >\n\t\t<link id='uc_ac_assets_file_simple_opening_hours_css_826-css' href='https:\/\/poliklinikacz.cz\/wp-content\/uploads\/ac_assets\/simple_opening_hours\/simple_opening_hours.css' type='text\/css' rel='stylesheet' >\n\n<style>\/* widget: Opening Hours List *\/\n\n#uc_opening_hours_list_elementor_b2762d8{\n\tbackground:#FFF;\n\tpadding:16px 30px;\n\t}\n\n<\/style>\n\n<div class=\"uc_simple_opening_hours\" id=\"uc_opening_hours_list_elementor_b2762d8\">\n       <ul class=\"uc_opening-hours\">\n            <li><i class=\"far fa-clock\" style=\"color:#00C3FF;\"><\/i>Pond\u011bl\u00ed<span class=\"bbb\">zav\u0159eno<\/span><\/li>\n<li><i class=\"far fa-clock\" style=\"color:#00C3FF;\"><\/i>\u00dater\u00fd<span class=\"bbb\">dle dohody<\/span><\/li>\n<li><i class=\"far fa-clock\" style=\"color:#00C3FF;\"><\/i>St\u0159eda<span class=\"bbb\">7:00 - 13:00<\/span><\/li>\n<li><i class=\"far fa-clock\" style=\"color:#00C3FF;\"><\/i>\u010ctvrtek<span class=\"bbb\">dle dohody<\/span><\/li>\n<li><i class=\"far fa-clock\" style=\"color:#00C3FF;\"><\/i>P\u00e1tek<span class=\"bbb\">7:00 - 13:00<\/span><\/li>\n\n        <\/ul>\n    <\/div>\n<!-- end Opening Hours List -->\t\t\t\t<\/div>\n\t\t\t\t<\/div>\n\t\t\t\t<div class=\"elementor-element elementor-element-8c0bbe4 elementor-widget elementor-widget-text-editor\" data-id=\"8c0bbe4\" data-element_type=\"widget\" data-widget_type=\"text-editor.default\">\n\t\t\t\t<div class=\"elementor-widget-container\">\n\t\t\t\t\t\t\t\t\t<p>Dentaln\u00ed hygiena a komplexn\u00ed parodontologick\u00e1 l\u00e9\u010dba, dent\u00e1ln\u00ed hygiena pro pacienty s rovn\u00e1tky, d\u011btsk\u00e1 dent\u00e1ln\u00ed hygiena, b\u011blen\u00ed zub\u016f Purewhitening.\u00a0<\/p>\t\t\t\t\t\t\t\t<\/div>\n\t\t\t\t<\/div>\n\t\t\t\t\t<\/div>\n\t\t<\/div>\n\t\t\t\t\t<\/div>\n\t\t<\/section>\n\t\t\t\t\t<\/div>\n\t\t<\/div>\n\t\t\t\t\t<\/div>\n\t\t<\/section>\n\t\t\t\t<section class=\"elementor-section elementor-top-section elementor-element elementor-element-5c0f36c elementor-section-boxed elementor-section-height-default elementor-section-height-default\" data-id=\"5c0f36c\" data-element_type=\"section\">\n\t\t\t\t\t\t<div class=\"elementor-container elementor-column-gap-default\">\n\t\t\t\t\t<div class=\"elementor-column elementor-col-100 elementor-top-column elementor-element elementor-element-7e0a7e3\" data-id=\"7e0a7e3\" data-element_type=\"column\">\n\t\t\t<div class=\"elementor-widget-wrap elementor-element-populated\">\n\t\t\t\t\t\t<div class=\"elementor-element elementor-element-33f062e elementor-widget elementor-widget-google_maps\" data-id=\"33f062e\" data-element_type=\"widget\" data-widget_type=\"google_maps.default\">\n\t\t\t\t<div class=\"elementor-widget-container\">\n\t\t\t\t\t\t\t<div class=\"elementor-custom-embed\">\n\t\t\t<iframe loading=\"lazy\"\n\t\t\t\t\tsrc=\"https:\/\/maps.google.com\/maps?q=chomutovick%C3%A1%201444%2F2&#038;t=m&#038;z=15&#038;output=embed&#038;iwloc=near\"\n\t\t\t\t\ttitle=\"chomutovick\u00e1 1444\/2\"\n\t\t\t\t\taria-label=\"chomutovick\u00e1 1444\/2\"\n\t\t\t><\/iframe>\n\t\t<\/div>\n\t\t\t\t\t\t<\/div>\n\t\t\t\t<\/div>\n\t\t\t\t\t<\/div>\n\t\t<\/div>\n\t\t\t\t\t<\/div>\n\t\t<\/section>\n\t\t\t\t<\/div>\n\t\t","protected":false},"excerpt":{"rendered":"<p>Dent\u00e1ln\u00ed hygiena Dental-Ka Karol\u00edna Lhot\u00e1kov\u00e1, Dis. Kde n\u00e1s najdete Poliklinika Chomutovick\u00e1Chomutovick\u00e1 1444\/2149 00 Praha 11 Dent\u00e1ln\u00ed hygiena je um\u00edst\u011bna v Poliklinice Chomutovick\u00e1 [&hellip;]<\/p>\n","protected":false},"author":3,"featured_media":0,"parent":133,"menu_order":0,"comment_status":"closed","ping_status":"closed","template":"elementor_header_footer","meta":{"footnotes":""},"class_list":["post-6629","page","type-page","status-publish","hentry"],"_links":{"self":[{"href":"https:\/\/poliklinikacz.cz\/zdravotnicka-zarizeni\/wp-json\/wp\/v2\/pages\/6629","targetHints":{"allow":["GET"]}}],"collection":[{"href":"https:\/\/poliklinikacz.cz\/zdravotnicka-zarizeni\/wp-json\/wp\/v2\/pages"}],"about":[{"href":"https:\/\/poliklinikacz.cz\/zdravotnicka-zarizeni\/wp-json\/wp\/v2\/types\/page"}],"author":[{"embeddable":true,"href":"https:\/\/poliklinikacz.cz\/zdravotnicka-zarizeni\/wp-json\/wp\/v2\/users\/3"}],"replies":[{"embeddable":true,"href":"https:\/\/poliklinikacz.cz\/zdravotnicka-zarizeni\/wp-json\/wp\/v2\/comments?post=6629"}],"version-history":[{"count":28,"href":"https:\/\/poliklinikacz.cz\/zdravotnicka-zarizeni\/wp-json\/wp\/v2\/pages\/6629\/revisions"}],"predecessor-version":[{"id":11541,"href":"https:\/\/poliklinikacz.cz\/zdravotnicka-zarizeni\/wp-json\/wp\/v2\/pages\/6629\/revisions\/11541"}],"up":[{"embeddable":true,"href":"https:\/\/poliklinikacz.cz\/zdravotnicka-zarizeni\/wp-json\/wp\/v2\/pages\/133"}],"wp:attachment":[{"href":"https:\/\/poliklinikacz.cz\/zdravotnicka-zarizeni\/wp-json\/wp\/v2\/media?parent=6629"}],"curies":[{"name":"wp","href":"https:\/\/api.w.org\/{rel}","templated":true}]}}