{"id":784,"date":"2021-04-03T18:31:27","date_gmt":"2021-04-03T18:31:27","guid":{"rendered":"http:\/\/poliklinikacz.cz\/?page_id=784"},"modified":"2026-01-20T10:08:37","modified_gmt":"2026-01-20T09:08:37","slug":"gynekologicko-porodnicka-ambulance-hostivice","status":"publish","type":"page","link":"https:\/\/poliklinikacz.cz\/zdravotnicka-zarizeni\/gynekologicko-porodnicka-ambulance-hostivice\/","title":{"rendered":"Gynekologicko-porodnick\u00e1 ambulance-Hostivice"},"content":{"rendered":"\t\t<div data-elementor-type=\"wp-page\" data-elementor-id=\"784\" class=\"elementor elementor-784\" data-elementor-post-type=\"page\">\n\t\t\t\t\t\t<section class=\"elementor-section elementor-top-section elementor-element elementor-element-1915aa7e elementor-section-stretched elementor-section-boxed elementor-section-height-default elementor-section-height-default\" data-id=\"1915aa7e\" data-element_type=\"section\" data-settings=\"{&quot;stretch_section&quot;:&quot;section-stretched&quot;}\">\n\t\t\t\t\t\t<div class=\"elementor-container elementor-column-gap-default\">\n\t\t\t\t\t<div class=\"elementor-column elementor-col-100 elementor-top-column elementor-element elementor-element-77435cb1\" data-id=\"77435cb1\" data-element_type=\"column\">\n\t\t\t<div class=\"elementor-widget-wrap elementor-element-populated\">\n\t\t\t\t\t\t<div class=\"elementor-element elementor-element-22c242ec elementor-widget elementor-widget-heading\" data-id=\"22c242ec\" data-element_type=\"widget\" data-widget_type=\"heading.default\">\n\t\t\t\t<div class=\"elementor-widget-container\">\n\t\t\t\t\t<h2 class=\"elementor-heading-title elementor-size-default\">Gynekologicko - porodnick\u00e1 ambulance<br>GynHost s. r. o. <\/h2>\t\t\t\t<\/div>\n\t\t\t\t<\/div>\n\t\t\t\t<section class=\"elementor-section elementor-inner-section elementor-element elementor-element-147ff97b elementor-section-boxed elementor-section-height-default elementor-section-height-default\" data-id=\"147ff97b\" data-element_type=\"section\">\n\t\t\t\t\t\t<div class=\"elementor-container elementor-column-gap-default\">\n\t\t\t\t\t<div class=\"elementor-column elementor-col-33 elementor-inner-column elementor-element elementor-element-468a1c01\" data-id=\"468a1c01\" data-element_type=\"column\">\n\t\t\t<div class=\"elementor-widget-wrap elementor-element-populated\">\n\t\t\t\t\t\t<div class=\"elementor-element elementor-element-5f273a8 elementor-widget elementor-widget-heading\" data-id=\"5f273a8\" data-element_type=\"widget\" data-widget_type=\"heading.default\">\n\t\t\t\t<div class=\"elementor-widget-container\">\n\t\t\t\t\t<h3 class=\"elementor-heading-title elementor-size-default\">Kde n\u00e1s najdete<\/h3>\t\t\t\t<\/div>\n\t\t\t\t<\/div>\n\t\t\t\t<div class=\"elementor-element elementor-element-7ed61428 elementor-view-default elementor-widget elementor-widget-icon\" data-id=\"7ed61428\" data-element_type=\"widget\" data-widget_type=\"icon.default\">\n\t\t\t\t<div class=\"elementor-widget-container\">\n\t\t\t\t\t\t\t<div class=\"elementor-icon-wrapper\">\n\t\t\t<div class=\"elementor-icon\">\n\t\t\t<i aria-hidden=\"true\" class=\"fas fa-home\"><\/i>\t\t\t<\/div>\n\t\t<\/div>\n\t\t\t\t\t\t<\/div>\n\t\t\t\t<\/div>\n\t\t\t\t<div class=\"elementor-element elementor-element-34f3bbb3 elementor-widget elementor-widget-text-editor\" data-id=\"34f3bbb3\" data-element_type=\"widget\" data-widget_type=\"text-editor.default\">\n\t\t\t\t<div class=\"elementor-widget-container\">\n\t\t\t\t\t\t\t\t\t<p>Prost\u0159edn\u00ed 791<br \/>253 01 Hostivice<\/p>\t\t\t\t\t\t\t\t<\/div>\n\t\t\t\t<\/div>\n\t\t\t\t<div class=\"elementor-element elementor-element-72f4ddeb elementor-widget elementor-widget-heading\" data-id=\"72f4ddeb\" data-element_type=\"widget\" data-widget_type=\"heading.default\">\n\t\t\t\t<div class=\"elementor-widget-container\">\n\t\t\t\t\t<h3 class=\"elementor-heading-title elementor-size-default\">Kontakt<\/h3>\t\t\t\t<\/div>\n\t\t\t\t<\/div>\n\t\t\t\t<div class=\"elementor-element elementor-element-73b5e734 elementor-align-center elementor-icon-list--layout-traditional elementor-list-item-link-full_width elementor-widget elementor-widget-icon-list\" data-id=\"73b5e734\" data-element_type=\"widget\" data-widget_type=\"icon-list.default\">\n\t\t\t\t<div class=\"elementor-widget-container\">\n\t\t\t\t\t\t\t<ul class=\"elementor-icon-list-items\">\n\t\t\t\t\t\t\t<li class=\"elementor-icon-list-item\">\n\t\t\t\t\t\t\t\t\t\t\t<span class=\"elementor-icon-list-icon\">\n\t\t\t\t\t\t\t<i aria-hidden=\"true\" class=\"fas fa-phone-alt\"><\/i>\t\t\t\t\t\t<\/span>\n\t\t\t\t\t\t\t\t\t\t<span class=\"elementor-icon-list-text\">+420 220 980 132<\/span>\n\t\t\t\t\t\t\t\t\t<\/li>\n\t\t\t\t\t\t\t\t<li class=\"elementor-icon-list-item\">\n\t\t\t\t\t\t\t\t\t\t\t<span class=\"elementor-icon-list-icon\">\n\t\t\t\t\t\t\t<i aria-hidden=\"true\" class=\"fas fa-phone-alt\"><\/i>\t\t\t\t\t\t<\/span>\n\t\t\t\t\t\t\t\t\t\t<span class=\"elementor-icon-list-text\">+420 778 444 308<\/span>\n\t\t\t\t\t\t\t\t\t<\/li>\n\t\t\t\t\t\t\t\t<li class=\"elementor-icon-list-item\">\n\t\t\t\t\t\t\t\t\t\t\t<span class=\"elementor-icon-list-icon\">\n\t\t\t\t\t\t\t<i aria-hidden=\"true\" class=\"fas fa-envelope\"><\/i>\t\t\t\t\t\t<\/span>\n\t\t\t\t\t\t\t\t\t\t<span class=\"elementor-icon-list-text\">gynekologie.hostivice@seznam.cz<\/span>\n\t\t\t\t\t\t\t\t\t<\/li>\n\t\t\t\t\t\t\t\t<li class=\"elementor-icon-list-item\">\n\t\t\t\t\t\t\t\t\t\t\t<a href=\"https:\/\/www.gynhost.cz\/\">\n\n\t\t\t\t\t\t\t\t\t\t\t\t<span class=\"elementor-icon-list-icon\">\n\t\t\t\t\t\t\t<i aria-hidden=\"true\" class=\"fas fa-mouse-pointer\"><\/i>\t\t\t\t\t\t<\/span>\n\t\t\t\t\t\t\t\t\t\t<span class=\"elementor-icon-list-text\">www.gynhost.cz<\/span>\n\t\t\t\t\t\t\t\t\t\t\t<\/a>\n\t\t\t\t\t\t\t\t\t<\/li>\n\t\t\t\t\t\t<\/ul>\n\t\t\t\t\t\t<\/div>\n\t\t\t\t<\/div>\n\t\t\t\t\t<\/div>\n\t\t<\/div>\n\t\t\t\t<div class=\"elementor-column elementor-col-66 elementor-inner-column elementor-element elementor-element-5cbba3ea\" data-id=\"5cbba3ea\" data-element_type=\"column\">\n\t\t\t<div class=\"elementor-widget-wrap elementor-element-populated\">\n\t\t\t\t\t\t<div class=\"elementor-element elementor-element-287832cc elementor-widget elementor-widget-heading\" data-id=\"287832cc\" data-element_type=\"widget\" data-widget_type=\"heading.default\">\n\t\t\t\t<div class=\"elementor-widget-container\">\n\t\t\t\t\t<h3 class=\"elementor-heading-title elementor-size-default\">L\u00e9ka\u0159ka<\/h3>\t\t\t\t<\/div>\n\t\t\t\t<\/div>\n\t\t\t\t<div class=\"elementor-element elementor-element-2872bd8b elementor-align-center elementor-icon-list--layout-traditional elementor-list-item-link-full_width elementor-widget elementor-widget-icon-list\" data-id=\"2872bd8b\" data-element_type=\"widget\" data-widget_type=\"icon-list.default\">\n\t\t\t\t<div class=\"elementor-widget-container\">\n\t\t\t\t\t\t\t<ul class=\"elementor-icon-list-items\">\n\t\t\t\t\t\t\t<li class=\"elementor-icon-list-item\">\n\t\t\t\t\t\t\t\t\t\t\t<span class=\"elementor-icon-list-icon\">\n\t\t\t\t\t\t\t<i aria-hidden=\"true\" class=\"far fa-id-card\"><\/i>\t\t\t\t\t\t<\/span>\n\t\t\t\t\t\t\t\t\t\t<span class=\"elementor-icon-list-text\">MUDr. Danica Ol\u0161ovsk\u00e1<\/span>\n\t\t\t\t\t\t\t\t\t<\/li>\n\t\t\t\t\t\t<\/ul>\n\t\t\t\t\t\t<\/div>\n\t\t\t\t<\/div>\n\t\t\t\t<div class=\"elementor-element elementor-element-50a5351f elementor-widget elementor-widget-heading\" data-id=\"50a5351f\" data-element_type=\"widget\" data-widget_type=\"heading.default\">\n\t\t\t\t<div class=\"elementor-widget-container\">\n\t\t\t\t\t<h3 class=\"elementor-heading-title elementor-size-default\">Ordina\u010dn\u00ed hodiny<\/h3>\t\t\t\t<\/div>\n\t\t\t\t<\/div>\n\t\t\t\t<div class=\"elementor-element elementor-element-152d2720 elementor-widget elementor-widget-ucaddon_opening_hours_list\" data-id=\"152d2720\" data-element_type=\"widget\" data-widget_type=\"ucaddon_opening_hours_list.default\">\n\t\t\t\t<div class=\"elementor-widget-container\">\n\t\t\t\t\t\n<!-- start Opening Hours List -->\n\t\t<link id='font-awesome-css' href='https:\/\/poliklinikacz.cz\/wp-content\/plugins\/unlimited-elements-for-elementor\/assets_libraries\/font-awesome6\/fontawesome-all.min.css' type='text\/css' rel='stylesheet' >\n\t\t<link id='font-awesome-4-shim-css' href='https:\/\/poliklinikacz.cz\/wp-content\/plugins\/unlimited-elements-for-elementor\/assets_libraries\/font-awesome6\/fontawesome-v4-shims.min.css' type='text\/css' rel='stylesheet' >\n\t\t<link id='uc_ac_assets_file_simple_opening_hours_css_826-css' href='https:\/\/poliklinikacz.cz\/wp-content\/uploads\/ac_assets\/simple_opening_hours\/simple_opening_hours.css' type='text\/css' rel='stylesheet' >\n\n<style>\/* widget: Opening Hours List *\/\n\n#uc_opening_hours_list_elementor_152d2720{\n\tbackground:#FFF;\n\tpadding:16px 30px;\n\t}\n\n<\/style>\n\n<div class=\"uc_simple_opening_hours\" id=\"uc_opening_hours_list_elementor_152d2720\">\n       <ul class=\"uc_opening-hours\">\n            <li><i class=\"far fa-clock\" style=\"color:#00C3FF;\"><\/i>Pond\u011bl\u00ed<span class=\"bbb\">8:00 - 16:00<\/span><\/li>\n<li><i class=\"far fa-clock\" style=\"color:#00C3FF;\"><\/i>\u00dater\u00fd<span class=\"bbb\">8:00 - 16:00<\/span><\/li>\n<li><i class=\"far fa-clock\" style=\"color:#00C3FF;\"><\/i>St\u0159eda<span class=\"bbb\">8:00 - 13:00<\/span><\/li>\n<li><i class=\"far fa-clock\" style=\"color:#00C3FF;\"><\/i>\u010ctvrtek<span class=\"bbb\">8:00 - 16:00<\/span><\/li>\n<li><i class=\"far fa-clock\" style=\"color:#00C3FF;\"><\/i>P\u00e1tek<span class=\"bbb\">8:00 - 14:00 - Administrativa<\/span><\/li>\n\n        <\/ul>\n    <\/div>\n<!-- end Opening Hours List -->\t\t\t\t<\/div>\n\t\t\t\t<\/div>\n\t\t\t\t<div class=\"elementor-element elementor-element-8595004 elementor-widget elementor-widget-text-editor\" data-id=\"8595004\" data-element_type=\"widget\" data-widget_type=\"text-editor.default\">\n\t\t\t\t<div class=\"elementor-widget-container\">\n\t\t\t\t\t\t\t\t\t<p><strong><span style=\"color: #000000;\">Gynekologie a\u00a0porodnictv\u00ed:<\/span><\/strong><\/p><ul><li><span style=\"color: #000000;\">Preventivn\u00ed prohl\u00eddky<\/span><\/li><li><span style=\"color: #000000;\">Diagnostika a\u00a0l\u00e9\u010den\u00ed gynekologick\u00fdch pot\u00ed\u017e\u00ed, jejich dispenzarizace (sledov\u00e1n\u00ed)<\/span><\/li><li><span style=\"color: #000000;\">Z\u00e1kladn\u00ed diagnostika a\u00a0l\u00e9\u010dba sterility, spolupr\u00e1ce s centrem prov\u00e1d\u011bj\u00edc\u00edm IVF\u00a0<\/span><\/li><li><span style=\"color: #000000;\">Antikoncepce<\/span><\/li><li><span style=\"color: #000000;\">Klimakterium<\/span><\/li><li><span style=\"color: #000000;\">Mo\u010dov\u00e1 inkontinence<\/span><\/li><li><span style=\"color: #000000;\">Zav\u00e1d\u011bn\u00ed antikoncep\u010dn\u00edch t\u011bl\u00edsek<\/span><\/li><li><span style=\"color: #000000;\">T\u011bhotensk\u00e1 poradna<\/span><\/li><li><span style=\"color: #000000;\">Ultrazvuk a mo\u017enost UZV foto<\/span><\/li><li><span style=\"color: #000000;\">T\u011bhotensk\u00fd screening v\u010detn\u011b prvotrimestr\u00e1ln\u00edho<\/span><\/li><\/ul><p>\u00a0<\/p><p><strong><span style=\"color: #000000;\"><span style=\"font-family: Arial, serif;\">Na\u0161e ordinace m\u00e1 uzav\u0159eny smlouvy s t\u011bmito zdravotn\u00edmi\u00a0poji\u0161\u0165ovnami:<\/span><\/span><\/strong><\/p><ul><li><p><span style=\"color: #000000;\"><span style=\"font-family: Arial, serif;\">V\u0161eobecn\u00e1 zdravotn\u00ed poji\u0161\u0165ovna (VZP 111)<\/span><\/span><\/p><\/li><li><p><span style=\"color: #000000;\"><span style=\"font-family: Arial, serif;\">Vojensk\u00e1 zdravotn\u00ed poji\u0161\u0165ovna (VoZP 201)<\/span><\/span><\/p><\/li><li><p><span style=\"color: #000000;\"><span style=\"font-family: Arial, serif;\">\u010cesk\u00e1 pr\u016fmyslov\u00e1 zdravotn\u00ed poji\u0161\u0165ovna (\u010cPZP 205)<\/span><\/span><\/p><\/li><li><p><span style=\"color: #000000;\"><span style=\"font-family: Arial, serif;\">Oborov\u00e1 zdravotn\u00ed poji\u0161\u0165ovna (OZP 207)<\/span><\/span><\/p><\/li><li><p><span style=\"color: #000000;\"><span style=\"font-family: Arial, serif;\">Zdravotn\u00ed poji\u0161\u0165ovna Ministersta vnitra \u010cR (ZP MV \u010cR 211 ).\u00a0<\/span><\/span><\/p><\/li><\/ul><div>\u00a0<\/div>\t\t\t\t\t\t\t\t<\/div>\n\t\t\t\t<\/div>\n\t\t\t\t\t<\/div>\n\t\t<\/div>\n\t\t\t\t\t<\/div>\n\t\t<\/section>\n\t\t\t\t\t<\/div>\n\t\t<\/div>\n\t\t\t\t\t<\/div>\n\t\t<\/section>\n\t\t\t\t<section class=\"elementor-section elementor-top-section elementor-element elementor-element-3e4037c9 elementor-section-boxed elementor-section-height-default elementor-section-height-default\" data-id=\"3e4037c9\" data-element_type=\"section\">\n\t\t\t\t\t\t<div class=\"elementor-container elementor-column-gap-default\">\n\t\t\t\t\t<div class=\"elementor-column elementor-col-100 elementor-top-column elementor-element elementor-element-606ffeaa\" data-id=\"606ffeaa\" data-element_type=\"column\">\n\t\t\t<div class=\"elementor-widget-wrap elementor-element-populated\">\n\t\t\t\t\t\t<div class=\"elementor-element elementor-element-3ef8a074 elementor-widget elementor-widget-google_maps\" data-id=\"3ef8a074\" data-element_type=\"widget\" data-widget_type=\"google_maps.default\">\n\t\t\t\t<div class=\"elementor-widget-container\">\n\t\t\t\t\t\t\t<div class=\"elementor-custom-embed\">\n\t\t\t<iframe loading=\"lazy\"\n\t\t\t\t\tsrc=\"https:\/\/maps.google.com\/maps?q=Prost%C5%99edn%C3%AD%20791%2C%20253%2001%20Hostivice&#038;t=m&#038;z=15&#038;output=embed&#038;iwloc=near\"\n\t\t\t\t\ttitle=\"Prost\u0159edn\u00ed 791, 253 01 Hostivice\"\n\t\t\t\t\taria-label=\"Prost\u0159edn\u00ed 791, 253 01 Hostivice\"\n\t\t\t><\/iframe>\n\t\t<\/div>\n\t\t\t\t\t\t<\/div>\n\t\t\t\t<\/div>\n\t\t\t\t\t<\/div>\n\t\t<\/div>\n\t\t\t\t\t<\/div>\n\t\t<\/section>\n\t\t\t\t<\/div>\n\t\t","protected":false},"excerpt":{"rendered":"<p>Gynekologicko &#8211; porodnick\u00e1 ambulanceGynHost s. r. o. Kde n\u00e1s najdete Prost\u0159edn\u00ed 791253 01 Hostivice Kontakt +420 220 980 132 +420 778 444 [&hellip;]<\/p>\n","protected":false},"author":1,"featured_media":0,"parent":0,"menu_order":0,"comment_status":"closed","ping_status":"closed","template":"elementor_header_footer","meta":{"footnotes":""},"class_list":["post-784","page","type-page","status-publish","hentry"],"_links":{"self":[{"href":"https:\/\/poliklinikacz.cz\/zdravotnicka-zarizeni\/wp-json\/wp\/v2\/pages\/784","targetHints":{"allow":["GET"]}}],"collection":[{"href":"https:\/\/poliklinikacz.cz\/zdravotnicka-zarizeni\/wp-json\/wp\/v2\/pages"}],"about":[{"href":"https:\/\/poliklinikacz.cz\/zdravotnicka-zarizeni\/wp-json\/wp\/v2\/types\/page"}],"author":[{"embeddable":true,"href":"https:\/\/poliklinikacz.cz\/zdravotnicka-zarizeni\/wp-json\/wp\/v2\/users\/1"}],"replies":[{"embeddable":true,"href":"https:\/\/poliklinikacz.cz\/zdravotnicka-zarizeni\/wp-json\/wp\/v2\/comments?post=784"}],"version-history":[{"count":28,"href":"https:\/\/poliklinikacz.cz\/zdravotnicka-zarizeni\/wp-json\/wp\/v2\/pages\/784\/revisions"}],"predecessor-version":[{"id":13959,"href":"https:\/\/poliklinikacz.cz\/zdravotnicka-zarizeni\/wp-json\/wp\/v2\/pages\/784\/revisions\/13959"}],"wp:attachment":[{"href":"https:\/\/poliklinikacz.cz\/zdravotnicka-zarizeni\/wp-json\/wp\/v2\/media?parent=784"}],"curies":[{"name":"wp","href":"https:\/\/api.w.org\/{rel}","templated":true}]}}